{"id":5439,"date":"2025-03-23T06:50:18","date_gmt":"2025-03-23T06:50:18","guid":{"rendered":"https:\/\/montgolfieres-du-mont-blanc.fr\/news-tips-for-your-hot-air-balloon-flight-in-haute-savoie-and-in-the-annecy-region\/"},"modified":"2025-12-18T15:28:59","modified_gmt":"2025-12-18T15:28:59","slug":"blog","status":"publish","type":"page","link":"https:\/\/montgolfieres-du-mont-blanc.fr\/en\/blog\/","title":{"rendered":"News &#038; tips for your hot-air balloon flight in Haute-Savoie and in the Annecy region"},"content":{"rendered":"\n<h2 class=\"wp-block-heading\">The Montgolfi\u00e8res du Mont-Blanc hot-air balloon flights blog<\/h2>\n\n<p>On this page, you\u2019ll find all the latest news from Montgolfi\u00e8res du Mont-Blanc, as well as in-depth articles to help you prepare, offer or experience a hot-air balloon flight in Haute-Savoie and in the Annecy region.<\/p>\n\n<p>To get you off to a good start, discover our thematic dossiers:<\/p>\n\n<ul class=\"wp-block-list\">\n<li><strong>Offer a hot-air balloon flight<\/strong> &#8211; How to choose the right flight, the right budget and who to offer it to : <a href=\"https:\/\/montgolfieres-du-mont-blanc.fr\/en\/offer-a-hot-air-balloon-flight\/\">offer a hot-air balloon flight<\/a><\/li>\n\n\n\n<li><strong>Discover Haute-Savoie from a new perspective<\/strong> \u2013 The most beautiful panoramas, flying regions and ideas for getaways around Flight: <a href=\"https:\/\/montgolfieres-du-mont-blanc.fr\/decouvrez-la-suisse-dune-nouvelle-perspective\/\">discover Annecy and Haute-Savoie from the sky<\/a><\/li>\n\n\n\n<li><strong>Preparing for your Flight<\/strong> &#8211; Dress code, weather, flight schedule, accessibility and frequently asked questions: <a href=\"https:\/\/montgolfieres-du-mont-blanc.fr\/en\/preparing-for-a-hot-air-balloon-flight\/\">preparing for a hot-air balloon flight<\/a><\/li>\n<\/ul>\n\n<p>You can also consult our pages dedicated to the <a href=\"https:\/\/montgolfieres-du-mont-blanc.fr\/en\/our-flight-regions\/\">different Flight regions<\/a>, as well as our <a href=\"https:\/\/montgolfieres-du-mont-blanc.fr\/en\/frequently-asked-questions\/\">frequently asked questions<\/a>.<\/p>\n\n<h2 class=\"wp-block-heading\">Our latest tips and gift ideas<\/h2>\n<div class=\"wp-block-coblocks-posts is-style-stacked\"><div class=\"wp-block-coblocks-posts__inner has-columns has-3-columns has-responsive-columns has-circle-image has-large-gutter\" style=\" style=\"--coblocks-custom-gutter:0em\"\"><div class=\"wp-block-coblocks-posts__item\"><div class=\"wp-block-coblocks-posts__image\"><a href=\"https:\/\/montgolfieres-du-mont-blanc.fr\/en\/in-the-basket-with-our-passionate-balloon-pilots\/\" class=\"bg-cover bg-center-center\" style=\"background-image:url(https:\/\/montgolfieres-du-mont-blanc.fr\/wp-content\/uploads\/2025\/12\/Article04_B.jpg)\"><\/a><\/div><div class=\"wp-block-coblocks-posts__content\"><a href=\"https:\/\/montgolfieres-du-mont-blanc.fr\/en\/in-the-basket-with-our-passionate-balloon-pilots\/\" alt=\"In the basket with our passionate balloon pilots\">In the basket with our passionate balloon pilots<\/a><div class=\"wp-block-coblocks-posts__excerpt\">For several years now, I&#039;ve been involved in the ballooning world, sharing the daily lives of pilots who are deeply passionate about their profession. For them, flying a hot-air balloon is not just a job, it&#039;s a way of life. Flying &hellip; <\/div><\/div><\/div><div class=\"wp-block-coblocks-posts__item\"><div class=\"wp-block-coblocks-posts__image\"><a href=\"https:\/\/montgolfieres-du-mont-blanc.fr\/en\/discover-haute-savoie-and-the-annecy-region-from-a-new-perspective\/\" class=\"bg-cover bg-center-center\" style=\"background-image:url(https:\/\/montgolfieres-du-mont-blanc.fr\/wp-content\/uploads\/2025\/11\/2J8A3761-scaled-1.jpeg)\"><\/a><\/div><div class=\"wp-block-coblocks-posts__content\"><a href=\"https:\/\/montgolfieres-du-mont-blanc.fr\/en\/discover-haute-savoie-and-the-annecy-region-from-a-new-perspective\/\" alt=\"Discover Haute-Savoie and the Annecy region from a new perspective\">Discover Haute-Savoie and the Annecy region from a new perspective<\/a><div class=\"wp-block-coblocks-posts__excerpt\">An experience unlike anything else Think you&#039;ve already seen everything there is to see in Haute-Savoie? Snow-capped Alpine peaks, deep blue lakes, verdant valleys&#8230; Yet there&#039;s a way to rediscover these familiar landscapes from a totally new angle. From the sky, &hellip; <\/div><\/div><\/div><div class=\"wp-block-coblocks-posts__item\"><div class=\"wp-block-coblocks-posts__image\"><a href=\"https:\/\/montgolfieres-du-mont-blanc.fr\/en\/the-perfect-gift-to-surprise-and-delight\/\" class=\"bg-cover bg-center-center\" style=\"background-image:url(https:\/\/montgolfieres-du-mont-blanc.fr\/wp-content\/uploads\/2025\/11\/IMG_4456-scaled-1.jpg)\"><\/a><\/div><div class=\"wp-block-coblocks-posts__content\"><a href=\"https:\/\/montgolfieres-du-mont-blanc.fr\/en\/the-perfect-gift-to-surprise-and-delight\/\" alt=\"The perfect gift to surprise and delight\">The perfect gift to surprise and delight<\/a><div class=\"wp-block-coblocks-posts__excerpt\">Looking for a romantic, heartfelt and deeply memorable gift? Material objects are ephemeral, but a hot-air balloon Flight remains an unforgettable memory. To give this romantic gift is to offer a suspended moment, a sharing of emotions and a unique experience, &hellip; <\/div><\/div><\/div><div class=\"wp-block-coblocks-posts__item\"><div class=\"wp-block-coblocks-posts__image\"><a href=\"https:\/\/montgolfieres-du-mont-blanc.fr\/en\/preparing-for-a-hot-air-balloon-flight\/\" class=\"bg-cover bg-center-center\" style=\"background-image:url(https:\/\/montgolfieres-du-mont-blanc.fr\/wp-content\/uploads\/2024\/01\/entreprise-2-1.jpg)\"><\/a><\/div><div class=\"wp-block-coblocks-posts__content\"><a href=\"https:\/\/montgolfieres-du-mont-blanc.fr\/en\/preparing-for-a-hot-air-balloon-flight\/\" alt=\"Preparing for a hot-air balloon flight\">Preparing for a hot-air balloon flight<\/a><div class=\"wp-block-coblocks-posts__excerpt\">How to prepare for a hot-air balloon Flight A hot-air balloon flight is an experience you remember for the rest of your life. The balloon is carried along by the wind, and we choose where to take off, but never exactly &hellip; <\/div><\/div><\/div><div class=\"wp-block-coblocks-posts__item\"><div class=\"wp-block-coblocks-posts__image\"><a href=\"https:\/\/montgolfieres-du-mont-blanc.fr\/en\/hot-air-ballooning-in-the-most-beautiful-panoramas-of-haute-savoie-and-the-annecy-region\/\" class=\"bg-cover bg-center-center\" style=\"background-image:url(https:\/\/montgolfieres-du-mont-blanc.fr\/wp-content\/uploads\/2025\/12\/Article04_C-scaled-1.jpg)\"><\/a><\/div><div class=\"wp-block-coblocks-posts__content\"><a href=\"https:\/\/montgolfieres-du-mont-blanc.fr\/en\/hot-air-ballooning-in-the-most-beautiful-panoramas-of-haute-savoie-and-the-annecy-region\/\" alt=\"Hot-air ballooning in the most beautiful panoramas of Haute-Savoie and the Annecy region\">Hot-air ballooning in the most beautiful panoramas of Haute-Savoie and the Annecy region<\/a><div class=\"wp-block-coblocks-posts__excerpt\">Haute-Savoie and Annecy region seen from the gondola One flight, a thousand views. That&#039;s exactly what a hot-air balloon flight in Haute-Savoie feels like&#8230; With its villages nestled between lakes and hills, its fields turning from bright green to gold depending &hellip; <\/div><\/div><\/div><div class=\"wp-block-coblocks-posts__item\"><div class=\"wp-block-coblocks-posts__image\"><a href=\"https:\/\/montgolfieres-du-mont-blanc.fr\/en\/after-a-hot-air-balloon-flight-the-little-extras-that-make-all-the-difference\/\" class=\"bg-cover bg-center-center\" style=\"background-image:url(https:\/\/montgolfieres-du-mont-blanc.fr\/wp-content\/uploads\/2025\/11\/Article10_A-scaled-1.jpg)\"><\/a><\/div><div class=\"wp-block-coblocks-posts__content\"><a href=\"https:\/\/montgolfieres-du-mont-blanc.fr\/en\/after-a-hot-air-balloon-flight-the-little-extras-that-make-all-the-difference\/\" alt=\"After a hot-air balloon flight: the little extras that make all the difference\">After a hot-air balloon flight: the little extras that make all the difference<\/a><div class=\"wp-block-coblocks-posts__excerpt\">After the balloon flight: a moment of sharing and conviviality The silence of the sky, the wind carrying you along and the magic of a sunrise seen from the basket&#8230; Ballooning is an unforgettable experience. But what many people don&#039;t know &hellip; <\/div><\/div><\/div><div class=\"wp-block-coblocks-posts__item\"><div class=\"wp-block-coblocks-posts__image\"><a href=\"https:\/\/montgolfieres-du-mont-blanc.fr\/en\/the-hot-air-balloon-flight-is-over-but-the-emotion-remains\/\" class=\"bg-cover bg-center-center\" style=\"background-image:url(https:\/\/montgolfieres-du-mont-blanc.fr\/wp-content\/uploads\/2024\/10\/region-chablais-5.jpg)\"><\/a><\/div><div class=\"wp-block-coblocks-posts__content\"><a href=\"https:\/\/montgolfieres-du-mont-blanc.fr\/en\/the-hot-air-balloon-flight-is-over-but-the-emotion-remains\/\" alt=\"The hot-air balloon Flight is over, but the emotion remains\">The hot-air balloon Flight is over, but the emotion remains<\/a><div class=\"wp-block-coblocks-posts__excerpt\">Our hot-air balloon adventure over Haute-Savoie and the Annecy region I often think back to that morning, the moment we reached the take-off site. The air was fresh, soft and full of promise. I&#039;d given this hot-air balloon Flight to my &hellip; <\/div><\/div><\/div><div class=\"wp-block-coblocks-posts__item\"><div class=\"wp-block-coblocks-posts__image\"><a href=\"https:\/\/montgolfieres-du-mont-blanc.fr\/en\/offer-a-hot-air-balloon-flight\/\" class=\"bg-cover bg-center-center\" style=\"background-image:url(https:\/\/montgolfieres-du-mont-blanc.fr\/wp-content\/uploads\/2024\/02\/saint-valentin-1.png)\"><\/a><\/div><div class=\"wp-block-coblocks-posts__content\"><a href=\"https:\/\/montgolfieres-du-mont-blanc.fr\/en\/offer-a-hot-air-balloon-flight\/\" alt=\"Offer a hot-air balloon flight\">Offer a hot-air balloon flight<\/a><div class=\"wp-block-coblocks-posts__excerpt\">Why a hot-air balloon flight is an unforgettable gift Are you looking for a gift idea that&#039;s different from the usual items and that leaves a real impression? The gift of a hot-air balloon Flight is a moment suspended in time, &hellip; <\/div><\/div><\/div><div class=\"wp-block-coblocks-posts__item\"><div class=\"wp-block-coblocks-posts__image\"><a href=\"https:\/\/montgolfieres-du-mont-blanc.fr\/en\/hot-air-balloon-flight-an-original-gift-idea\/\" class=\"bg-cover bg-center-center\" style=\"background-image:url(https:\/\/montgolfieres-du-mont-blanc.fr\/wp-content\/uploads\/2024\/10\/default-slider.webp)\"><\/a><\/div><div class=\"wp-block-coblocks-posts__content\"><a href=\"https:\/\/montgolfieres-du-mont-blanc.fr\/en\/hot-air-balloon-flight-an-original-gift-idea\/\" alt=\"Hot-air balloon Flight, an original gift idea\">Hot-air balloon Flight, an original gift idea<\/a><div class=\"wp-block-coblocks-posts__excerpt\">Find a truly original gift idea It&#039;s not easy to come up with a gift idea that&#039;s original, that&#039;s a change from classic objects and that really pleases. You want to make a lasting impression, surprise someone and offer them something &hellip; <\/div><\/div><\/div><div class=\"wp-block-coblocks-posts__item\"><div class=\"wp-block-coblocks-posts__image\"><a href=\"https:\/\/montgolfieres-du-mont-blanc.fr\/en\/how-does-a-hot-air-balloon-work\/\" class=\"bg-cover bg-center-center\" style=\"background-image:url(https:\/\/montgolfieres-du-mont-blanc.fr\/wp-content\/uploads\/2024\/04\/IMG_0528-scaled-1.jpg)\"><\/a><\/div><div class=\"wp-block-coblocks-posts__content\"><a href=\"https:\/\/montgolfieres-du-mont-blanc.fr\/en\/how-does-a-hot-air-balloon-work\/\" alt=\"How does a hot-air balloon work?\">How does a hot-air balloon work?<\/a><div class=\"wp-block-coblocks-posts__excerpt\">How a hot-air balloon works: a journey to the heart of the skies Hot-air balloons fascinate young and old with their majestic ascent and smooth flight. But how exactly does a hot-air balloon work? Marie (8) and Gr\u00e9goire (9) put the &hellip; <\/div><\/div><\/div><\/div><\/div>\n<div style=\"height:48px\" aria-hidden=\"true\" class=\"wp-block-spacer\"><\/div>\n","protected":false},"excerpt":{"rendered":"<p>The Montgolfi\u00e8res du Mont-Blanc hot-air balloon flights blog On this page, you\u2019ll find all the latest news from Montgolfi\u00e8res du Mont-Blanc, as well as in-depth articles to help you prepare, offer or experience a hot-air balloon flight in Haute-Savoie and in the Annecy region. To get you off to a good start, discover our thematic [&hellip;]<\/p>\n","protected":false},"author":1,"featured_media":0,"parent":0,"menu_order":0,"comment_status":"closed","ping_status":"closed","template":"","meta":{"_acf_changed":false,"_coblocks_attr":"","_coblocks_dimensions":"","_coblocks_responsive_height":"","_coblocks_accordion_ie_support":"","inline_featured_image":false,"footnotes":""},"class_list":["post-5439","page","type-page","status-publish","hentry"],"acf":[],"yoast_head":"<!-- This site is optimized with the Yoast SEO plugin v25.8 - https:\/\/yoast.com\/wordpress\/plugins\/seo\/ -->\n<title>News, advice and gift ideas Hot air balloon flight in Haute-Savoie<\/title>\n<meta name=\"description\" content=\"Discover our articles on hot air balloon flights in Haute-Savoie: gift ideas, practical advice, panoramic views and experiences to enjoy.\" \/>\n<meta name=\"robots\" content=\"index, follow, max-snippet:-1, max-image-preview:large, max-video-preview:-1\" \/>\n<link rel=\"canonical\" href=\"https:\/\/montgolfieres-du-mont-blanc.fr\/en\/blog\/\" \/>\n<meta property=\"og:locale\" content=\"en_US\" \/>\n<meta property=\"og:type\" content=\"article\" \/>\n<meta property=\"og:title\" content=\"News, advice and gift ideas Hot air balloon flight in Haute-Savoie\" \/>\n<meta property=\"og:description\" content=\"Discover our articles on hot air balloon flights in Haute-Savoie: gift ideas, practical advice, panoramic views and experiences to enjoy.\" \/>\n<meta property=\"og:url\" content=\"https:\/\/montgolfieres-du-mont-blanc.fr\/en\/blog\/\" \/>\n<meta property=\"og:site_name\" content=\"Montgolfi\u00e8res du Mont-Blanc\" \/>\n<meta property=\"article:publisher\" content=\"https:\/\/www.facebook.com\/montgolfieresdumontblanc\/\" \/>\n<meta property=\"article:modified_time\" content=\"2025-12-18T15:28:59+00:00\" \/>\n<meta property=\"og:image\" content=\"https:\/\/montgolfieres-du-mont-blanc.fr\/wp-content\/uploads\/2024\/02\/6-scaled.jpg\" \/>\n\t<meta property=\"og:image:width\" content=\"2560\" \/>\n\t<meta property=\"og:image:height\" content=\"1920\" \/>\n\t<meta property=\"og:image:type\" content=\"image\/jpeg\" \/>\n<meta name=\"twitter:card\" content=\"summary_large_image\" \/>\n<meta name=\"twitter:label1\" content=\"Est. reading time\" \/>\n\t<meta name=\"twitter:data1\" content=\"1 minute\" \/>\n<!-- \/ Yoast SEO plugin. -->","yoast_head_json":{"title":"News, advice and gift ideas Hot air balloon flight in Haute-Savoie","description":"Discover our articles on hot air balloon flights in Haute-Savoie: gift ideas, practical advice, panoramic views and experiences to enjoy.","robots":{"index":"index","follow":"follow","max-snippet":"max-snippet:-1","max-image-preview":"max-image-preview:large","max-video-preview":"max-video-preview:-1"},"canonical":"https:\/\/montgolfieres-du-mont-blanc.fr\/en\/blog\/","og_locale":"en_US","og_type":"article","og_title":"News, advice and gift ideas Hot air balloon flight in Haute-Savoie","og_description":"Discover our articles on hot air balloon flights in Haute-Savoie: gift ideas, practical advice, panoramic views and experiences to enjoy.","og_url":"https:\/\/montgolfieres-du-mont-blanc.fr\/en\/blog\/","og_site_name":"Montgolfi\u00e8res du Mont-Blanc","article_publisher":"https:\/\/www.facebook.com\/montgolfieresdumontblanc\/","article_modified_time":"2025-12-18T15:28:59+00:00","og_image":[{"width":2560,"height":1920,"url":"https:\/\/montgolfieres-du-mont-blanc.fr\/wp-content\/uploads\/2024\/02\/6-scaled.jpg","type":"image\/jpeg"}],"twitter_card":"summary_large_image","twitter_misc":{"Est. reading time":"1 minute"},"schema":{"@context":"https:\/\/schema.org","@graph":[{"@type":["WebPage","CollectionPage"],"@id":"https:\/\/montgolfieres-du-mont-blanc.fr\/en\/blog\/","url":"https:\/\/montgolfieres-du-mont-blanc.fr\/en\/blog\/","name":"News, advice and gift ideas Hot air balloon flight in Haute-Savoie","isPartOf":{"@id":"https:\/\/montgolfieres-du-mont-blanc.fr\/#website"},"datePublished":"2025-03-23T06:50:18+00:00","dateModified":"2025-12-18T15:28:59+00:00","description":"Discover our articles on hot air balloon flights in Haute-Savoie: gift ideas, practical advice, panoramic views and experiences to enjoy.","breadcrumb":{"@id":"https:\/\/montgolfieres-du-mont-blanc.fr\/en\/blog\/#breadcrumb"},"inLanguage":"en-US"},{"@type":"BreadcrumbList","@id":"https:\/\/montgolfieres-du-mont-blanc.fr\/en\/blog\/#breadcrumb","itemListElement":[{"@type":"ListItem","position":1,"name":"Accueil","item":"https:\/\/montgolfieres-du-mont-blanc.fr\/en\/"},{"@type":"ListItem","position":2,"name":"Blog"}]},{"@type":"WebSite","@id":"https:\/\/montgolfieres-du-mont-blanc.fr\/#website","url":"https:\/\/montgolfieres-du-mont-blanc.fr\/","name":"Montgolfi\u00e8res du Mont-Blanc","description":"Vol en montgolfi\u00e8re au d\u00e9part de la Haute Savoie, Annecy, Jura, Chablais","publisher":{"@id":"https:\/\/montgolfieres-du-mont-blanc.fr\/#organization"},"potentialAction":[{"@type":"SearchAction","target":{"@type":"EntryPoint","urlTemplate":"https:\/\/montgolfieres-du-mont-blanc.fr\/?s={search_term_string}"},"query-input":{"@type":"PropertyValueSpecification","valueRequired":true,"valueName":"search_term_string"}}],"inLanguage":"en-US"},{"@type":"Organization","@id":"https:\/\/montgolfieres-du-mont-blanc.fr\/#organization","name":"Montgolfi\u00e8res du Mont-Blanc","url":"https:\/\/montgolfieres-du-mont-blanc.fr\/","logo":{"@type":"ImageObject","inLanguage":"en-US","@id":"https:\/\/montgolfieres-du-mont-blanc.fr\/#\/schema\/logo\/image\/","url":"https:\/\/montgolfieres-du-mont-blanc.fr\/wp-content\/uploads\/2024\/02\/logo-bdl.svg","contentUrl":"https:\/\/montgolfieres-du-mont-blanc.fr\/wp-content\/uploads\/2024\/02\/logo-bdl.svg","width":76,"height":101,"caption":"Montgolfi\u00e8res du Mont-Blanc"},"image":{"@id":"https:\/\/montgolfieres-du-mont-blanc.fr\/#\/schema\/logo\/image\/"},"sameAs":["https:\/\/www.facebook.com\/montgolfieresdumontblanc\/","https:\/\/www.instagram.com\/montgolfieresdumontblanc"]}]}},"_links":{"self":[{"href":"https:\/\/montgolfieres-du-mont-blanc.fr\/en\/wp-json\/wp\/v2\/pages\/5439","targetHints":{"allow":["GET"]}}],"collection":[{"href":"https:\/\/montgolfieres-du-mont-blanc.fr\/en\/wp-json\/wp\/v2\/pages"}],"about":[{"href":"https:\/\/montgolfieres-du-mont-blanc.fr\/en\/wp-json\/wp\/v2\/types\/page"}],"author":[{"embeddable":true,"href":"https:\/\/montgolfieres-du-mont-blanc.fr\/en\/wp-json\/wp\/v2\/users\/1"}],"replies":[{"embeddable":true,"href":"https:\/\/montgolfieres-du-mont-blanc.fr\/en\/wp-json\/wp\/v2\/comments?post=5439"}],"version-history":[{"count":3,"href":"https:\/\/montgolfieres-du-mont-blanc.fr\/en\/wp-json\/wp\/v2\/pages\/5439\/revisions"}],"predecessor-version":[{"id":5640,"href":"https:\/\/montgolfieres-du-mont-blanc.fr\/en\/wp-json\/wp\/v2\/pages\/5439\/revisions\/5640"}],"wp:attachment":[{"href":"https:\/\/montgolfieres-du-mont-blanc.fr\/en\/wp-json\/wp\/v2\/media?parent=5439"}],"curies":[{"name":"wp","href":"https:\/\/api.w.org\/{rel}","templated":true}]}}