{"id":986,"date":"2024-01-03T16:13:53","date_gmt":"2024-01-03T16:13:53","guid":{"rendered":"https:\/\/dev.montgolfieres-du-mont-blanc.frflight-process\/"},"modified":"2024-02-09T14:45:31","modified_gmt":"2024-02-09T14:45:31","slug":"flight-process","status":"publish","type":"page","link":"https:\/\/montgolfieres-du-mont-blanc.fr\/en\/flight-process\/","title":{"rendered":"Flight process"},"content":{"rendered":"","protected":false},"excerpt":{"rendered":"","protected":false},"author":1,"featured_media":868,"parent":0,"menu_order":0,"comment_status":"closed","ping_status":"closed","template":"page-templates\/page-deroulement.php","meta":{"_acf_changed":false,"_coblocks_attr":"","_coblocks_dimensions":"","_coblocks_responsive_height":"","_coblocks_accordion_ie_support":"","inline_featured_image":false,"footnotes":""},"class_list":["post-986","page","type-page","status-publish","has-post-thumbnail","hentry"],"acf":[],"yoast_head":"<!-- This site is optimized with the Yoast SEO plugin v25.8 - https:\/\/yoast.com\/wordpress\/plugins\/seo\/ -->\n<title>Flight process | Montgolfi\u00e8res du Mont-Blanc<\/title>\n<meta name=\"robots\" content=\"index, follow, max-snippet:-1, max-image-preview:large, max-video-preview:-1\" \/>\n<link rel=\"canonical\" href=\"https:\/\/montgolfieres-du-mont-blanc.fr\/en\/flight-process\/\" \/>\n<meta property=\"og:locale\" content=\"en_US\" \/>\n<meta property=\"og:type\" content=\"article\" \/>\n<meta property=\"og:title\" content=\"Flight process | Montgolfi\u00e8res du Mont-Blanc\" \/>\n<meta property=\"og:url\" content=\"https:\/\/montgolfieres-du-mont-blanc.fr\/en\/flight-process\/\" \/>\n<meta property=\"og:site_name\" content=\"Montgolfi\u00e8res du Mont-Blanc\" \/>\n<meta property=\"article:publisher\" content=\"https:\/\/www.facebook.com\/montgolfieresdumontblanc\/\" \/>\n<meta property=\"article:modified_time\" content=\"2024-02-09T14:45:31+00:00\" \/>\n<meta property=\"og:image\" content=\"https:\/\/montgolfieres-du-mont-blanc.fr\/wp-content\/uploads\/2024\/01\/baniere-deroulement.webp\" \/>\n\t<meta property=\"og:image:width\" content=\"2048\" \/>\n\t<meta property=\"og:image:height\" content=\"1536\" \/>\n\t<meta property=\"og:image:type\" content=\"image\/webp\" \/>\n<meta name=\"twitter:card\" content=\"summary_large_image\" \/>\n<!-- \/ Yoast SEO plugin. -->","yoast_head_json":{"title":"Flight process | Montgolfi\u00e8res du Mont-Blanc","robots":{"index":"index","follow":"follow","max-snippet":"max-snippet:-1","max-image-preview":"max-image-preview:large","max-video-preview":"max-video-preview:-1"},"canonical":"https:\/\/montgolfieres-du-mont-blanc.fr\/en\/flight-process\/","og_locale":"en_US","og_type":"article","og_title":"Flight process | Montgolfi\u00e8res du Mont-Blanc","og_url":"https:\/\/montgolfieres-du-mont-blanc.fr\/en\/flight-process\/","og_site_name":"Montgolfi\u00e8res du Mont-Blanc","article_publisher":"https:\/\/www.facebook.com\/montgolfieresdumontblanc\/","article_modified_time":"2024-02-09T14:45:31+00:00","og_image":[{"width":2048,"height":1536,"url":"https:\/\/montgolfieres-du-mont-blanc.fr\/wp-content\/uploads\/2024\/01\/baniere-deroulement.webp","type":"image\/webp"}],"twitter_card":"summary_large_image","schema":{"@context":"https:\/\/schema.org","@graph":[{"@type":"WebPage","@id":"https:\/\/montgolfieres-du-mont-blanc.fr\/en\/flight-process\/","url":"https:\/\/montgolfieres-du-mont-blanc.fr\/en\/flight-process\/","name":"Flight process | Montgolfi\u00e8res du Mont-Blanc","isPartOf":{"@id":"https:\/\/montgolfieres-du-mont-blanc.fr\/#website"},"primaryImageOfPage":{"@id":"https:\/\/montgolfieres-du-mont-blanc.fr\/en\/flight-process\/#primaryimage"},"image":{"@id":"https:\/\/montgolfieres-du-mont-blanc.fr\/en\/flight-process\/#primaryimage"},"thumbnailUrl":"https:\/\/montgolfieres-du-mont-blanc.fr\/wp-content\/uploads\/2024\/01\/baniere-deroulement.webp","datePublished":"2024-01-03T16:13:53+00:00","dateModified":"2024-02-09T14:45:31+00:00","breadcrumb":{"@id":"https:\/\/montgolfieres-du-mont-blanc.fr\/en\/flight-process\/#breadcrumb"},"inLanguage":"en-US","potentialAction":[{"@type":"ReadAction","target":["https:\/\/montgolfieres-du-mont-blanc.fr\/en\/flight-process\/"]}]},{"@type":"ImageObject","inLanguage":"en-US","@id":"https:\/\/montgolfieres-du-mont-blanc.fr\/en\/flight-process\/#primaryimage","url":"https:\/\/montgolfieres-du-mont-blanc.fr\/wp-content\/uploads\/2024\/01\/baniere-deroulement.webp","contentUrl":"https:\/\/montgolfieres-du-mont-blanc.fr\/wp-content\/uploads\/2024\/01\/baniere-deroulement.webp","width":2048,"height":1536,"caption":"Le rangement de la montgolfi\u00e8re avec des enfants"},{"@type":"BreadcrumbList","@id":"https:\/\/montgolfieres-du-mont-blanc.fr\/en\/flight-process\/#breadcrumb","itemListElement":[{"@type":"ListItem","position":1,"name":"Accueil","item":"https:\/\/montgolfieres-du-mont-blanc.fr\/en\/"},{"@type":"ListItem","position":2,"name":"Flight process"}]},{"@type":"WebSite","@id":"https:\/\/montgolfieres-du-mont-blanc.fr\/#website","url":"https:\/\/montgolfieres-du-mont-blanc.fr\/","name":"Montgolfi\u00e8res du Mont-Blanc","description":"Vol en montgolfi\u00e8re au d\u00e9part de la Haute Savoie, Annecy, Jura, Chablais","publisher":{"@id":"https:\/\/montgolfieres-du-mont-blanc.fr\/#organization"},"potentialAction":[{"@type":"SearchAction","target":{"@type":"EntryPoint","urlTemplate":"https:\/\/montgolfieres-du-mont-blanc.fr\/?s={search_term_string}"},"query-input":{"@type":"PropertyValueSpecification","valueRequired":true,"valueName":"search_term_string"}}],"inLanguage":"en-US"},{"@type":"Organization","@id":"https:\/\/montgolfieres-du-mont-blanc.fr\/#organization","name":"Montgolfi\u00e8res du Mont-Blanc","url":"https:\/\/montgolfieres-du-mont-blanc.fr\/","logo":{"@type":"ImageObject","inLanguage":"en-US","@id":"https:\/\/montgolfieres-du-mont-blanc.fr\/#\/schema\/logo\/image\/","url":"https:\/\/montgolfieres-du-mont-blanc.fr\/wp-content\/uploads\/2024\/02\/logo-bdl.svg","contentUrl":"https:\/\/montgolfieres-du-mont-blanc.fr\/wp-content\/uploads\/2024\/02\/logo-bdl.svg","width":76,"height":101,"caption":"Montgolfi\u00e8res du Mont-Blanc"},"image":{"@id":"https:\/\/montgolfieres-du-mont-blanc.fr\/#\/schema\/logo\/image\/"},"sameAs":["https:\/\/www.facebook.com\/montgolfieresdumontblanc\/","https:\/\/www.instagram.com\/montgolfieresdumontblanc"]}]}},"_links":{"self":[{"href":"https:\/\/montgolfieres-du-mont-blanc.fr\/en\/wp-json\/wp\/v2\/pages\/986","targetHints":{"allow":["GET"]}}],"collection":[{"href":"https:\/\/montgolfieres-du-mont-blanc.fr\/en\/wp-json\/wp\/v2\/pages"}],"about":[{"href":"https:\/\/montgolfieres-du-mont-blanc.fr\/en\/wp-json\/wp\/v2\/types\/page"}],"author":[{"embeddable":true,"href":"https:\/\/montgolfieres-du-mont-blanc.fr\/en\/wp-json\/wp\/v2\/users\/1"}],"replies":[{"embeddable":true,"href":"https:\/\/montgolfieres-du-mont-blanc.fr\/en\/wp-json\/wp\/v2\/comments?post=986"}],"version-history":[{"count":1,"href":"https:\/\/montgolfieres-du-mont-blanc.fr\/en\/wp-json\/wp\/v2\/pages\/986\/revisions"}],"predecessor-version":[{"id":1186,"href":"https:\/\/montgolfieres-du-mont-blanc.fr\/en\/wp-json\/wp\/v2\/pages\/986\/revisions\/1186"}],"wp:featuredmedia":[{"embeddable":true,"href":"https:\/\/montgolfieres-du-mont-blanc.fr\/en\/wp-json\/wp\/v2\/media\/868"}],"wp:attachment":[{"href":"https:\/\/montgolfieres-du-mont-blanc.fr\/en\/wp-json\/wp\/v2\/media?parent=986"}],"curies":[{"name":"wp","href":"https:\/\/api.w.org\/{rel}","templated":true}]}}