{"id":987,"date":"2024-01-03T16:15:10","date_gmt":"2024-01-03T16:15:10","guid":{"rendered":"https:\/\/dev.montgolfieres-du-mont-blanc.frpartnership\/"},"modified":"2024-02-09T15:03:36","modified_gmt":"2024-02-09T15:03:36","slug":"partnership","status":"publish","type":"page","link":"https:\/\/montgolfieres-du-mont-blanc.fr\/en\/partnership\/","title":{"rendered":"Partnership"},"content":{"rendered":"<div class=\"wp-block-image\">\n<figure class=\"alignright size-full is-resized\"><img loading=\"lazy\" decoding=\"async\" width=\"500\" height=\"667\" src=\"https:\/\/montgolfieres-du-mont-blanc.fr\/wp-content\/uploads\/2024\/01\/espace-pro.jpg\" alt=\"\" class=\"wp-image-923\" style=\"width:367px;height:auto\" srcset=\"https:\/\/montgolfieres-du-mont-blanc.fr\/wp-content\/uploads\/2024\/01\/espace-pro.jpg 500w, https:\/\/montgolfieres-du-mont-blanc.fr\/wp-content\/uploads\/2024\/01\/espace-pro-225x300.jpg 225w, https:\/\/montgolfieres-du-mont-blanc.fr\/wp-content\/uploads\/2024\/01\/espace-pro-18x24.jpg 18w, https:\/\/montgolfieres-du-mont-blanc.fr\/wp-content\/uploads\/2024\/01\/espace-pro-27x36.jpg 27w, https:\/\/montgolfieres-du-mont-blanc.fr\/wp-content\/uploads\/2024\/01\/espace-pro-36x48.jpg 36w\" sizes=\"auto, (max-width: 500px) 100vw, 500px\" \/><\/figure><\/div>\n<h2 class=\"wp-block-heading\">Show off the colors of your company by personalising the balloon<\/h2>\n\n<p>The hot-air balloon is in line with the values \u200b\u200bof sustainable development, teamwork, mastery and panoramic perspectives. It is an ambassador for many companies.<\/p>\n\n<p>We offer 3 types of services:<\/p>\n\n<ul class=\"wp-block-list\">\n<li>The advertising flight<\/li>\n\n\n\n<li>The promotional event<\/li>\n\n\n\n<li>The public relations flight<\/li>\n<\/ul>\n\n<p>In order to promote the image of your company, we offer solutions that fit into your communication and marketing strategy. Feel free to submit your project, we will provide our knowledge and experience to give you a personalised offer that match with the philosophy of your company. <\/p>\n\n<h2 class=\"wp-block-heading\">Insurance<\/h2>\n\n<p>MONTGOLFIERES du MONT-BLANC is a company approved by the French authority (DGAC) for the transport of passengers and aerial work.<\/p>\n\n<p>We reach all regulations and security standards. Our own restrictions are often higher than the laws.<\/p>\n\n<p>Our pilots know very well the region and have continuous training to guarantee the greatest possible level of security. Our equipment is regularly inspected by an independent professional company. <br\/>We have one of the most modern fleets in France.<\/p>\n\n<p>All our passengers receive a complete briefing before boarding our balloons.<\/p>\n\n<p>In addition, we make available to companies, our certificates of insurance. Our guarantees go well beyond the required minimum coverage. <\/p>\n","protected":false},"excerpt":{"rendered":"<p>Show off the colors of your company by personalising the balloon The hot-air balloon is in line with the values \u200b\u200bof sustainable development, teamwork, mastery and panoramic perspectives. It is an ambassador for many companies. We offer 3 types of services: In order to promote the image of your company, we offer solutions that fit [&hellip;]<\/p>\n","protected":false},"author":1,"featured_media":922,"parent":0,"menu_order":0,"comment_status":"closed","ping_status":"closed","template":"","meta":{"_acf_changed":false,"_coblocks_attr":"","_coblocks_dimensions":"","_coblocks_responsive_height":"","_coblocks_accordion_ie_support":"","inline_featured_image":false,"footnotes":""},"class_list":["post-987","page","type-page","status-publish","has-post-thumbnail","hentry"],"acf":[],"yoast_head":"<!-- This site is optimized with the Yoast SEO plugin v25.8 - https:\/\/yoast.com\/wordpress\/plugins\/seo\/ -->\n<title>Partnership | Montgolfi\u00e8res du Mont-Blanc<\/title>\n<meta name=\"robots\" content=\"index, follow, max-snippet:-1, max-image-preview:large, max-video-preview:-1\" \/>\n<link rel=\"canonical\" href=\"https:\/\/montgolfieres-du-mont-blanc.fr\/en\/partnership\/\" \/>\n<meta property=\"og:locale\" content=\"en_US\" \/>\n<meta property=\"og:type\" content=\"article\" \/>\n<meta property=\"og:title\" content=\"Partnership | Montgolfi\u00e8res du Mont-Blanc\" \/>\n<meta property=\"og:description\" content=\"Show off the colors of your company by personalising the balloon The hot-air balloon is in line with the values \u200b\u200bof sustainable development, teamwork, mastery and panoramic perspectives. It is an ambassador for many companies. We offer 3 types of services: In order to promote the image of your company, we offer solutions that fit [&hellip;]\" \/>\n<meta property=\"og:url\" content=\"https:\/\/montgolfieres-du-mont-blanc.fr\/en\/partnership\/\" \/>\n<meta property=\"og:site_name\" content=\"Montgolfi\u00e8res du Mont-Blanc\" \/>\n<meta property=\"article:publisher\" content=\"https:\/\/www.facebook.com\/montgolfieresdumontblanc\/\" \/>\n<meta property=\"article:modified_time\" content=\"2024-02-09T15:03:36+00:00\" \/>\n<meta property=\"og:image\" content=\"https:\/\/montgolfieres-du-mont-blanc.fr\/wp-content\/uploads\/2024\/01\/baniere-pro.webp\" \/>\n\t<meta property=\"og:image:width\" content=\"2000\" \/>\n\t<meta property=\"og:image:height\" content=\"1125\" \/>\n\t<meta property=\"og:image:type\" content=\"image\/webp\" \/>\n<meta name=\"twitter:card\" content=\"summary_large_image\" \/>\n<meta name=\"twitter:label1\" content=\"Est. reading time\" \/>\n\t<meta name=\"twitter:data1\" content=\"1 minute\" \/>\n<!-- \/ Yoast SEO plugin. -->","yoast_head_json":{"title":"Partnership | Montgolfi\u00e8res du Mont-Blanc","robots":{"index":"index","follow":"follow","max-snippet":"max-snippet:-1","max-image-preview":"max-image-preview:large","max-video-preview":"max-video-preview:-1"},"canonical":"https:\/\/montgolfieres-du-mont-blanc.fr\/en\/partnership\/","og_locale":"en_US","og_type":"article","og_title":"Partnership | Montgolfi\u00e8res du Mont-Blanc","og_description":"Show off the colors of your company by personalising the balloon The hot-air balloon is in line with the values \u200b\u200bof sustainable development, teamwork, mastery and panoramic perspectives. It is an ambassador for many companies. We offer 3 types of services: In order to promote the image of your company, we offer solutions that fit [&hellip;]","og_url":"https:\/\/montgolfieres-du-mont-blanc.fr\/en\/partnership\/","og_site_name":"Montgolfi\u00e8res du Mont-Blanc","article_publisher":"https:\/\/www.facebook.com\/montgolfieresdumontblanc\/","article_modified_time":"2024-02-09T15:03:36+00:00","og_image":[{"width":2000,"height":1125,"url":"https:\/\/montgolfieres-du-mont-blanc.fr\/wp-content\/uploads\/2024\/01\/baniere-pro.webp","type":"image\/webp"}],"twitter_card":"summary_large_image","twitter_misc":{"Est. reading time":"1 minute"},"schema":{"@context":"https:\/\/schema.org","@graph":[{"@type":"WebPage","@id":"https:\/\/montgolfieres-du-mont-blanc.fr\/en\/partnership\/","url":"https:\/\/montgolfieres-du-mont-blanc.fr\/en\/partnership\/","name":"Partnership | Montgolfi\u00e8res du Mont-Blanc","isPartOf":{"@id":"https:\/\/montgolfieres-du-mont-blanc.fr\/#website"},"primaryImageOfPage":{"@id":"https:\/\/montgolfieres-du-mont-blanc.fr\/en\/partnership\/#primaryimage"},"image":{"@id":"https:\/\/montgolfieres-du-mont-blanc.fr\/en\/partnership\/#primaryimage"},"thumbnailUrl":"https:\/\/montgolfieres-du-mont-blanc.fr\/wp-content\/uploads\/2024\/01\/baniere-pro.webp","datePublished":"2024-01-03T16:15:10+00:00","dateModified":"2024-02-09T15:03:36+00:00","breadcrumb":{"@id":"https:\/\/montgolfieres-du-mont-blanc.fr\/en\/partnership\/#breadcrumb"},"inLanguage":"en-US","potentialAction":[{"@type":"ReadAction","target":["https:\/\/montgolfieres-du-mont-blanc.fr\/en\/partnership\/"]}]},{"@type":"ImageObject","inLanguage":"en-US","@id":"https:\/\/montgolfieres-du-mont-blanc.fr\/en\/partnership\/#primaryimage","url":"https:\/\/montgolfieres-du-mont-blanc.fr\/wp-content\/uploads\/2024\/01\/baniere-pro.webp","contentUrl":"https:\/\/montgolfieres-du-mont-blanc.fr\/wp-content\/uploads\/2024\/01\/baniere-pro.webp","width":2000,"height":1125,"caption":"Notre montgolfi\u00e8re au dessus de la campagne"},{"@type":"BreadcrumbList","@id":"https:\/\/montgolfieres-du-mont-blanc.fr\/en\/partnership\/#breadcrumb","itemListElement":[{"@type":"ListItem","position":1,"name":"Accueil","item":"https:\/\/montgolfieres-du-mont-blanc.fr\/en\/"},{"@type":"ListItem","position":2,"name":"Partnership"}]},{"@type":"WebSite","@id":"https:\/\/montgolfieres-du-mont-blanc.fr\/#website","url":"https:\/\/montgolfieres-du-mont-blanc.fr\/","name":"Montgolfi\u00e8res du Mont-Blanc","description":"Vol en montgolfi\u00e8re au d\u00e9part de la Haute Savoie, Annecy, Jura, Chablais","publisher":{"@id":"https:\/\/montgolfieres-du-mont-blanc.fr\/#organization"},"potentialAction":[{"@type":"SearchAction","target":{"@type":"EntryPoint","urlTemplate":"https:\/\/montgolfieres-du-mont-blanc.fr\/?s={search_term_string}"},"query-input":{"@type":"PropertyValueSpecification","valueRequired":true,"valueName":"search_term_string"}}],"inLanguage":"en-US"},{"@type":"Organization","@id":"https:\/\/montgolfieres-du-mont-blanc.fr\/#organization","name":"Montgolfi\u00e8res du Mont-Blanc","url":"https:\/\/montgolfieres-du-mont-blanc.fr\/","logo":{"@type":"ImageObject","inLanguage":"en-US","@id":"https:\/\/montgolfieres-du-mont-blanc.fr\/#\/schema\/logo\/image\/","url":"https:\/\/montgolfieres-du-mont-blanc.fr\/wp-content\/uploads\/2024\/02\/logo-bdl.svg","contentUrl":"https:\/\/montgolfieres-du-mont-blanc.fr\/wp-content\/uploads\/2024\/02\/logo-bdl.svg","width":76,"height":101,"caption":"Montgolfi\u00e8res du Mont-Blanc"},"image":{"@id":"https:\/\/montgolfieres-du-mont-blanc.fr\/#\/schema\/logo\/image\/"},"sameAs":["https:\/\/www.facebook.com\/montgolfieresdumontblanc\/","https:\/\/www.instagram.com\/montgolfieresdumontblanc"]}]}},"_links":{"self":[{"href":"https:\/\/montgolfieres-du-mont-blanc.fr\/en\/wp-json\/wp\/v2\/pages\/987","targetHints":{"allow":["GET"]}}],"collection":[{"href":"https:\/\/montgolfieres-du-mont-blanc.fr\/en\/wp-json\/wp\/v2\/pages"}],"about":[{"href":"https:\/\/montgolfieres-du-mont-blanc.fr\/en\/wp-json\/wp\/v2\/types\/page"}],"author":[{"embeddable":true,"href":"https:\/\/montgolfieres-du-mont-blanc.fr\/en\/wp-json\/wp\/v2\/users\/1"}],"replies":[{"embeddable":true,"href":"https:\/\/montgolfieres-du-mont-blanc.fr\/en\/wp-json\/wp\/v2\/comments?post=987"}],"version-history":[{"count":3,"href":"https:\/\/montgolfieres-du-mont-blanc.fr\/en\/wp-json\/wp\/v2\/pages\/987\/revisions"}],"predecessor-version":[{"id":1516,"href":"https:\/\/montgolfieres-du-mont-blanc.fr\/en\/wp-json\/wp\/v2\/pages\/987\/revisions\/1516"}],"wp:featuredmedia":[{"embeddable":true,"href":"https:\/\/montgolfieres-du-mont-blanc.fr\/en\/wp-json\/wp\/v2\/media\/922"}],"wp:attachment":[{"href":"https:\/\/montgolfieres-du-mont-blanc.fr\/en\/wp-json\/wp\/v2\/media?parent=987"}],"curies":[{"name":"wp","href":"https:\/\/api.w.org\/{rel}","templated":true}]}}