{"id":990,"date":"2024-01-04T08:25:50","date_gmt":"2024-01-04T08:25:50","guid":{"rendered":"https:\/\/dev.montgolfieres-du-mont-blanc.frthe-company\/"},"modified":"2024-04-02T15:07:08","modified_gmt":"2024-04-02T15:07:08","slug":"the-company","status":"publish","type":"page","link":"https:\/\/montgolfieres-du-mont-blanc.fr\/en\/the-company\/","title":{"rendered":"The company"},"content":{"rendered":"\n<p>MONTGOLFIERES DU MONT-BLANC is a company recognized by the DGAC french authority who is specialized in hot air balloon flights for individuals and companies. We launch from the nicest spots in the French Alps and Annecy region. Our main goal is to share with you our passion for flying in a friendly environment.  <\/p>\n","protected":false},"excerpt":{"rendered":"<p>MONTGOLFIERES DU MONT-BLANC is a company recognized by the DGAC french authority who is specialized in hot air balloon flights for individuals and companies. We launch from the nicest spots in the French Alps and Annecy region. Our main goal is to share with you our passion for flying in a friendly environment.<\/p>\n","protected":false},"author":1,"featured_media":1569,"parent":0,"menu_order":0,"comment_status":"closed","ping_status":"closed","template":"page-templates\/page-entreprise.php","meta":{"_acf_changed":false,"_coblocks_attr":"","_coblocks_dimensions":"","_coblocks_responsive_height":"","_coblocks_accordion_ie_support":"","inline_featured_image":false,"footnotes":""},"class_list":["post-990","page","type-page","status-publish","has-post-thumbnail","hentry"],"acf":[],"yoast_head":"<!-- This site is optimized with the Yoast SEO plugin v25.8 - https:\/\/yoast.com\/wordpress\/plugins\/seo\/ -->\n<title>Montgolfi\u00e8res du Mont-Blanc : French Alps Balloon Flights<\/title>\n<meta name=\"description\" content=\"Join the expert team at MONTGOLFIERES DU MONT-BLANC for unforgettable hot air balloon flights over the French Alps and Annecy. Experience the passion and friendship that fuel every journey above breathtaking landscapes.\" \/>\n<meta name=\"robots\" content=\"index, follow, max-snippet:-1, max-image-preview:large, max-video-preview:-1\" \/>\n<link rel=\"canonical\" href=\"https:\/\/montgolfieres-du-mont-blanc.fr\/en\/the-company\/\" \/>\n<meta property=\"og:locale\" content=\"en_US\" \/>\n<meta property=\"og:type\" content=\"article\" \/>\n<meta property=\"og:title\" content=\"Montgolfi\u00e8res du Mont-Blanc : French Alps Balloon Flights\" \/>\n<meta property=\"og:description\" content=\"Join the expert team at MONTGOLFIERES DU MONT-BLANC for unforgettable hot air balloon flights over the French Alps and Annecy. Experience the passion and friendship that fuel every journey above breathtaking landscapes.\" \/>\n<meta property=\"og:url\" content=\"https:\/\/montgolfieres-du-mont-blanc.fr\/en\/the-company\/\" \/>\n<meta property=\"og:site_name\" content=\"Montgolfi\u00e8res du Mont-Blanc\" \/>\n<meta property=\"article:publisher\" content=\"https:\/\/www.facebook.com\/montgolfieresdumontblanc\/\" \/>\n<meta property=\"article:modified_time\" content=\"2024-04-02T15:07:08+00:00\" \/>\n<meta property=\"og:image\" content=\"https:\/\/montgolfieres-du-mont-blanc.fr\/wp-content\/uploads\/2024\/02\/73ef7c86-2d2c-47c1-874f-dd8d1c9e95cb.jpeg\" \/>\n\t<meta property=\"og:image:width\" content=\"1600\" \/>\n\t<meta property=\"og:image:height\" content=\"1042\" \/>\n\t<meta property=\"og:image:type\" content=\"image\/jpeg\" \/>\n<meta name=\"twitter:card\" content=\"summary_large_image\" \/>\n<!-- \/ Yoast SEO plugin. -->","yoast_head_json":{"title":"Montgolfi\u00e8res du Mont-Blanc : French Alps Balloon Flights","description":"Join the expert team at MONTGOLFIERES DU MONT-BLANC for unforgettable hot air balloon flights over the French Alps and Annecy. Experience the passion and friendship that fuel every journey above breathtaking landscapes.","robots":{"index":"index","follow":"follow","max-snippet":"max-snippet:-1","max-image-preview":"max-image-preview:large","max-video-preview":"max-video-preview:-1"},"canonical":"https:\/\/montgolfieres-du-mont-blanc.fr\/en\/the-company\/","og_locale":"en_US","og_type":"article","og_title":"Montgolfi\u00e8res du Mont-Blanc : French Alps Balloon Flights","og_description":"Join the expert team at MONTGOLFIERES DU MONT-BLANC for unforgettable hot air balloon flights over the French Alps and Annecy. Experience the passion and friendship that fuel every journey above breathtaking landscapes.","og_url":"https:\/\/montgolfieres-du-mont-blanc.fr\/en\/the-company\/","og_site_name":"Montgolfi\u00e8res du Mont-Blanc","article_publisher":"https:\/\/www.facebook.com\/montgolfieresdumontblanc\/","article_modified_time":"2024-04-02T15:07:08+00:00","og_image":[{"width":1600,"height":1042,"url":"https:\/\/montgolfieres-du-mont-blanc.fr\/wp-content\/uploads\/2024\/02\/73ef7c86-2d2c-47c1-874f-dd8d1c9e95cb.jpeg","type":"image\/jpeg"}],"twitter_card":"summary_large_image","schema":{"@context":"https:\/\/schema.org","@graph":[{"@type":"WebPage","@id":"https:\/\/montgolfieres-du-mont-blanc.fr\/en\/the-company\/","url":"https:\/\/montgolfieres-du-mont-blanc.fr\/en\/the-company\/","name":"Montgolfi\u00e8res du Mont-Blanc : French Alps Balloon Flights","isPartOf":{"@id":"https:\/\/montgolfieres-du-mont-blanc.fr\/#website"},"primaryImageOfPage":{"@id":"https:\/\/montgolfieres-du-mont-blanc.fr\/en\/the-company\/#primaryimage"},"image":{"@id":"https:\/\/montgolfieres-du-mont-blanc.fr\/en\/the-company\/#primaryimage"},"thumbnailUrl":"https:\/\/montgolfieres-du-mont-blanc.fr\/wp-content\/uploads\/2024\/02\/73ef7c86-2d2c-47c1-874f-dd8d1c9e95cb.jpeg","datePublished":"2024-01-04T08:25:50+00:00","dateModified":"2024-04-02T15:07:08+00:00","description":"Join the expert team at MONTGOLFIERES DU MONT-BLANC for unforgettable hot air balloon flights over the French Alps and Annecy. Experience the passion and friendship that fuel every journey above breathtaking landscapes.","breadcrumb":{"@id":"https:\/\/montgolfieres-du-mont-blanc.fr\/en\/the-company\/#breadcrumb"},"inLanguage":"en-US","potentialAction":[{"@type":"ReadAction","target":["https:\/\/montgolfieres-du-mont-blanc.fr\/en\/the-company\/"]}]},{"@type":"ImageObject","inLanguage":"en-US","@id":"https:\/\/montgolfieres-du-mont-blanc.fr\/en\/the-company\/#primaryimage","url":"https:\/\/montgolfieres-du-mont-blanc.fr\/wp-content\/uploads\/2024\/02\/73ef7c86-2d2c-47c1-874f-dd8d1c9e95cb.jpeg","contentUrl":"https:\/\/montgolfieres-du-mont-blanc.fr\/wp-content\/uploads\/2024\/02\/73ef7c86-2d2c-47c1-874f-dd8d1c9e95cb.jpeg","width":1600,"height":1042},{"@type":"BreadcrumbList","@id":"https:\/\/montgolfieres-du-mont-blanc.fr\/en\/the-company\/#breadcrumb","itemListElement":[{"@type":"ListItem","position":1,"name":"Accueil","item":"https:\/\/montgolfieres-du-mont-blanc.fr\/en\/"},{"@type":"ListItem","position":2,"name":"The company"}]},{"@type":"WebSite","@id":"https:\/\/montgolfieres-du-mont-blanc.fr\/#website","url":"https:\/\/montgolfieres-du-mont-blanc.fr\/","name":"Montgolfi\u00e8res du Mont-Blanc","description":"Vol en montgolfi\u00e8re au d\u00e9part de la Haute Savoie, Annecy, Jura, Chablais","publisher":{"@id":"https:\/\/montgolfieres-du-mont-blanc.fr\/#organization"},"potentialAction":[{"@type":"SearchAction","target":{"@type":"EntryPoint","urlTemplate":"https:\/\/montgolfieres-du-mont-blanc.fr\/?s={search_term_string}"},"query-input":{"@type":"PropertyValueSpecification","valueRequired":true,"valueName":"search_term_string"}}],"inLanguage":"en-US"},{"@type":"Organization","@id":"https:\/\/montgolfieres-du-mont-blanc.fr\/#organization","name":"Montgolfi\u00e8res du Mont-Blanc","url":"https:\/\/montgolfieres-du-mont-blanc.fr\/","logo":{"@type":"ImageObject","inLanguage":"en-US","@id":"https:\/\/montgolfieres-du-mont-blanc.fr\/#\/schema\/logo\/image\/","url":"https:\/\/montgolfieres-du-mont-blanc.fr\/wp-content\/uploads\/2024\/02\/logo-bdl.svg","contentUrl":"https:\/\/montgolfieres-du-mont-blanc.fr\/wp-content\/uploads\/2024\/02\/logo-bdl.svg","width":76,"height":101,"caption":"Montgolfi\u00e8res du Mont-Blanc"},"image":{"@id":"https:\/\/montgolfieres-du-mont-blanc.fr\/#\/schema\/logo\/image\/"},"sameAs":["https:\/\/www.facebook.com\/montgolfieresdumontblanc\/","https:\/\/www.instagram.com\/montgolfieresdumontblanc"]}]}},"_links":{"self":[{"href":"https:\/\/montgolfieres-du-mont-blanc.fr\/en\/wp-json\/wp\/v2\/pages\/990","targetHints":{"allow":["GET"]}}],"collection":[{"href":"https:\/\/montgolfieres-du-mont-blanc.fr\/en\/wp-json\/wp\/v2\/pages"}],"about":[{"href":"https:\/\/montgolfieres-du-mont-blanc.fr\/en\/wp-json\/wp\/v2\/types\/page"}],"author":[{"embeddable":true,"href":"https:\/\/montgolfieres-du-mont-blanc.fr\/en\/wp-json\/wp\/v2\/users\/1"}],"replies":[{"embeddable":true,"href":"https:\/\/montgolfieres-du-mont-blanc.fr\/en\/wp-json\/wp\/v2\/comments?post=990"}],"version-history":[{"count":3,"href":"https:\/\/montgolfieres-du-mont-blanc.fr\/en\/wp-json\/wp\/v2\/pages\/990\/revisions"}],"predecessor-version":[{"id":1509,"href":"https:\/\/montgolfieres-du-mont-blanc.fr\/en\/wp-json\/wp\/v2\/pages\/990\/revisions\/1509"}],"wp:featuredmedia":[{"embeddable":true,"href":"https:\/\/montgolfieres-du-mont-blanc.fr\/en\/wp-json\/wp\/v2\/media\/1569"}],"wp:attachment":[{"href":"https:\/\/montgolfieres-du-mont-blanc.fr\/en\/wp-json\/wp\/v2\/media?parent=990"}],"curies":[{"name":"wp","href":"https:\/\/api.w.org\/{rel}","templated":true}]}}