{"id":993,"date":"2024-01-04T08:35:06","date_gmt":"2024-01-04T08:35:06","guid":{"rendered":"https:\/\/dev.montgolfieres-du-mont-blanc.frlegal-mentions\/"},"modified":"2024-02-08T17:41:29","modified_gmt":"2024-02-08T17:41:29","slug":"legal-mentions","status":"publish","type":"page","link":"https:\/\/montgolfieres-du-mont-blanc.fr\/en\/legal-mentions\/","title":{"rendered":"Legal mentions"},"content":{"rendered":"\n<p><strong>Montgolfi\u00e8res du Mont Blanc<\/strong>&nbsp;is edited by the company&nbsp;<strong>Montgolfi\u00e8res du Mont Blanc<\/strong>, SIRET number : 91161241400019<\/p>\n\n\n\n<p>The present document aims to set the general conditions of use of the services of&nbsp;<strong>www.montgolfieres-du-mont-blanc.fr<\/strong>. We reserve the right to modify these terms and conditions as the site evolves, and therefore ask you to refer to them regularly.<\/p>\n\n\n\n<p>All the editorial content and illustrations on this site are protected by French legislation and international treaties (Berne Convention, Intellectual Property Code Book 1). They may not be copied without the express permission of&nbsp;<strong>Montgolfi\u00e8res du Mont Blanc<\/strong>. Re-use of the editorial content or the site, for any purpose whatsoever, is strictly forbidden.<\/p>\n\n\n\n<p>However, the dissemination of information contained on this site may be considered for non-commercial use, but only with the agreement of&nbsp;<strong>Montgolfi\u00e8res du Mont Blanc<\/strong>, and on condition that it is not modified. These authorisations are granted on a case by case basis. Please send your requests to&nbsp;<strong>contact@montgolfieres-du-mont-blanc.fr<\/strong>.<\/p>\n\n\n\n<p>The information we collect comes from voluntary subscription to our mailing list. The information you provide us with is never shared with third parties.<\/p>\n\n\n\n<p>In order to respect the privacy of its users,&nbsp;<strong>Montgolfi\u00e8res du Mont Blanc<\/strong>&nbsp;undertakes to ensure that the collection and processing of personal information on this site is carried out in accordance with the French law n\u00b078-17 of January 6, 1978 relating to information technology, files and freedoms, known as the \u201cInformatique et Libert\u00e9s\u201d law.<\/p>\n\n\n\n<p>The website is hosted by&nbsp;<strong>WP Serveur<\/strong>, registered in the&nbsp;<strong>Nanterre<\/strong>&nbsp;Trade and Companies Register under number&nbsp;<strong>808 840 474<\/strong>. The head office of&nbsp;<strong>WP Serveur<\/strong>&nbsp;is located at&nbsp;<strong>7 rue de la Cit\u00e9 Foulc 30000 N\u00eemes<\/strong>. This address does not allow you to contact our teams: for any request, please use the contact page.<\/p>\n\n\n\n<p>In accordance with Article 34 of the French Data Protection Act of 6 January 1978, you have the right to access, rectify, modify and delete data concerning you. You can exercise this right on the site on the unsubscribe page or by contacting&nbsp;<strong>Montgolfi\u00e8res du Mont Blanc<\/strong>&nbsp;directly at the following address:&nbsp;<strong>contact@montgolfieres-du-mont-blanc.fr<\/strong>.<\/p>\n","protected":false},"excerpt":{"rendered":"<p>Montgolfi\u00e8res du Mont Blanc&nbsp;is edited by the company&nbsp;Montgolfi\u00e8res du Mont Blanc, SIRET number : 91161241400019 The present document aims to set the general conditions of use of the services of&nbsp;www.montgolfieres-du-mont-blanc.fr. We reserve the right to modify these terms and conditions as the site evolves, and therefore ask you to refer to them regularly. All the [&hellip;]<\/p>\n","protected":false},"author":1,"featured_media":0,"parent":0,"menu_order":0,"comment_status":"closed","ping_status":"closed","template":"","meta":{"_acf_changed":false,"_coblocks_attr":"","_coblocks_dimensions":"","_coblocks_responsive_height":"","_coblocks_accordion_ie_support":"","inline_featured_image":false,"footnotes":""},"class_list":["post-993","page","type-page","status-publish","hentry"],"acf":[],"yoast_head":"<!-- This site is optimized with the Yoast SEO plugin v25.8 - https:\/\/yoast.com\/wordpress\/plugins\/seo\/ -->\n<title>Legal mentions | Montgolfi\u00e8res du Mont-Blanc<\/title>\n<meta name=\"robots\" content=\"index, follow, max-snippet:-1, max-image-preview:large, max-video-preview:-1\" \/>\n<link rel=\"canonical\" href=\"https:\/\/montgolfieres-du-mont-blanc.fr\/en\/legal-mentions\/\" \/>\n<meta property=\"og:locale\" content=\"en_US\" \/>\n<meta property=\"og:type\" content=\"article\" \/>\n<meta property=\"og:title\" content=\"Legal mentions | Montgolfi\u00e8res du Mont-Blanc\" \/>\n<meta property=\"og:description\" content=\"Montgolfi\u00e8res du Mont Blanc&nbsp;is edited by the company&nbsp;Montgolfi\u00e8res du Mont Blanc, SIRET number : 91161241400019 The present document aims to set the general conditions of use of the services of&nbsp;www.montgolfieres-du-mont-blanc.fr. We reserve the right to modify these terms and conditions as the site evolves, and therefore ask you to refer to them regularly. All the [&hellip;]\" \/>\n<meta property=\"og:url\" content=\"https:\/\/montgolfieres-du-mont-blanc.fr\/en\/legal-mentions\/\" \/>\n<meta property=\"og:site_name\" content=\"Montgolfi\u00e8res du Mont-Blanc\" \/>\n<meta property=\"article:publisher\" content=\"https:\/\/www.facebook.com\/montgolfieresdumontblanc\/\" \/>\n<meta property=\"article:modified_time\" content=\"2024-02-08T17:41:29+00:00\" \/>\n<meta property=\"og:image\" content=\"https:\/\/montgolfieres-du-mont-blanc.fr\/wp-content\/uploads\/2024\/02\/6-scaled.jpg\" \/>\n\t<meta property=\"og:image:width\" content=\"2560\" \/>\n\t<meta property=\"og:image:height\" content=\"1920\" \/>\n\t<meta property=\"og:image:type\" content=\"image\/jpeg\" \/>\n<meta name=\"twitter:card\" content=\"summary_large_image\" \/>\n<meta name=\"twitter:label1\" content=\"Est. reading time\" \/>\n\t<meta name=\"twitter:data1\" content=\"2 minutes\" \/>\n<!-- \/ Yoast SEO plugin. -->","yoast_head_json":{"title":"Legal mentions | Montgolfi\u00e8res du Mont-Blanc","robots":{"index":"index","follow":"follow","max-snippet":"max-snippet:-1","max-image-preview":"max-image-preview:large","max-video-preview":"max-video-preview:-1"},"canonical":"https:\/\/montgolfieres-du-mont-blanc.fr\/en\/legal-mentions\/","og_locale":"en_US","og_type":"article","og_title":"Legal mentions | Montgolfi\u00e8res du Mont-Blanc","og_description":"Montgolfi\u00e8res du Mont Blanc&nbsp;is edited by the company&nbsp;Montgolfi\u00e8res du Mont Blanc, SIRET number : 91161241400019 The present document aims to set the general conditions of use of the services of&nbsp;www.montgolfieres-du-mont-blanc.fr. We reserve the right to modify these terms and conditions as the site evolves, and therefore ask you to refer to them regularly. All the [&hellip;]","og_url":"https:\/\/montgolfieres-du-mont-blanc.fr\/en\/legal-mentions\/","og_site_name":"Montgolfi\u00e8res du Mont-Blanc","article_publisher":"https:\/\/www.facebook.com\/montgolfieresdumontblanc\/","article_modified_time":"2024-02-08T17:41:29+00:00","og_image":[{"width":2560,"height":1920,"url":"https:\/\/montgolfieres-du-mont-blanc.fr\/wp-content\/uploads\/2024\/02\/6-scaled.jpg","type":"image\/jpeg"}],"twitter_card":"summary_large_image","twitter_misc":{"Est. reading time":"2 minutes"},"schema":{"@context":"https:\/\/schema.org","@graph":[{"@type":"WebPage","@id":"https:\/\/montgolfieres-du-mont-blanc.fr\/en\/legal-mentions\/","url":"https:\/\/montgolfieres-du-mont-blanc.fr\/en\/legal-mentions\/","name":"Legal mentions | Montgolfi\u00e8res du Mont-Blanc","isPartOf":{"@id":"https:\/\/montgolfieres-du-mont-blanc.fr\/#website"},"datePublished":"2024-01-04T08:35:06+00:00","dateModified":"2024-02-08T17:41:29+00:00","breadcrumb":{"@id":"https:\/\/montgolfieres-du-mont-blanc.fr\/en\/legal-mentions\/#breadcrumb"},"inLanguage":"en-US","potentialAction":[{"@type":"ReadAction","target":["https:\/\/montgolfieres-du-mont-blanc.fr\/en\/legal-mentions\/"]}]},{"@type":"BreadcrumbList","@id":"https:\/\/montgolfieres-du-mont-blanc.fr\/en\/legal-mentions\/#breadcrumb","itemListElement":[{"@type":"ListItem","position":1,"name":"Accueil","item":"https:\/\/montgolfieres-du-mont-blanc.fr\/en\/"},{"@type":"ListItem","position":2,"name":"Legal mentions"}]},{"@type":"WebSite","@id":"https:\/\/montgolfieres-du-mont-blanc.fr\/#website","url":"https:\/\/montgolfieres-du-mont-blanc.fr\/","name":"Montgolfi\u00e8res du Mont-Blanc","description":"Vol en montgolfi\u00e8re au d\u00e9part de la Haute Savoie, Annecy, Jura, Chablais","publisher":{"@id":"https:\/\/montgolfieres-du-mont-blanc.fr\/#organization"},"potentialAction":[{"@type":"SearchAction","target":{"@type":"EntryPoint","urlTemplate":"https:\/\/montgolfieres-du-mont-blanc.fr\/?s={search_term_string}"},"query-input":{"@type":"PropertyValueSpecification","valueRequired":true,"valueName":"search_term_string"}}],"inLanguage":"en-US"},{"@type":"Organization","@id":"https:\/\/montgolfieres-du-mont-blanc.fr\/#organization","name":"Montgolfi\u00e8res du Mont-Blanc","url":"https:\/\/montgolfieres-du-mont-blanc.fr\/","logo":{"@type":"ImageObject","inLanguage":"en-US","@id":"https:\/\/montgolfieres-du-mont-blanc.fr\/#\/schema\/logo\/image\/","url":"https:\/\/montgolfieres-du-mont-blanc.fr\/wp-content\/uploads\/2024\/02\/logo-bdl.svg","contentUrl":"https:\/\/montgolfieres-du-mont-blanc.fr\/wp-content\/uploads\/2024\/02\/logo-bdl.svg","width":76,"height":101,"caption":"Montgolfi\u00e8res du Mont-Blanc"},"image":{"@id":"https:\/\/montgolfieres-du-mont-blanc.fr\/#\/schema\/logo\/image\/"},"sameAs":["https:\/\/www.facebook.com\/montgolfieresdumontblanc\/","https:\/\/www.instagram.com\/montgolfieresdumontblanc"]}]}},"_links":{"self":[{"href":"https:\/\/montgolfieres-du-mont-blanc.fr\/en\/wp-json\/wp\/v2\/pages\/993","targetHints":{"allow":["GET"]}}],"collection":[{"href":"https:\/\/montgolfieres-du-mont-blanc.fr\/en\/wp-json\/wp\/v2\/pages"}],"about":[{"href":"https:\/\/montgolfieres-du-mont-blanc.fr\/en\/wp-json\/wp\/v2\/types\/page"}],"author":[{"embeddable":true,"href":"https:\/\/montgolfieres-du-mont-blanc.fr\/en\/wp-json\/wp\/v2\/users\/1"}],"replies":[{"embeddable":true,"href":"https:\/\/montgolfieres-du-mont-blanc.fr\/en\/wp-json\/wp\/v2\/comments?post=993"}],"version-history":[{"count":3,"href":"https:\/\/montgolfieres-du-mont-blanc.fr\/en\/wp-json\/wp\/v2\/pages\/993\/revisions"}],"predecessor-version":[{"id":1500,"href":"https:\/\/montgolfieres-du-mont-blanc.fr\/en\/wp-json\/wp\/v2\/pages\/993\/revisions\/1500"}],"wp:attachment":[{"href":"https:\/\/montgolfieres-du-mont-blanc.fr\/en\/wp-json\/wp\/v2\/media?parent=993"}],"curies":[{"name":"wp","href":"https:\/\/api.w.org\/{rel}","templated":true}]}}