{"id":995,"date":"2024-01-04T08:40:41","date_gmt":"2024-01-04T08:40:41","guid":{"rendered":"https:\/\/dev.montgolfieres-du-mont-blanc.frour-commitment\/"},"modified":"2025-04-17T16:29:02","modified_gmt":"2025-04-17T16:29:02","slug":"our-commitment","status":"publish","type":"page","link":"https:\/\/montgolfieres-du-mont-blanc.fr\/en\/our-commitment\/","title":{"rendered":"Our commitment"},"content":{"rendered":"\n<h2 class=\"wp-block-heading\"><strong>MONTGOLFI\u00c8RES du MONT-BLANC is committed to sustainable development! How ?<\/strong><\/h2>\n\n<div class=\"wp-block-columns is-layout-flex wp-container-core-columns-is-layout-9d6595d7 wp-block-columns-is-layout-flex\">\n<div class=\"wp-block-column is-layout-flow wp-block-column-is-layout-flow\">\n<div class=\"wp-block-group is-content-justification-space-between is-nowrap is-layout-flex wp-container-core-group-is-layout-0dfbf163 wp-block-group-is-layout-flex\">\n<h4 class=\"wp-block-heading\" style=\"font-size:18px\"><strong>By contributing to environmental awareness<\/strong><\/h4>\n\n\n\n<figure class=\"wp-block-image size-full is-resized\"><img loading=\"lazy\" decoding=\"async\" width=\"150\" height=\"150\" src=\"https:\/\/montgolfieres-du-mont-blanc.fr\/wp-content\/uploads\/2024\/01\/pilier-ecologie-1-150x150-1.webp\" alt=\"\" class=\"wp-image-564\" style=\"width:66px;height:auto\" srcset=\"https:\/\/montgolfieres-du-mont-blanc.fr\/wp-content\/uploads\/2024\/01\/pilier-ecologie-1-150x150-1.webp 150w, https:\/\/montgolfieres-du-mont-blanc.fr\/wp-content\/uploads\/2024\/01\/pilier-ecologie-1-150x150-1-24x24.webp 24w, https:\/\/montgolfieres-du-mont-blanc.fr\/wp-content\/uploads\/2024\/01\/pilier-ecologie-1-150x150-1-36x36.webp 36w, https:\/\/montgolfieres-du-mont-blanc.fr\/wp-content\/uploads\/2024\/01\/pilier-ecologie-1-150x150-1-48x48.webp 48w, https:\/\/montgolfieres-du-mont-blanc.fr\/wp-content\/uploads\/2024\/01\/pilier-ecologie-1-150x150-1-100x100.webp 100w\" sizes=\"auto, (max-width: 150px) 100vw, 150px\" \/><\/figure>\n<\/div>\n\n\n\n<p style=\"font-size:16px\">For MONTGOLFIERES du MONT-BLANC, hot air ballooning is an original and extraordinary opportunity to allow everyone to get closer to nature, to commune with it and thus to become aware of its respect. Let\u2019s preserve together this beautiful environment and our Planet!<\/p>\n<\/div>\n\n\n\n<div class=\"wp-block-column is-layout-flow wp-block-column-is-layout-flow\">\n<div class=\"wp-block-group is-content-justification-space-between is-nowrap is-layout-flex wp-container-core-group-is-layout-0dfbf163 wp-block-group-is-layout-flex\">\n<h4 class=\"wp-block-heading\" style=\"font-size:18px\"><strong>By ensuring accessibility for all<\/strong><\/h4>\n\n\n\n<figure class=\"wp-block-image size-full is-resized\"><img loading=\"lazy\" decoding=\"async\" width=\"64\" height=\"83\" src=\"https:\/\/montgolfieres-du-mont-blanc.fr\/wp-content\/uploads\/2024\/01\/pilier-accessiblite.webp\" alt=\"\" class=\"wp-image-568\" style=\"width:47px;height:auto\" srcset=\"https:\/\/montgolfieres-du-mont-blanc.fr\/wp-content\/uploads\/2024\/01\/pilier-accessiblite.webp 64w, https:\/\/montgolfieres-du-mont-blanc.fr\/wp-content\/uploads\/2024\/01\/pilier-accessiblite-19x24.webp 19w, https:\/\/montgolfieres-du-mont-blanc.fr\/wp-content\/uploads\/2024\/01\/pilier-accessiblite-28x36.webp 28w, https:\/\/montgolfieres-du-mont-blanc.fr\/wp-content\/uploads\/2024\/01\/pilier-accessiblite-37x48.webp 37w\" sizes=\"auto, (max-width: 64px) 100vw, 64px\" \/><\/figure>\n<\/div>\n\n\n\n<p style=\"font-size:16px\">Making our flights accessible to all is a strong commitment for MONTGOLFI\u00c8RES du MONT-BLANC. Because the sky is a free environment and allows us to be in another space\/time, giving everyone access to these incredible sensations is an important step for us. <a href=\"https:\/\/montgolfieres-du-mont-blanc.fr\/en\/everybody-welcome\/\">To know more about it, go here.<\/a><\/p>\n<\/div>\n<\/div>\n\n<div class=\"wp-block-columns is-layout-flex wp-container-core-columns-is-layout-9d6595d7 wp-block-columns-is-layout-flex\">\n<div class=\"wp-block-column is-layout-flow wp-block-column-is-layout-flow\">\n<div class=\"wp-block-group is-horizontal is-content-justification-space-between is-nowrap is-layout-flex wp-container-core-group-is-layout-b493c794 wp-block-group-is-layout-flex\">\n<h4 class=\"wp-block-heading\" style=\"font-size:18px\"><strong>By offsetting its CO<sub>2<\/sub> emissions annually<\/strong><\/h4>\n\n\n\n<figure class=\"wp-block-image size-full is-resized\"><img loading=\"lazy\" decoding=\"async\" width=\"1024\" height=\"1024\" src=\"https:\/\/montgolfieres-du-mont-blanc.fr\/wp-content\/uploads\/2024\/01\/Almighty-Tree-logo-Vertical-transparent-background-1024x1024-1.webp\" alt=\"\" class=\"wp-image-562\" style=\"width:81px;height:auto\" srcset=\"https:\/\/montgolfieres-du-mont-blanc.fr\/wp-content\/uploads\/2024\/01\/Almighty-Tree-logo-Vertical-transparent-background-1024x1024-1.webp 1024w, https:\/\/montgolfieres-du-mont-blanc.fr\/wp-content\/uploads\/2024\/01\/Almighty-Tree-logo-Vertical-transparent-background-1024x1024-1-300x300.webp 300w, https:\/\/montgolfieres-du-mont-blanc.fr\/wp-content\/uploads\/2024\/01\/Almighty-Tree-logo-Vertical-transparent-background-1024x1024-1-150x150.webp 150w, https:\/\/montgolfieres-du-mont-blanc.fr\/wp-content\/uploads\/2024\/01\/Almighty-Tree-logo-Vertical-transparent-background-1024x1024-1-768x768.webp 768w, https:\/\/montgolfieres-du-mont-blanc.fr\/wp-content\/uploads\/2024\/01\/Almighty-Tree-logo-Vertical-transparent-background-1024x1024-1-24x24.webp 24w, https:\/\/montgolfieres-du-mont-blanc.fr\/wp-content\/uploads\/2024\/01\/Almighty-Tree-logo-Vertical-transparent-background-1024x1024-1-36x36.webp 36w, https:\/\/montgolfieres-du-mont-blanc.fr\/wp-content\/uploads\/2024\/01\/Almighty-Tree-logo-Vertical-transparent-background-1024x1024-1-48x48.webp 48w, https:\/\/montgolfieres-du-mont-blanc.fr\/wp-content\/uploads\/2024\/01\/Almighty-Tree-logo-Vertical-transparent-background-1024x1024-1-600x600.webp 600w, https:\/\/montgolfieres-du-mont-blanc.fr\/wp-content\/uploads\/2024\/01\/Almighty-Tree-logo-Vertical-transparent-background-1024x1024-1-100x100.webp 100w\" sizes=\"auto, (max-width: 1024px) 100vw, 1024px\" \/><\/figure>\n<\/div>\n\n\n\n<p style=\"font-size:16px\">The sums paid are currently invested in sustainable environmental projects abroad. Our calculation method: An estimate of the amount of CO<sub>2<\/sub> emitted during our flights is carried out by an independent environmental organisation <a href=\"https:\/\/www.co2logic.com\/fr\/le-label-co2-neutral\">\u2018CO<sub>2<\/sub> Logique\u2019<\/a>.  On this basis, we donate to projects such as green energy research, which aims to reduce the consumption of polluting energy. <\/p>\n\n\n\n<p style=\"font-size:16px\">Since 2022, our company has also been committed to planting trees to offset its CO<sub>2<\/sub> emissions. We are committed to reforestation and the preservation of biodiversity through several actions: planting new trees with a selection of species based on the region, needs and global warming, and creating natural hedges for biodiversity.  <a href=\"https:\/\/fr.almightytree.ch\/ballons-du-leman\">Click here to learn more about the trees planted.<\/a><\/p>\n<\/div>\n\n\n\n<div class=\"wp-block-column is-layout-flow wp-block-column-is-layout-flow\">\n<div class=\"wp-block-group is-content-justification-space-between is-nowrap is-layout-flex wp-container-core-group-is-layout-0dfbf163 wp-block-group-is-layout-flex\">\n<h4 class=\"wp-block-heading\" style=\"font-size:18px\"><strong>By limiting its CO<sub>2<\/sub> emissions<\/strong><\/h4>\n\n\n\n<figure class=\"wp-block-image size-full is-resized\"><img loading=\"lazy\" decoding=\"async\" width=\"494\" height=\"488\" src=\"https:\/\/montgolfieres-du-mont-blanc.fr\/wp-content\/uploads\/2024\/01\/CO2-Neutral-logo.jpg\" alt=\"\" class=\"wp-image-263\" style=\"width:81px;height:auto\" srcset=\"https:\/\/montgolfieres-du-mont-blanc.fr\/wp-content\/uploads\/2024\/01\/CO2-Neutral-logo.jpg 494w, https:\/\/montgolfieres-du-mont-blanc.fr\/wp-content\/uploads\/2024\/01\/CO2-Neutral-logo-100x100.jpg 100w, https:\/\/montgolfieres-du-mont-blanc.fr\/wp-content\/uploads\/2024\/01\/CO2-Neutral-logo-300x296.jpg 300w\" sizes=\"auto, (max-width: 494px) 100vw, 494px\" \/><\/figure>\n<\/div>\n\n\n\n<p style=\"font-size:16px\">Did you know that? <\/p>\n\n\n\n<ul style=\"font-size:16px\" class=\"wp-block-list\">\n<li>In hot-air ballooning we do not use any engine. Our force &#8211; nature, that is, the wind! <\/li>\n\n\n\n<li>Our equipment is made of natural materials: wicker, leather, ropes\u2026<\/li>\n\n\n\n<li>In a hot air balloon we evolve in the middle of nature! No particular infrastructure, we take off and land in a field !<\/li>\n\n\n\n<li>We limit our consumption of fossil fuels by using electric vehicles in particular<\/li>\n\n\n\n<li>But which gas do we use? A gas considered clean because its combustion generates practically no particles, is not polluting and not toxic. Propane!   <\/li>\n<\/ul>\n\n\n\n<p style=\"font-size:16px\">You can read more about it from this supplier: <a href=\"https:\/\/flaga.ch\/fr\/a-propos-du-gaz-liquide\/\">https:\/\/flaga.ch\/fr\/a-propos-du-gaz-liquide\/<\/a><\/p>\n<\/div>\n<\/div>\n\n<div class=\"wp-block-columns is-layout-flex wp-container-core-columns-is-layout-9d6595d7 wp-block-columns-is-layout-flex\">\n<div class=\"wp-block-column is-layout-flow wp-block-column-is-layout-flow\">\n<div class=\"wp-block-group is-content-justification-space-between is-nowrap is-layout-flex wp-container-core-group-is-layout-0dfbf163 wp-block-group-is-layout-flex\">\n<h4 class=\"wp-block-heading\" style=\"font-size:18px\"><strong>By limiting its waste and recycling<\/strong><\/h4>\n\n\n\n<figure class=\"wp-block-image size-full is-resized\"><img loading=\"lazy\" decoding=\"async\" width=\"512\" height=\"512\" src=\"https:\/\/montgolfieres-du-mont-blanc.fr\/wp-content\/uploads\/2024\/01\/terre.webp\" alt=\"\" class=\"wp-image-559\" style=\"width:69px;height:auto\" srcset=\"https:\/\/montgolfieres-du-mont-blanc.fr\/wp-content\/uploads\/2024\/01\/terre.webp 512w, https:\/\/montgolfieres-du-mont-blanc.fr\/wp-content\/uploads\/2024\/01\/terre-300x300.webp 300w, https:\/\/montgolfieres-du-mont-blanc.fr\/wp-content\/uploads\/2024\/01\/terre-150x150.webp 150w, https:\/\/montgolfieres-du-mont-blanc.fr\/wp-content\/uploads\/2024\/01\/terre-24x24.webp 24w, https:\/\/montgolfieres-du-mont-blanc.fr\/wp-content\/uploads\/2024\/01\/terre-36x36.webp 36w, https:\/\/montgolfieres-du-mont-blanc.fr\/wp-content\/uploads\/2024\/01\/terre-48x48.webp 48w, https:\/\/montgolfieres-du-mont-blanc.fr\/wp-content\/uploads\/2024\/01\/terre-100x100.webp 100w\" sizes=\"auto, (max-width: 512px) 100vw, 512px\" \/><\/figure>\n<\/div>\n\n\n\n<p style=\"font-size:16px\">Within the framework of our activity, we make sure to use reusable materials as much as possible in order to limit our waste. In addition, we recycle a maximum of our waste. <\/p>\n<\/div>\n\n\n\n<div class=\"wp-block-column is-layout-flow wp-block-column-is-layout-flow\">\n<div class=\"wp-block-group is-content-justification-space-between is-nowrap is-layout-flex wp-container-core-group-is-layout-0dfbf163 wp-block-group-is-layout-flex\">\n<h4 class=\"wp-block-heading\" style=\"font-size:18px\"><strong>By ensuring equal payment<\/strong><\/h4>\n\n\n\n<figure class=\"wp-block-image size-full is-resized\"><img loading=\"lazy\" decoding=\"async\" width=\"1024\" height=\"1024\" src=\"https:\/\/montgolfieres-du-mont-blanc.fr\/wp-content\/uploads\/2024\/01\/pilier-securite-1024x1024-1.webp\" alt=\"\" class=\"wp-image-557\" style=\"width:81px;height:auto\" srcset=\"https:\/\/montgolfieres-du-mont-blanc.fr\/wp-content\/uploads\/2024\/01\/pilier-securite-1024x1024-1.webp 1024w, https:\/\/montgolfieres-du-mont-blanc.fr\/wp-content\/uploads\/2024\/01\/pilier-securite-1024x1024-1-300x300.webp 300w, https:\/\/montgolfieres-du-mont-blanc.fr\/wp-content\/uploads\/2024\/01\/pilier-securite-1024x1024-1-150x150.webp 150w, https:\/\/montgolfieres-du-mont-blanc.fr\/wp-content\/uploads\/2024\/01\/pilier-securite-1024x1024-1-768x768.webp 768w, https:\/\/montgolfieres-du-mont-blanc.fr\/wp-content\/uploads\/2024\/01\/pilier-securite-1024x1024-1-24x24.webp 24w, https:\/\/montgolfieres-du-mont-blanc.fr\/wp-content\/uploads\/2024\/01\/pilier-securite-1024x1024-1-36x36.webp 36w, https:\/\/montgolfieres-du-mont-blanc.fr\/wp-content\/uploads\/2024\/01\/pilier-securite-1024x1024-1-48x48.webp 48w, https:\/\/montgolfieres-du-mont-blanc.fr\/wp-content\/uploads\/2024\/01\/pilier-securite-1024x1024-1-600x600.webp 600w, https:\/\/montgolfieres-du-mont-blanc.fr\/wp-content\/uploads\/2024\/01\/pilier-securite-1024x1024-1-100x100.webp 100w\" sizes=\"auto, (max-width: 1024px) 100vw, 1024px\" \/><\/figure>\n<\/div>\n\n\n\n<p style=\"font-size:16px\">Because equality is a fundamental right, MONTGOLFIERES du MONT-BLANC ensures a strict salary equality between men and women and supports parity in its staff.<\/p>\n<\/div>\n<\/div>\n","protected":false},"excerpt":{"rendered":"<p>MONTGOLFI\u00c8RES du MONT-BLANC is committed to sustainable development! How ? By contributing to environmental awareness For MONTGOLFIERES du MONT-BLANC, hot air ballooning is an original and extraordinary opportunity to allow everyone to get closer to nature, to commune with it and thus to become aware of its respect. Let\u2019s preserve together this beautiful environment and [&hellip;]<\/p>\n","protected":false},"author":1,"featured_media":0,"parent":0,"menu_order":0,"comment_status":"closed","ping_status":"closed","template":"","meta":{"_acf_changed":false,"_coblocks_attr":"","_coblocks_dimensions":"","_coblocks_responsive_height":"","_coblocks_accordion_ie_support":"","inline_featured_image":false,"footnotes":""},"class_list":["post-995","page","type-page","status-publish","hentry"],"acf":[],"yoast_head":"<!-- This site is optimized with the Yoast SEO plugin v25.8 - https:\/\/yoast.com\/wordpress\/plugins\/seo\/ -->\n<title>Our commitment | Montgolfi\u00e8res du Mont-Blanc<\/title>\n<meta name=\"robots\" content=\"index, follow, max-snippet:-1, max-image-preview:large, max-video-preview:-1\" \/>\n<link rel=\"canonical\" href=\"https:\/\/montgolfieres-du-mont-blanc.fr\/en\/our-commitment\/\" \/>\n<meta property=\"og:locale\" content=\"en_US\" \/>\n<meta property=\"og:type\" content=\"article\" \/>\n<meta property=\"og:title\" content=\"Our commitment | Montgolfi\u00e8res du Mont-Blanc\" \/>\n<meta property=\"og:description\" content=\"MONTGOLFI\u00c8RES du MONT-BLANC is committed to sustainable development! How ? By contributing to environmental awareness For MONTGOLFIERES du MONT-BLANC, hot air ballooning is an original and extraordinary opportunity to allow everyone to get closer to nature, to commune with it and thus to become aware of its respect. Let\u2019s preserve together this beautiful environment and [&hellip;]\" \/>\n<meta property=\"og:url\" content=\"https:\/\/montgolfieres-du-mont-blanc.fr\/en\/our-commitment\/\" \/>\n<meta property=\"og:site_name\" content=\"Montgolfi\u00e8res du Mont-Blanc\" \/>\n<meta property=\"article:publisher\" content=\"https:\/\/www.facebook.com\/montgolfieresdumontblanc\/\" \/>\n<meta property=\"article:modified_time\" content=\"2025-04-17T16:29:02+00:00\" \/>\n<meta property=\"og:image\" content=\"https:\/\/montgolfieres-du-mont-blanc.fr\/wp-content\/uploads\/2024\/01\/pilier-ecologie-1-150x150-1.webp\" \/>\n<meta name=\"twitter:card\" content=\"summary_large_image\" \/>\n<meta name=\"twitter:label1\" content=\"Est. reading time\" \/>\n\t<meta name=\"twitter:data1\" content=\"2 minutes\" \/>\n<!-- \/ Yoast SEO plugin. -->","yoast_head_json":{"title":"Our commitment | Montgolfi\u00e8res du Mont-Blanc","robots":{"index":"index","follow":"follow","max-snippet":"max-snippet:-1","max-image-preview":"max-image-preview:large","max-video-preview":"max-video-preview:-1"},"canonical":"https:\/\/montgolfieres-du-mont-blanc.fr\/en\/our-commitment\/","og_locale":"en_US","og_type":"article","og_title":"Our commitment | Montgolfi\u00e8res du Mont-Blanc","og_description":"MONTGOLFI\u00c8RES du MONT-BLANC is committed to sustainable development! How ? By contributing to environmental awareness For MONTGOLFIERES du MONT-BLANC, hot air ballooning is an original and extraordinary opportunity to allow everyone to get closer to nature, to commune with it and thus to become aware of its respect. Let\u2019s preserve together this beautiful environment and [&hellip;]","og_url":"https:\/\/montgolfieres-du-mont-blanc.fr\/en\/our-commitment\/","og_site_name":"Montgolfi\u00e8res du Mont-Blanc","article_publisher":"https:\/\/www.facebook.com\/montgolfieresdumontblanc\/","article_modified_time":"2025-04-17T16:29:02+00:00","og_image":[{"url":"https:\/\/montgolfieres-du-mont-blanc.fr\/wp-content\/uploads\/2024\/01\/pilier-ecologie-1-150x150-1.webp","type":"","width":"","height":""}],"twitter_card":"summary_large_image","twitter_misc":{"Est. reading time":"2 minutes"},"schema":{"@context":"https:\/\/schema.org","@graph":[{"@type":"WebPage","@id":"https:\/\/montgolfieres-du-mont-blanc.fr\/en\/our-commitment\/","url":"https:\/\/montgolfieres-du-mont-blanc.fr\/en\/our-commitment\/","name":"Our commitment | Montgolfi\u00e8res du Mont-Blanc","isPartOf":{"@id":"https:\/\/montgolfieres-du-mont-blanc.fr\/#website"},"primaryImageOfPage":{"@id":"https:\/\/montgolfieres-du-mont-blanc.fr\/en\/our-commitment\/#primaryimage"},"image":{"@id":"https:\/\/montgolfieres-du-mont-blanc.fr\/en\/our-commitment\/#primaryimage"},"thumbnailUrl":"https:\/\/montgolfieres-du-mont-blanc.fr\/wp-content\/uploads\/2024\/01\/pilier-ecologie-1-150x150-1.webp","datePublished":"2024-01-04T08:40:41+00:00","dateModified":"2025-04-17T16:29:02+00:00","breadcrumb":{"@id":"https:\/\/montgolfieres-du-mont-blanc.fr\/en\/our-commitment\/#breadcrumb"},"inLanguage":"en-US","potentialAction":[{"@type":"ReadAction","target":["https:\/\/montgolfieres-du-mont-blanc.fr\/en\/our-commitment\/"]}]},{"@type":"ImageObject","inLanguage":"en-US","@id":"https:\/\/montgolfieres-du-mont-blanc.fr\/en\/our-commitment\/#primaryimage","url":"https:\/\/montgolfieres-du-mont-blanc.fr\/wp-content\/uploads\/2024\/01\/pilier-ecologie-1-150x150-1.webp","contentUrl":"https:\/\/montgolfieres-du-mont-blanc.fr\/wp-content\/uploads\/2024\/01\/pilier-ecologie-1-150x150-1.webp"},{"@type":"BreadcrumbList","@id":"https:\/\/montgolfieres-du-mont-blanc.fr\/en\/our-commitment\/#breadcrumb","itemListElement":[{"@type":"ListItem","position":1,"name":"Accueil","item":"https:\/\/montgolfieres-du-mont-blanc.fr\/en\/"},{"@type":"ListItem","position":2,"name":"Our commitment"}]},{"@type":"WebSite","@id":"https:\/\/montgolfieres-du-mont-blanc.fr\/#website","url":"https:\/\/montgolfieres-du-mont-blanc.fr\/","name":"Montgolfi\u00e8res du Mont-Blanc","description":"Vol en montgolfi\u00e8re au d\u00e9part de la Haute Savoie, Annecy, Jura, Chablais","publisher":{"@id":"https:\/\/montgolfieres-du-mont-blanc.fr\/#organization"},"potentialAction":[{"@type":"SearchAction","target":{"@type":"EntryPoint","urlTemplate":"https:\/\/montgolfieres-du-mont-blanc.fr\/?s={search_term_string}"},"query-input":{"@type":"PropertyValueSpecification","valueRequired":true,"valueName":"search_term_string"}}],"inLanguage":"en-US"},{"@type":"Organization","@id":"https:\/\/montgolfieres-du-mont-blanc.fr\/#organization","name":"Montgolfi\u00e8res du Mont-Blanc","url":"https:\/\/montgolfieres-du-mont-blanc.fr\/","logo":{"@type":"ImageObject","inLanguage":"en-US","@id":"https:\/\/montgolfieres-du-mont-blanc.fr\/#\/schema\/logo\/image\/","url":"https:\/\/montgolfieres-du-mont-blanc.fr\/wp-content\/uploads\/2024\/02\/logo-bdl.svg","contentUrl":"https:\/\/montgolfieres-du-mont-blanc.fr\/wp-content\/uploads\/2024\/02\/logo-bdl.svg","width":76,"height":101,"caption":"Montgolfi\u00e8res du Mont-Blanc"},"image":{"@id":"https:\/\/montgolfieres-du-mont-blanc.fr\/#\/schema\/logo\/image\/"},"sameAs":["https:\/\/www.facebook.com\/montgolfieresdumontblanc\/","https:\/\/www.instagram.com\/montgolfieresdumontblanc"]}]}},"_links":{"self":[{"href":"https:\/\/montgolfieres-du-mont-blanc.fr\/en\/wp-json\/wp\/v2\/pages\/995","targetHints":{"allow":["GET"]}}],"collection":[{"href":"https:\/\/montgolfieres-du-mont-blanc.fr\/en\/wp-json\/wp\/v2\/pages"}],"about":[{"href":"https:\/\/montgolfieres-du-mont-blanc.fr\/en\/wp-json\/wp\/v2\/types\/page"}],"author":[{"embeddable":true,"href":"https:\/\/montgolfieres-du-mont-blanc.fr\/en\/wp-json\/wp\/v2\/users\/1"}],"replies":[{"embeddable":true,"href":"https:\/\/montgolfieres-du-mont-blanc.fr\/en\/wp-json\/wp\/v2\/comments?post=995"}],"version-history":[{"count":3,"href":"https:\/\/montgolfieres-du-mont-blanc.fr\/en\/wp-json\/wp\/v2\/pages\/995\/revisions"}],"predecessor-version":[{"id":2853,"href":"https:\/\/montgolfieres-du-mont-blanc.fr\/en\/wp-json\/wp\/v2\/pages\/995\/revisions\/2853"}],"wp:attachment":[{"href":"https:\/\/montgolfieres-du-mont-blanc.fr\/en\/wp-json\/wp\/v2\/media?parent=995"}],"curies":[{"name":"wp","href":"https:\/\/api.w.org\/{rel}","templated":true}]}}