{"id":2907,"date":"2025-05-04T19:20:25","date_gmt":"2025-05-04T19:20:25","guid":{"rendered":"https:\/\/montgolfieres-du-mont-blanc.fr\/?post_type=product&#038;p=2907"},"modified":"2026-05-04T11:02:43","modified_gmt":"2026-05-04T11:02:43","slug":"discovery-flight-mother-day-offer","status":"publish","type":"product","link":"https:\/\/montgolfieres-du-mont-blanc.fr\/en\/produit\/discovery-flight-mother-day-offer\/","title":{"rendered":"Discovery Flight &#8211; Mother&#8217;s Day offer"},"content":{"rendered":"<div class=\"img\"><img loading=\"lazy\" decoding=\"async\" class=\"alignnone wp-image-614\" src=\"https:\/\/dev.montgolfieres-du-mont-blanc.fr\/wp-content\/uploads\/2024\/01\/picto_coeur-40x48-1.webp\" alt=\"\" width=\"46\" height=\"56\" srcset=\"https:\/\/montgolfieres-du-mont-blanc.fr\/wp-content\/uploads\/2024\/01\/picto_coeur-40x48-1.webp 40w, https:\/\/montgolfieres-du-mont-blanc.fr\/wp-content\/uploads\/2024\/01\/picto_coeur-40x48-1-20x24.webp 20w, https:\/\/montgolfieres-du-mont-blanc.fr\/wp-content\/uploads\/2024\/01\/picto_coeur-40x48-1-30x36.webp 30w\" sizes=\"auto, (max-width: 46px) 100vw, 46px\" \/><\/div>\n","protected":false},"excerpt":{"rendered":"<p><img loading=\"lazy\" decoding=\"async\" class=\"alignnone wp-image-2908\" src=\"https:\/\/montgolfieres-du-mont-blanc.fr\/wp-content\/uploads\/2025\/05\/Post-Instagram-fete-des-meres-collage-photo-moderne-rose-et-blanc.png\" alt=\"\" width=\"600\" height=\"600\" srcset=\"https:\/\/montgolfieres-du-mont-blanc.fr\/wp-content\/uploads\/2025\/05\/Post-Instagram-fete-des-meres-collage-photo-moderne-rose-et-blanc.png 1080w, https:\/\/montgolfieres-du-mont-blanc.fr\/wp-content\/uploads\/2025\/05\/Post-Instagram-fete-des-meres-collage-photo-moderne-rose-et-blanc-300x300.png 300w, https:\/\/montgolfieres-du-mont-blanc.fr\/wp-content\/uploads\/2025\/05\/Post-Instagram-fete-des-meres-collage-photo-moderne-rose-et-blanc-1024x1024.png 1024w, https:\/\/montgolfieres-du-mont-blanc.fr\/wp-content\/uploads\/2025\/05\/Post-Instagram-fete-des-meres-collage-photo-moderne-rose-et-blanc-150x150.png 150w, https:\/\/montgolfieres-du-mont-blanc.fr\/wp-content\/uploads\/2025\/05\/Post-Instagram-fete-des-meres-collage-photo-moderne-rose-et-blanc-768x768.png 768w, https:\/\/montgolfieres-du-mont-blanc.fr\/wp-content\/uploads\/2025\/05\/Post-Instagram-fete-des-meres-collage-photo-moderne-rose-et-blanc-24x24.png 24w, https:\/\/montgolfieres-du-mont-blanc.fr\/wp-content\/uploads\/2025\/05\/Post-Instagram-fete-des-meres-collage-photo-moderne-rose-et-blanc-36x36.png 36w, https:\/\/montgolfieres-du-mont-blanc.fr\/wp-content\/uploads\/2025\/05\/Post-Instagram-fete-des-meres-collage-photo-moderne-rose-et-blanc-48x48.png 48w, https:\/\/montgolfieres-du-mont-blanc.fr\/wp-content\/uploads\/2025\/05\/Post-Instagram-fete-des-meres-collage-photo-moderne-rose-et-blanc-600x600.png 600w, https:\/\/montgolfieres-du-mont-blanc.fr\/wp-content\/uploads\/2025\/05\/Post-Instagram-fete-des-meres-collage-photo-moderne-rose-et-blanc-100x100.png 100w\" sizes=\"auto, (max-width: 600px) 100vw, 600px\" \/><\/p>\n<p>&nbsp;<\/p>\n[gallery id=\"4922121d90\"]\n<p>&nbsp;<\/p>\n<h2 style=\"text-align: left;\">Flight description<\/h2>\n<p>Flying in a hot air balloon is a unique and unforgettable experience, a dream come true. A gift to offer to a loved one or simply for yourself, any occasion is perfect to take a flight on one of our balloons and enjoy the view of the Lake Annecy region and the Alps.<\/p>\n<p>With the company of your experienced pilot, you will explore our beautiful region in the calmest and most peaceful way, flying over the countryside, lake, and mountains. Take-off to the skies in complete serenity and enjoy a hot-air ballooning experience in one of France&#8217;s most beautiful regions.<\/p>\n<p>A moment of conviviality, sharing and wonder for young and old alike!<\/p>\n<p>&nbsp;<\/p>\n<table style=\"width: 100%; border-collapse: collapse; background-color: #942932; border-color: #de253b; border-style: none; height: 195px;\">\n<tbody>\n<tr style=\"height: 20px;\">\n<td style=\"width: 1.72712%; border-style: none; height: 10px;\" colspan=\"2\">\n<h2 style=\"text-align: center;\"><span style=\"color: #ffffff;\"> MOTHER&#8217;S DAY OFFER :<\/span><\/h2>\n<p style=\"text-align: center;\"><span style=\"color: #ffffff;\">289 \u20ac per person <del>instead of 329 \u20ac<\/del><\/span><\/p>\n<p style=\"text-align: center;\"><img decoding=\"async\" style=\"margin-left: auto; margin-right: auto;\"  src=\"https:\/\/counters.pennyblacktemplates.com\/id\/3ab5e84b7d\" alt=\"Pennyblack Email Countdown Timers\" \/><\/p>\n<p>&nbsp;<\/td>\n<\/tr>\n<\/tbody>\n<\/table>\n<p><!--more--><\/p>\n<h2 style=\"text-align: left;\">Experience Overview<\/h2>\n<p style=\"left: 0; width: 100%; height: 0; position: relative; padding-bottom: 56.25%;\"><iframe style=\"top: 0; left: 0; width: 100%; height: 100%; position: absolute; border: 0;\" src=\"https:\/\/www.youtube.com\/embed\/17uSuEyQ-Gk?rel=0\" scrolling=\"no\" allowfullscreen=\"allowfullscreen\"><\/iframe><\/p>\n","protected":false},"featured_media":2909,"template":"","meta":{"_acf_changed":false,"_coblocks_attr":"","_coblocks_dimensions":"","_coblocks_responsive_height":"","_coblocks_accordion_ie_support":"","inline_featured_image":false},"product_brand":[],"product_cat":[42],"product_tag":[43],"class_list":{"0":"post-2907","1":"product","2":"type-product","3":"status-publish","4":"has-post-thumbnail","6":"product_cat-our-flights","7":"product_tag-highlight-en","8":"wcpa_has_options","10":"first","11":"instock","12":"taxable","13":"shipping-taxable","14":"purchasable","15":"product-type-simple"},"acf":[],"yoast_head":"<!-- This site is optimized with the Yoast SEO plugin v25.8 - https:\/\/yoast.com\/wordpress\/plugins\/seo\/ -->\n<title>Discovery Flight - Mother&#039;s Day offer | Montgolfi\u00e8res du Mont-Blanc<\/title>\n<meta name=\"description\" content=\"Celebrate Mother&#039;s Day with a magical hot-air balloon flight. Special price: \u20ac289, including welcome, toast and surprise. Offer an unforgettable souvenir!\" \/>\n<meta name=\"robots\" content=\"index, follow, max-snippet:-1, max-image-preview:large, max-video-preview:-1\" \/>\n<link rel=\"canonical\" href=\"https:\/\/montgolfieres-du-mont-blanc.fr\/en\/produit\/discovery-flight-mother-day-offer\/\" \/>\n<meta property=\"og:locale\" content=\"en_US\" \/>\n<meta property=\"og:type\" content=\"article\" \/>\n<meta property=\"og:title\" content=\"Discovery Flight - Mother&#039;s Day offer | Montgolfi\u00e8res du Mont-Blanc\" \/>\n<meta property=\"og:description\" content=\"Celebrate Mother&#039;s Day with a magical hot-air balloon flight. Special price: \u20ac289, including welcome, toast and surprise. Offer an unforgettable souvenir!\" \/>\n<meta property=\"og:url\" content=\"https:\/\/montgolfieres-du-mont-blanc.fr\/en\/produit\/discovery-flight-mother-day-offer\/\" \/>\n<meta property=\"og:site_name\" content=\"Montgolfi\u00e8res du Mont-Blanc\" \/>\n<meta property=\"article:publisher\" content=\"https:\/\/www.facebook.com\/montgolfieresdumontblanc\/\" \/>\n<meta property=\"article:modified_time\" content=\"2026-05-04T11:02:43+00:00\" \/>\n<meta property=\"og:image\" content=\"https:\/\/montgolfieres-du-mont-blanc.fr\/wp-content\/uploads\/2025\/05\/Post-Instagram-fete-des-meres-collage-photo-moderne-rose-et-blanc.png\" \/>\n\t<meta property=\"og:image:width\" content=\"1080\" \/>\n\t<meta property=\"og:image:height\" content=\"1080\" \/>\n\t<meta property=\"og:image:type\" content=\"image\/png\" \/>\n<meta name=\"twitter:card\" content=\"summary_large_image\" \/>\n<meta name=\"twitter:label1\" content=\"Est. reading time\" \/>\n\t<meta name=\"twitter:data1\" content=\"1 minute\" \/>\n<!-- \/ Yoast SEO plugin. -->","yoast_head_json":{"title":"Discovery Flight - Mother's Day offer | Montgolfi\u00e8res du Mont-Blanc","description":"Celebrate Mother's Day with a magical hot-air balloon flight. Special price: \u20ac289, including welcome, toast and surprise. Offer an unforgettable souvenir!","robots":{"index":"index","follow":"follow","max-snippet":"max-snippet:-1","max-image-preview":"max-image-preview:large","max-video-preview":"max-video-preview:-1"},"canonical":"https:\/\/montgolfieres-du-mont-blanc.fr\/en\/produit\/discovery-flight-mother-day-offer\/","og_locale":"en_US","og_type":"article","og_title":"Discovery Flight - Mother's Day offer | Montgolfi\u00e8res du Mont-Blanc","og_description":"Celebrate Mother's Day with a magical hot-air balloon flight. Special price: \u20ac289, including welcome, toast and surprise. Offer an unforgettable souvenir!","og_url":"https:\/\/montgolfieres-du-mont-blanc.fr\/en\/produit\/discovery-flight-mother-day-offer\/","og_site_name":"Montgolfi\u00e8res du Mont-Blanc","article_publisher":"https:\/\/www.facebook.com\/montgolfieresdumontblanc\/","article_modified_time":"2026-05-04T11:02:43+00:00","og_image":[{"width":1080,"height":1080,"url":"https:\/\/montgolfieres-du-mont-blanc.fr\/wp-content\/uploads\/2025\/05\/Post-Instagram-fete-des-meres-collage-photo-moderne-rose-et-blanc.png","type":"image\/png"}],"twitter_card":"summary_large_image","twitter_misc":{"Est. reading time":"1 minute"},"schema":{"@context":"https:\/\/schema.org","@graph":[{"@type":"WebPage","@id":"https:\/\/montgolfieres-du-mont-blanc.fr\/en\/produit\/discovery-flight-mother-day-offer\/","url":"https:\/\/montgolfieres-du-mont-blanc.fr\/en\/produit\/discovery-flight-mother-day-offer\/","name":"Discovery Flight - Mother's Day offer | Montgolfi\u00e8res du Mont-Blanc","isPartOf":{"@id":"https:\/\/montgolfieres-du-mont-blanc.fr\/#website"},"primaryImageOfPage":{"@id":"https:\/\/montgolfieres-du-mont-blanc.fr\/en\/produit\/discovery-flight-mother-day-offer\/#primaryimage"},"image":{"@id":"https:\/\/montgolfieres-du-mont-blanc.fr\/en\/produit\/discovery-flight-mother-day-offer\/#primaryimage"},"thumbnailUrl":"https:\/\/montgolfieres-du-mont-blanc.fr\/wp-content\/uploads\/2025\/05\/Post-Instagram-fete-des-meres-collage-photo-moderne-rose-et-blanc.png","datePublished":"2025-05-04T19:20:25+00:00","dateModified":"2026-05-04T11:02:43+00:00","description":"Celebrate Mother's Day with a magical hot-air balloon flight. Special price: \u20ac289, including welcome, toast and surprise. Offer an unforgettable souvenir!","breadcrumb":{"@id":"https:\/\/montgolfieres-du-mont-blanc.fr\/en\/produit\/discovery-flight-mother-day-offer\/#breadcrumb"},"inLanguage":"en-US","potentialAction":[{"@type":"ReadAction","target":["https:\/\/montgolfieres-du-mont-blanc.fr\/en\/produit\/discovery-flight-mother-day-offer\/"]}]},{"@type":"ImageObject","inLanguage":"en-US","@id":"https:\/\/montgolfieres-du-mont-blanc.fr\/en\/produit\/discovery-flight-mother-day-offer\/#primaryimage","url":"https:\/\/montgolfieres-du-mont-blanc.fr\/wp-content\/uploads\/2025\/05\/Post-Instagram-fete-des-meres-collage-photo-moderne-rose-et-blanc.png","contentUrl":"https:\/\/montgolfieres-du-mont-blanc.fr\/wp-content\/uploads\/2025\/05\/Post-Instagram-fete-des-meres-collage-photo-moderne-rose-et-blanc.png","width":1080,"height":1080,"caption":"Offre F\u00eate des M\u00e8res : offrez le billet d\u00e9couverte pour un vol inoubliable"},{"@type":"BreadcrumbList","@id":"https:\/\/montgolfieres-du-mont-blanc.fr\/en\/produit\/discovery-flight-mother-day-offer\/#breadcrumb","itemListElement":[{"@type":"ListItem","position":1,"name":"Accueil","item":"https:\/\/montgolfieres-du-mont-blanc.fr\/en\/"},{"@type":"ListItem","position":2,"name":"Shop","item":"https:\/\/montgolfieres-du-mont-blanc.fr\/en\/shop\/"},{"@type":"ListItem","position":3,"name":"Discovery Flight &#8211; Mother&#8217;s Day offer"}]},{"@type":"WebSite","@id":"https:\/\/montgolfieres-du-mont-blanc.fr\/#website","url":"https:\/\/montgolfieres-du-mont-blanc.fr\/","name":"Montgolfi\u00e8res du Mont-Blanc","description":"Vol en montgolfi\u00e8re au d\u00e9part de la Haute Savoie, Annecy, Jura, Chablais","publisher":{"@id":"https:\/\/montgolfieres-du-mont-blanc.fr\/#organization"},"potentialAction":[{"@type":"SearchAction","target":{"@type":"EntryPoint","urlTemplate":"https:\/\/montgolfieres-du-mont-blanc.fr\/?s={search_term_string}"},"query-input":{"@type":"PropertyValueSpecification","valueRequired":true,"valueName":"search_term_string"}}],"inLanguage":"en-US"},{"@type":"Organization","@id":"https:\/\/montgolfieres-du-mont-blanc.fr\/#organization","name":"Montgolfi\u00e8res du Mont-Blanc","url":"https:\/\/montgolfieres-du-mont-blanc.fr\/","logo":{"@type":"ImageObject","inLanguage":"en-US","@id":"https:\/\/montgolfieres-du-mont-blanc.fr\/#\/schema\/logo\/image\/","url":"https:\/\/montgolfieres-du-mont-blanc.fr\/wp-content\/uploads\/2024\/02\/logo-bdl.svg","contentUrl":"https:\/\/montgolfieres-du-mont-blanc.fr\/wp-content\/uploads\/2024\/02\/logo-bdl.svg","width":76,"height":101,"caption":"Montgolfi\u00e8res du Mont-Blanc"},"image":{"@id":"https:\/\/montgolfieres-du-mont-blanc.fr\/#\/schema\/logo\/image\/"},"sameAs":["https:\/\/www.facebook.com\/montgolfieresdumontblanc\/","https:\/\/www.instagram.com\/montgolfieresdumontblanc"]}]}},"wcpa_form_fields":{"wcpaData":{"product":{"product_price":0,"price_html":"<span class=\"woocommerce-Price-amount amount\"><bdi>0,00<span class=\"woocommerce-Price-currencySymbol\">&euro;<\/span><\/bdi><\/span><\/span>","original_product_price":0,"price_including_tax":0,"price_excluding_tax":0,"product_id":{"parent":2907,"variation":false},"is_variable":false,"stock_status":"instock","stock_quantity":null,"parent_sku":"","product_attributes":[],"custom_fields":[],"is_taxable":true,"product_name":"Discovery Flight - Mother's Day offer","hasImage":false},"fields":{"sec_06817c41d4dbc0":{"extra":{"key":"sec_06817c41d4dbc0","section_id":"sec_06817c41d4dbc0","name":"Default","status":1,"cl_rule":"show","enableCl":false,"relations":[],"toggle":true,"title_tag":"h3","show_title":false,"showPrice":"default","className":"","form_id":6165,"form_rules":{"exclude_from_discount":false,"fee_label":"Fee","disp_hide_options_price":true,"disp_show_section_price":false,"disp_show_field_price":false,"layout_option":"standard","pric_use_as_fee":false,"process_fee_as":"woo_fee"},"layout_option":"standard"},"fields":[[{"active":true,"col":5,"relations":false,"cl_rule":"show","enableCl":false,"price":"","enablePrice":false,"className":"","label_position":"default","desc_position":"default","type":"header","required":false,"elementId":"header_106817c41d4dbdb","label":"Set up your flight","subtype":"h3","error":false,"gt_translate_keys":["label"],"price_dependency":false,"cl_dependency":false,"value":""}],[{"active":true,"col":4,"relations":false,"cl_rule":"show","enableCl":false,"price":"","enablePrice":false,"className":"","label_position":"default","desc_position":"default","type":"header","required":false,"elementId":"header_106817c41d4dbe5","label":"Adult(s)","subtype":"h4","error":false,"gt_translate_keys":["label"],"price_dependency":false,"cl_dependency":false,"value":""},{"active":true,"col":1,"relations":false,"cl_rule":"show","enableCl":false,"price":"289","enablePrice":true,"className":"","label_position":"disable","desc_position":"disable","type":"select","required":false,"elementId":"select_36817c41d4dbec","label":"Adulte(s)","name":"select_36817c41d4dbec","values":[{"label":"0","value":"0","selected":false,"tempId":"aco_633","price":"0","gt_translate_keys":["label"]},{"label":"1","value":"1","selected":true,"tempId":"aco_292","price":"329","gt_translate_keys":["label"]},{"label":"2","value":"2","selected":false,"tempId":"aco_293","price":"319","gt_translate_keys":["label"]},{"label":"3","value":"3","selected":false,"tempId":"aco_294","price":"309","gt_translate_keys":["label"]},{"label":"4","value":"4","selected":false,"tempId":"aco_367","price":"299","gt_translate_keys":["label"]},{"label":"5","value":"5","selected":false,"tempId":"aco_377","price":"289","gt_translate_keys":["label"]},{"label":"6","value":"6","selected":false,"tempId":"aco_387","price":"289","gt_translate_keys":["label"]},{"label":"7","value":"7","selected":false,"tempId":"aco_397","price":"289","gt_translate_keys":["label"]},{"label":"8","value":"8","selected":false,"tempId":"aco_407","price":"289","gt_translate_keys":["label"]},{"label":"9","value":"9","selected":false,"tempId":"aco_36","gt_translate_keys":["label"]},{"label":"10","value":"10","selected":false,"tempId":"aco_46","gt_translate_keys":["label"]},{"label":"11","value":"11","selected":false,"tempId":"aco_56","gt_translate_keys":["label"]},{"label":"12","value":"12","selected":false,"tempId":"aco_66","gt_translate_keys":["label"]}],"dropdown_type":"basic","error":false,"priceOptions":"fixed_for_all","pricingType":"multiply","description":"","enableDesign":false,"gt_translate_keys":["label","description"],"price_dependency":["radio-group_36817c41d4dc25"],"cl_dependency":false,"value":""}],[{"label":"Child <16 ans","active":true,"elementId":"header_26817c41d4dbf5","className":"","subtype":"h4","enableCl":false,"relations":false,"cl_rule":"show","col":4,"type":"header","error":false,"gt_translate_keys":["label"],"price_dependency":false,"cl_dependency":false,"value":""},{"label":"Enfant(s) -16 ans","active":true,"required":false,"elementId":"select_16817c41d4dbfd","dropdown_type":"basic","name":"select_16817c41d4dbfd","label_position":"disable","desc_position":"disable","enablePrice":true,"className":"","enableCl":false,"relations":false,"values":[{"label":"0","value":"0","selected":true,"tempId":"aco_633","price":"0","gt_translate_keys":["label"]},{"label":"1","value":"1","selected":false,"tempId":"aco_292","price":"195","gt_translate_keys":["label"]},{"label":"2","value":"2","selected":false,"tempId":"aco_293","price":"195","gt_translate_keys":["label"]},{"label":"3","value":"3","selected":false,"tempId":"aco_294","price":"195","gt_translate_keys":["label"]},{"label":"4","value":"4","selected":false,"tempId":"aco_367","price":"195","gt_translate_keys":["label"]}],"priceOptions":"fixed_for_all","pricingType":"multiply","price":"195","cl_rule":"show","col":1,"type":"select","error":false,"gt_translate_keys":["label"],"price_dependency":["radio-group_36817c41d4dc25"],"cl_dependency":false,"value":""}],[{"active":true,"col":4,"relations":false,"cl_rule":"show","enableCl":false,"price":"","enablePrice":false,"className":"","label_position":"default","desc_position":"default","type":"header","required":false,"elementId":"header_36817c41d4dc04","label":"Type of ticket","subtype":"h3","error":false,"gt_translate_keys":["label"],"price_dependency":false,"cl_dependency":false,"value":""}],[{"active":true,"col":5,"relations":false,"cl_rule":"show","enableCl":false,"price":"","enablePrice":true,"className":"option-billet-papier","label_position":"default","desc_position":"default","type":"radio-group","required":false,"elementId":"radio-group_96817c41d4dc0d","label":"Type de billet","name":"radio-group_96817c41d4dc0d","values":[{"label":"Electronic Ticket (PDF)","value":"billet-electronique","selected":true,"tempId":"aco_1823","gt_translate_keys":["label"]},{"label":"Gift voucher (9\u20ac)","value":"billet-papier","selected":false,"tempId":"aco_38","tooltip":"Recevez vos billets dans une pochette cadeau pr\u00eate \u00e0 offrir (\u20ac9)","price":"9","gt_translate_keys":["label","tooltip"]}],"layOut":"inline","error":false,"checkUi":"","priceOptions":"different_for_all","pricingType":"fixed","options_tooltip":true,"enableDesign":false,"description":"","tooltip":"","isWeightTemplate":false,"isTemplate":false,"min_quantity":"1","quantity_decimal":false,"quantity_step":"1","quantity_label":"Quantity","repeater_field_label":"{field_label}","repeater_bind":"","gt_translate_keys":["label","description","tooltip","repeater_field_label","quantity_label"],"price_dependency":false,"cl_dependency":false,"value":""}],[{"label":"Bad weather cancellation insurance","active":true,"elementId":"header_96817c41d4dc15","className":"","subtype":"h3","enableCl":false,"relations":false,"cl_rule":"show","col":4,"type":"header","gt_translate_keys":["label"],"price_dependency":false,"cl_dependency":false,"value":""},{"active":true,"col":1,"relations":false,"cl_rule":"show","enableCl":false,"price":"","enablePrice":false,"className":"","label_position":"default","desc_position":"default","type":"content","required":false,"elementId":"content_66817c41d4dc1c","label":"","name":"content_66817c41d4dc1c","contentType":"plain","value":"<img src=\"https:\/\/montgolfieres-du-mont-blanc.fr\/wp-content\/uploads\/2024\/02\/weather_rain_cloud_wind_cloudy_lightning.webp\" width=\"30\" height=\"30\" \/>","error":false,"gt_translate_keys":["label","value"],"price_dependency":false,"cl_dependency":false}],[{"active":true,"col":4,"relations":false,"cl_rule":"show","enableCl":false,"price":"","enablePrice":true,"className":"","label_position":"default","desc_position":"default","type":"radio-group","required":false,"elementId":"radio-group_36817c41d4dc25","label":"Bad weather cancellation insurance","name":"radio-group_36817c41d4dc25","values":[{"label":"Yes, insure-me!","value":"option-1","selected":false,"tempId":"aco_657","tooltip":"Following a cancellation due to bad weather, and in the event that you have no other dates to reschedule your flight within the validity of the ticket, we will extend the ticket for a further 12 months or refund 100% of the ticket price. The value of the insurance, however, is non-refundable. Price: \u20ac29 per ticket, max \u20ac79 per order.","price":"(({field.select_36817c41d4dbec.value}+{field.select_16817c41d4dbfd.value}+{field.select_0673e56a8ead83.value})<3)?({field.select_36817c41d4dbec.value}+{field.select_16817c41d4dbfd.value}+{field.select_0673e56a8ead83.value})*29:79","formulaId":"fmla_1707389015851862681","gt_translate_keys":["label","tooltip"]},{"label":"No, thanks","value":"option-2","selected":true,"tempId":"aco_658","gt_translate_keys":["label"]}],"layOut":"","error":false,"checkUi":"","priceOptions":"different_for_all","pricingType":"custom","isTemplate":false,"options_tooltip":true,"repeater_field_label":"{field_label}","quantity_label":"Quantity","gt_translate_keys":["label","repeater_field_label","quantity_label"],"price_dependency":false,"cl_dependency":["content_36817c41d4dc2d"],"value":""},{"active":true,"col":1,"relations":[{"operator":false,"rules":[{"operator":false,"rules":{"cl_field":"radio-group_36817c41d4dc25","cl_relation":"is","cl_val":"option-1"}}]}],"cl_rule":"show","enableCl":true,"price":"","enablePrice":false,"className":"","label_position":"default","desc_position":"default","type":"content","required":false,"elementId":"content_36817c41d4dc2d","label":"","name":"content_36817c41d4dc2d","contentType":"plain","value":"<img src=\"https:\/\/montgolfieres-du-mont-blanc.fr\/wp-content\/uploads\/2024\/02\/symbole-de-bouclier-vert.webp\" width=\"30\" height=\"30\" \/>","error":false,"gt_translate_keys":["label","value"],"price_dependency":false,"cl_dependency":false}]]}},"config":{"price_override":"","enable_recaptcha":false,"bind_quantity":false,"quantity_bind_formula":false,"disp_summ_show_option_price":false,"disp_summ_show_product_price":false,"disp_summ_show_total_price":true,"disp_summ_show_fee":false,"disp_summ_show_discount":false,"summary_title":"","options_total_label":"Options Price","total_label":"Total","options_product_label":"Product Price","fee_label":"Fee","discount_label":"Discount","has_price":true,"has_quantity_formula":false},"mc_unit":1,"tax_rate":1,"tax_rate_real":0.2,"discount":{"percentage":0,"fixed":0},"design":{"conf":{"LabelPosition":"above","DescPosition":"below","UploadField":"custom_1","QuantityFieldStyle":"custom_1"},"css":{"LeftLabelWidth":"250px"}},"formulas":{"fmla_1707389015851862681":"((({field.select_4668531541.value}+{field.select-8571491058.value}+{field.select-9401121398.value})<3n)?(({field.select_4668531541.value}+{field.select-8571491058.value}+{field.select-9401121398.value})*29):(79))"},"lookuptables":[],"clones":false,"cartKey":false}},"_links":{"self":[{"href":"https:\/\/montgolfieres-du-mont-blanc.fr\/en\/wp-json\/wp\/v2\/product\/2907","targetHints":{"allow":["GET"]}}],"collection":[{"href":"https:\/\/montgolfieres-du-mont-blanc.fr\/en\/wp-json\/wp\/v2\/product"}],"about":[{"href":"https:\/\/montgolfieres-du-mont-blanc.fr\/en\/wp-json\/wp\/v2\/types\/product"}],"wp:featuredmedia":[{"embeddable":true,"href":"https:\/\/montgolfieres-du-mont-blanc.fr\/en\/wp-json\/wp\/v2\/media\/2909"}],"wp:attachment":[{"href":"https:\/\/montgolfieres-du-mont-blanc.fr\/en\/wp-json\/wp\/v2\/media?parent=2907"}],"wp:term":[{"taxonomy":"product_brand","embeddable":true,"href":"https:\/\/montgolfieres-du-mont-blanc.fr\/en\/wp-json\/wp\/v2\/product_brand?post=2907"},{"taxonomy":"product_cat","embeddable":true,"href":"https:\/\/montgolfieres-du-mont-blanc.fr\/en\/wp-json\/wp\/v2\/product_cat?post=2907"},{"taxonomy":"product_tag","embeddable":true,"href":"https:\/\/montgolfieres-du-mont-blanc.fr\/en\/wp-json\/wp\/v2\/product_tag?post=2907"}],"curies":[{"name":"wp","href":"https:\/\/api.w.org\/{rel}","templated":true}]}}