{"id":5989,"date":"2026-03-11T15:41:27","date_gmt":"2026-03-11T15:41:27","guid":{"rendered":"https:\/\/montgolfieres-du-mont-blanc.fr\/?post_type=product&#038;p=5989"},"modified":"2026-03-27T11:55:48","modified_gmt":"2026-03-27T11:55:48","slug":"discovery-flight-copie-copie-2","status":"publish","type":"product","link":"https:\/\/montgolfieres-du-mont-blanc.fr\/en\/produit\/discovery-flight-copie-copie-2\/","title":{"rendered":"Discovery Flight &#8211; Early Bird Offer"},"content":{"rendered":"<div class=\"img\"><img loading=\"lazy\" decoding=\"async\" class=\"alignnone wp-image-256 \" src=\"https:\/\/montgolfieres-du-mont-blanc.fr\/wp-content\/uploads\/2024\/01\/Icone_BestSeller-239x300-1.webp\" alt=\"\" width=\"36\" height=\"45\" srcset=\"https:\/\/montgolfieres-du-mont-blanc.fr\/wp-content\/uploads\/2024\/01\/Icone_BestSeller-239x300-1.webp 239w, https:\/\/montgolfieres-du-mont-blanc.fr\/wp-content\/uploads\/2024\/01\/Icone_BestSeller-239x300-1-19x24.webp 19w, https:\/\/montgolfieres-du-mont-blanc.fr\/wp-content\/uploads\/2024\/01\/Icone_BestSeller-239x300-1-29x36.webp 29w, https:\/\/montgolfieres-du-mont-blanc.fr\/wp-content\/uploads\/2024\/01\/Icone_BestSeller-239x300-1-38x48.webp 38w\" sizes=\"auto, (max-width: 36px) 100vw, 36px\" \/><\/div>\n","protected":false},"excerpt":{"rendered":"<p><img loading=\"lazy\" decoding=\"async\" class=\"alignnone wp-image-6021 size-full\" src=\"https:\/\/montgolfieres-du-mont-blanc.fr\/wp-content\/uploads\/2026\/03\/Early-bird-offer-2026-1.png\" alt=\"\" width=\"1200\" height=\"675\" srcset=\"https:\/\/montgolfieres-du-mont-blanc.fr\/wp-content\/uploads\/2026\/03\/Early-bird-offer-2026-1.png 1200w, https:\/\/montgolfieres-du-mont-blanc.fr\/wp-content\/uploads\/2026\/03\/Early-bird-offer-2026-1-300x169.png 300w, https:\/\/montgolfieres-du-mont-blanc.fr\/wp-content\/uploads\/2026\/03\/Early-bird-offer-2026-1-1024x576.png 1024w, https:\/\/montgolfieres-du-mont-blanc.fr\/wp-content\/uploads\/2026\/03\/Early-bird-offer-2026-1-768x432.png 768w, https:\/\/montgolfieres-du-mont-blanc.fr\/wp-content\/uploads\/2026\/03\/Early-bird-offer-2026-1-24x14.png 24w, https:\/\/montgolfieres-du-mont-blanc.fr\/wp-content\/uploads\/2026\/03\/Early-bird-offer-2026-1-36x20.png 36w, https:\/\/montgolfieres-du-mont-blanc.fr\/wp-content\/uploads\/2026\/03\/Early-bird-offer-2026-1-48x27.png 48w, https:\/\/montgolfieres-du-mont-blanc.fr\/wp-content\/uploads\/2026\/03\/Early-bird-offer-2026-1-600x338.png 600w\" sizes=\"auto, (max-width: 1200px) 100vw, 1200px\" \/><\/p>\n[gallery id=\"4922121d90\"]\n<p>&nbsp;<\/p>\n<h2 style=\"text-align: left;\">Flight description<\/h2>\n<p><span style=\"font-weight: 400;\">Flying in a hot air balloon is a unique and unforgettable experience, a dream come true. A gift to offer to a loved one or simply for yourself, any occasion is good to take a flight onboard one of our baskets and enjoy the view of Lake Annecy and the Alps.<\/span><\/p>\n<p><span style=\"font-weight: 400;\">With the company of your experienced pilot, you will explore our beautiful region in the calmest and most peaceful way, flying over the countryside, lake, and mountains. Take-off in complete serenity and experience your first flight in a hot air balloon in one of the most beautiful regions of France.<\/span><\/p>\n<p><span style=\"font-weight: 400;\">A truly unforgettable moment to share with your loved ones\u2026<br \/>\n<\/span><\/p>\n<h2 style=\"text-align: left;\">Experience overview<\/h2>\n<p style=\"left: 0; width: 100%; height: 0; position: relative; padding-bottom: 56.25%;\"><iframe style=\"top: 0; left: 0; width: 100%; height: 100%; position: absolute; border: 0;\" src=\"https:\/\/www.youtube.com\/embed\/17uSuEyQ-Gk?rel=0\" scrolling=\"no\" allowfullscreen=\"allowfullscreen\"><\/iframe><\/p>\n","protected":false},"featured_media":6019,"template":"","meta":{"_acf_changed":false,"_coblocks_attr":"","_coblocks_dimensions":"","_coblocks_responsive_height":"","_coblocks_accordion_ie_support":"","inline_featured_image":false},"product_brand":[],"product_cat":[42],"product_tag":[43],"class_list":{"0":"post-5989","1":"product","2":"type-product","3":"status-publish","4":"has-post-thumbnail","6":"product_cat-our-flights","7":"product_tag-highlight-en","8":"wcpa_has_options","10":"first","11":"instock","12":"taxable","13":"shipping-taxable","14":"purchasable","15":"product-type-simple"},"acf":[],"yoast_head":"<!-- This site is optimized with the Yoast SEO plugin v25.8 - https:\/\/yoast.com\/wordpress\/plugins\/seo\/ -->\n<title>Hot Air Balloon Baptism Annecy &amp; Alpes | Montgolfi\u00e8res du Mont-Blanc<\/title>\n<meta name=\"description\" content=\"Discover the magic of hot-air ballooning. Treat yourself or others to an unforgettable experience over Lake Annecy &amp; the Alps\" \/>\n<meta name=\"robots\" content=\"index, follow, max-snippet:-1, max-image-preview:large, max-video-preview:-1\" \/>\n<link rel=\"canonical\" href=\"https:\/\/montgolfieres-du-mont-blanc.fr\/en\/produit\/discovery-flight-copie-copie-2\/\" \/>\n<meta property=\"og:locale\" content=\"en_US\" \/>\n<meta property=\"og:type\" content=\"article\" \/>\n<meta property=\"og:title\" content=\"Hot Air Balloon Baptism Annecy &amp; Alpes | Montgolfi\u00e8res du Mont-Blanc\" \/>\n<meta property=\"og:description\" content=\"Discover the magic of hot-air ballooning. Treat yourself or others to an unforgettable experience over Lake Annecy &amp; the Alps\" \/>\n<meta property=\"og:url\" content=\"https:\/\/montgolfieres-du-mont-blanc.fr\/en\/produit\/discovery-flight-copie-copie-2\/\" \/>\n<meta property=\"og:site_name\" content=\"Montgolfi\u00e8res du Mont-Blanc\" \/>\n<meta property=\"article:publisher\" content=\"https:\/\/www.facebook.com\/montgolfieresdumontblanc\/\" \/>\n<meta property=\"article:modified_time\" content=\"2026-03-27T11:55:48+00:00\" \/>\n<meta property=\"og:image\" content=\"https:\/\/montgolfieres-du-mont-blanc.fr\/wp-content\/uploads\/2026\/03\/Offre-de-printemps2026.png\" \/>\n\t<meta property=\"og:image:width\" content=\"500\" \/>\n\t<meta property=\"og:image:height\" content=\"450\" \/>\n\t<meta property=\"og:image:type\" content=\"image\/png\" \/>\n<meta name=\"twitter:card\" content=\"summary_large_image\" \/>\n<!-- \/ Yoast SEO plugin. -->","yoast_head_json":{"title":"Hot Air Balloon Baptism Annecy & Alpes | Montgolfi\u00e8res du Mont-Blanc","description":"Discover the magic of hot-air ballooning. Treat yourself or others to an unforgettable experience over Lake Annecy & the Alps","robots":{"index":"index","follow":"follow","max-snippet":"max-snippet:-1","max-image-preview":"max-image-preview:large","max-video-preview":"max-video-preview:-1"},"canonical":"https:\/\/montgolfieres-du-mont-blanc.fr\/en\/produit\/discovery-flight-copie-copie-2\/","og_locale":"en_US","og_type":"article","og_title":"Hot Air Balloon Baptism Annecy & Alpes | Montgolfi\u00e8res du Mont-Blanc","og_description":"Discover the magic of hot-air ballooning. Treat yourself or others to an unforgettable experience over Lake Annecy & the Alps","og_url":"https:\/\/montgolfieres-du-mont-blanc.fr\/en\/produit\/discovery-flight-copie-copie-2\/","og_site_name":"Montgolfi\u00e8res du Mont-Blanc","article_publisher":"https:\/\/www.facebook.com\/montgolfieresdumontblanc\/","article_modified_time":"2026-03-27T11:55:48+00:00","og_image":[{"width":500,"height":450,"url":"https:\/\/montgolfieres-du-mont-blanc.fr\/wp-content\/uploads\/2026\/03\/Offre-de-printemps2026.png","type":"image\/png"}],"twitter_card":"summary_large_image","schema":{"@context":"https:\/\/schema.org","@graph":[{"@type":"WebPage","@id":"https:\/\/montgolfieres-du-mont-blanc.fr\/en\/produit\/discovery-flight-copie-copie-2\/","url":"https:\/\/montgolfieres-du-mont-blanc.fr\/en\/produit\/discovery-flight-copie-copie-2\/","name":"Hot Air Balloon Baptism Annecy & Alpes | Montgolfi\u00e8res du Mont-Blanc","isPartOf":{"@id":"https:\/\/montgolfieres-du-mont-blanc.fr\/#website"},"primaryImageOfPage":{"@id":"https:\/\/montgolfieres-du-mont-blanc.fr\/en\/produit\/discovery-flight-copie-copie-2\/#primaryimage"},"image":{"@id":"https:\/\/montgolfieres-du-mont-blanc.fr\/en\/produit\/discovery-flight-copie-copie-2\/#primaryimage"},"thumbnailUrl":"https:\/\/montgolfieres-du-mont-blanc.fr\/wp-content\/uploads\/2026\/03\/Offre-de-printemps2026.png","datePublished":"2026-03-11T15:41:27+00:00","dateModified":"2026-03-27T11:55:48+00:00","description":"Discover the magic of hot-air ballooning. Treat yourself or others to an unforgettable experience over Lake Annecy & the Alps","breadcrumb":{"@id":"https:\/\/montgolfieres-du-mont-blanc.fr\/en\/produit\/discovery-flight-copie-copie-2\/#breadcrumb"},"inLanguage":"en-US","potentialAction":[{"@type":"ReadAction","target":["https:\/\/montgolfieres-du-mont-blanc.fr\/en\/produit\/discovery-flight-copie-copie-2\/"]}]},{"@type":"ImageObject","inLanguage":"en-US","@id":"https:\/\/montgolfieres-du-mont-blanc.fr\/en\/produit\/discovery-flight-copie-copie-2\/#primaryimage","url":"https:\/\/montgolfieres-du-mont-blanc.fr\/wp-content\/uploads\/2026\/03\/Offre-de-printemps2026.png","contentUrl":"https:\/\/montgolfieres-du-mont-blanc.fr\/wp-content\/uploads\/2026\/03\/Offre-de-printemps2026.png","width":500,"height":450,"caption":"Offre de printemps"},{"@type":"BreadcrumbList","@id":"https:\/\/montgolfieres-du-mont-blanc.fr\/en\/produit\/discovery-flight-copie-copie-2\/#breadcrumb","itemListElement":[{"@type":"ListItem","position":1,"name":"Accueil","item":"https:\/\/montgolfieres-du-mont-blanc.fr\/en\/"},{"@type":"ListItem","position":2,"name":"Shop","item":"https:\/\/montgolfieres-du-mont-blanc.fr\/en\/shop\/"},{"@type":"ListItem","position":3,"name":"Discovery Flight &#8211; Early Bird Offer"}]},{"@type":"WebSite","@id":"https:\/\/montgolfieres-du-mont-blanc.fr\/#website","url":"https:\/\/montgolfieres-du-mont-blanc.fr\/","name":"Montgolfi\u00e8res du Mont-Blanc","description":"Vol en montgolfi\u00e8re au d\u00e9part de la Haute Savoie, Annecy, Jura, Chablais","publisher":{"@id":"https:\/\/montgolfieres-du-mont-blanc.fr\/#organization"},"potentialAction":[{"@type":"SearchAction","target":{"@type":"EntryPoint","urlTemplate":"https:\/\/montgolfieres-du-mont-blanc.fr\/?s={search_term_string}"},"query-input":{"@type":"PropertyValueSpecification","valueRequired":true,"valueName":"search_term_string"}}],"inLanguage":"en-US"},{"@type":"Organization","@id":"https:\/\/montgolfieres-du-mont-blanc.fr\/#organization","name":"Montgolfi\u00e8res du Mont-Blanc","url":"https:\/\/montgolfieres-du-mont-blanc.fr\/","logo":{"@type":"ImageObject","inLanguage":"en-US","@id":"https:\/\/montgolfieres-du-mont-blanc.fr\/#\/schema\/logo\/image\/","url":"https:\/\/montgolfieres-du-mont-blanc.fr\/wp-content\/uploads\/2024\/02\/logo-bdl.svg","contentUrl":"https:\/\/montgolfieres-du-mont-blanc.fr\/wp-content\/uploads\/2024\/02\/logo-bdl.svg","width":76,"height":101,"caption":"Montgolfi\u00e8res du Mont-Blanc"},"image":{"@id":"https:\/\/montgolfieres-du-mont-blanc.fr\/#\/schema\/logo\/image\/"},"sameAs":["https:\/\/www.facebook.com\/montgolfieresdumontblanc\/","https:\/\/www.instagram.com\/montgolfieresdumontblanc"]}]}},"wcpa_form_fields":{"wcpaData":{"product":{"product_price":0,"price_html":"<span class=\"woocommerce-Price-amount amount\"><bdi>0,00<span class=\"woocommerce-Price-currencySymbol\">&euro;<\/span><\/bdi><\/span><\/span>","original_product_price":0,"price_including_tax":0,"price_excluding_tax":0,"product_id":{"parent":5989,"variation":false},"is_variable":false,"stock_status":"instock","stock_quantity":null,"parent_sku":"","product_attributes":[],"custom_fields":[],"is_taxable":true,"product_name":"Discovery Flight - Early Bird Offer","hasImage":false},"fields":{"sec_4695e883757522":{"extra":{"key":"sec_4695e883757522","section_id":"sec_4695e883757522","name":"Default","status":1,"cl_rule":"show","enableCl":false,"relations":[],"toggle":true,"title_tag":"h3","show_title":false,"showPrice":"default","className":"","form_id":6009,"form_rules":{"exclude_from_discount":false,"fee_label":"Fee","disp_hide_options_price":true,"disp_show_section_price":false,"disp_show_field_price":false,"layout_option":"standard","pric_use_as_fee":false,"process_fee_as":"woo_fee"},"layout_option":"standard"},"fields":[[{"active":true,"col":5,"relations":false,"cl_rule":"show","enableCl":false,"price":"","enablePrice":false,"className":"","label_position":"default","desc_position":"default","type":"header","required":false,"elementId":"header_6695e88375753c","label":"Select the number of tickets required:","subtype":"h3","error":false,"gt_translate_keys":["label"],"price_dependency":false,"cl_dependency":false,"value":""}],[{"active":true,"col":4,"relations":false,"cl_rule":"show","enableCl":false,"price":"","enablePrice":false,"className":"","label_position":"default","desc_position":"default","type":"header","required":false,"elementId":"header_0695e883757543","label":"Adult(s)","subtype":"h4","error":false,"gt_translate_keys":["label"],"price_dependency":false,"cl_dependency":false,"value":""},{"active":true,"col":1,"relations":false,"cl_rule":"show","enableCl":false,"price":"279","enablePrice":true,"className":"","label_position":"disable","desc_position":"disable","type":"select","required":false,"elementId":"select_4695e883757548","label":"Adulte(s)","name":"select_4695e883757548","values":[{"label":"0","value":"0","selected":false,"tempId":"aco_633","price":"0","gt_translate_keys":["label"]},{"label":"1","value":"1","selected":true,"tempId":"aco_292","price":"329","gt_translate_keys":["label"]},{"label":"2","value":"2","selected":false,"tempId":"aco_293","price":"319","gt_translate_keys":["label"]},{"label":"3","value":"3","selected":false,"tempId":"aco_294","price":"309","gt_translate_keys":["label"]},{"label":"4","value":"4","selected":false,"tempId":"aco_367","price":"299","gt_translate_keys":["label"]},{"label":"5","value":"5","selected":false,"tempId":"aco_377","price":"289","gt_translate_keys":["label"]},{"label":"6","value":"6","selected":false,"tempId":"aco_387","price":"289","gt_translate_keys":["label"]},{"label":"7","value":"7","selected":false,"tempId":"aco_397","price":"289","gt_translate_keys":["label"]},{"label":"8","value":"8","selected":false,"tempId":"aco_407","price":"289","gt_translate_keys":["label"]},{"label":"9","value":"9","selected":false,"tempId":"aco_36","gt_translate_keys":["label"]},{"label":"10","value":"10","selected":false,"tempId":"aco_46","gt_translate_keys":["label"]},{"label":"11","value":"11","selected":false,"tempId":"aco_56","gt_translate_keys":["label"]},{"label":"12","value":"12","selected":false,"tempId":"aco_66","gt_translate_keys":["label"]}],"dropdown_type":"basic","error":false,"priceOptions":"fixed_for_all","pricingType":"multiply","description":"","enableDesign":false,"isWeightTemplate":false,"isTemplate":false,"min_quantity":"1","quantity_decimal":false,"quantity_step":"1","quantity_label":"Quantity","repeater_field_label":"{field_label}","repeater_bind":"","gt_translate_keys":["label","description","repeater_field_label","quantity_label"],"price_dependency":["radio-group_0695e88375756b"],"cl_dependency":false,"value":""}],[{"label":"Child(ren) 6-15 years old","active":true,"elementId":"header_7695e88375754d","className":"","subtype":"h4","enableCl":false,"relations":false,"cl_rule":"show","col":4,"type":"header","error":false,"gt_translate_keys":["label"],"price_dependency":false,"cl_dependency":false,"value":""},{"label":"Enfant(s) -16 ans","active":true,"required":false,"elementId":"select_4695e883757551","dropdown_type":"basic","name":"select_4695e883757551","label_position":"disable","desc_position":"disable","enablePrice":true,"className":"","enableCl":false,"relations":false,"values":[{"label":"0","value":"0","selected":true,"tempId":"aco_633","price":"0","gt_translate_keys":["label"]},{"label":"1","value":"1","selected":false,"tempId":"aco_292","price":"195","gt_translate_keys":["label"]},{"label":"2","value":"2","selected":false,"tempId":"aco_293","price":"195","gt_translate_keys":["label"]},{"label":"3","value":"3","selected":false,"tempId":"aco_294","price":"195","gt_translate_keys":["label"]},{"label":"4","value":"4","selected":false,"tempId":"aco_367","price":"195","gt_translate_keys":["label"]}],"priceOptions":"fixed_for_all","pricingType":"multiply","price":"195","cl_rule":"show","col":1,"type":"select","error":false,"isWeightTemplate":false,"isTemplate":false,"min_quantity":"1","quantity_decimal":false,"quantity_step":"1","quantity_label":"Quantity","repeater_field_label":"{field_label}","repeater_bind":"","gt_translate_keys":["label","repeater_field_label","quantity_label"],"price_dependency":["radio-group_0695e88375756b"],"cl_dependency":false,"value":""}],[{"active":true,"col":4,"relations":false,"cl_rule":"show","enableCl":false,"price":"","enablePrice":false,"className":"","label_position":"default","desc_position":"default","type":"header","required":false,"elementId":"header_3695e883757556","label":"Type of Ticket","subtype":"h3","error":false,"gt_translate_keys":["label"],"price_dependency":false,"cl_dependency":false,"value":""}],[{"active":true,"col":5,"relations":false,"cl_rule":"show","enableCl":false,"price":"","enablePrice":true,"className":"option-billet-papier","label_position":"default","desc_position":"default","type":"radio-group","required":false,"elementId":"radio-group_9695e88375755c","label":"Type of Ticket","name":"radio-group_9695e88375755c","values":[{"label":"Electronic ticket (PDF)","value":"billet-electronique","selected":true,"tempId":"aco_1823","gt_translate_keys":["label"]},{"label":"Gift Voucher (9 \u20ac)","value":"billet-papier","selected":false,"tempId":"aco_38","tooltip":"Receive the gift vouchers in the post","price":"9","gt_translate_keys":["label","tooltip"]}],"layOut":"inline","error":false,"checkUi":"","priceOptions":"different_for_all","pricingType":"fixed","options_tooltip":true,"enableDesign":false,"description":"","tooltip":"","isWeightTemplate":false,"isTemplate":false,"min_quantity":"1","quantity_decimal":false,"quantity_step":"1","quantity_label":"Quantity","repeater_field_label":"{field_label}","repeater_bind":"","gt_translate_keys":["label","description","tooltip","repeater_field_label","quantity_label"],"price_dependency":false,"cl_dependency":false,"value":""}],[{"label":"Bad Weather Cancellation Insurance","active":true,"elementId":"header_6695e883757561","className":"","subtype":"h3","enableCl":false,"relations":false,"cl_rule":"show","col":4,"type":"header","gt_translate_keys":["label"],"price_dependency":false,"cl_dependency":false,"value":""},{"active":true,"col":1,"relations":false,"cl_rule":"show","enableCl":false,"price":"","enablePrice":false,"className":"","label_position":"default","desc_position":"default","type":"content","required":false,"elementId":"content_5695e883757566","label":"","name":"content_5695e883757566","contentType":"plain","value":"<img src=\"https:\/\/montgolfieres-du-mont-blanc.fr\/wp-content\/uploads\/2024\/02\/weather_rain_cloud_wind_cloudy_lightning.webp\" width=\"30\" height=\"30\" \/>","error":false,"gt_translate_keys":["label","value"],"price_dependency":false,"cl_dependency":false}],[{"active":true,"col":4,"relations":false,"cl_rule":"show","enableCl":false,"price":"","enablePrice":true,"className":"","label_position":"default","desc_position":"default","type":"radio-group","required":false,"elementId":"radio-group_0695e88375756b","label":"Bad Weather Cancellation Insurance","name":"radio-group_0695e88375756b","values":[{"label":"Yes, insure me !","value":"option-1","selected":false,"tempId":"aco_657","tooltip":" 29\u20ac par billet, avec un maximum de 79\u20ac par co","price":"(({field.select_4695e883757548.value}+{field.select_4695e883757551.value}+{field.select_0673e56a8ead83.value})<3)?({field.select_4695e883757548.value}+{field.select_4695e883757551.value}+{field.select_0673e56a8ead83.value})*29:79","formulaId":"fmla_1707389015851862681","gt_translate_keys":["label","tooltip"]},{"label":"No thanks","value":"option-2","selected":true,"tempId":"aco_658","tooltip":"In the event of a cancellation due to bad weather, and if you do not have alternative dates to reschedule your flight within the ticket's validity period, we will extend your ticket for an additional 12 months or refund the ticket price in full. However, the insurance premium is non-refundable. Price: \u20ac29 per ticket, with a maximum of \u20ac79 per order.","gt_translate_keys":["label","tooltip"]}],"layOut":"","error":false,"checkUi":"","priceOptions":"different_for_all","pricingType":"custom","isTemplate":false,"options_tooltip":true,"repeater_field_label":"{field_label}","quantity_label":"Quantity","gt_translate_keys":["label","repeater_field_label","quantity_label"],"price_dependency":false,"cl_dependency":["content_2695e88375756f"],"value":""},{"active":true,"col":1,"relations":[{"operator":false,"rules":[{"operator":false,"rules":{"cl_field":"radio-group_0695e88375756b","cl_relation":"is","cl_val":"option-1"}}]}],"cl_rule":"show","enableCl":true,"price":"","enablePrice":false,"className":"","label_position":"default","desc_position":"default","type":"content","required":false,"elementId":"content_2695e88375756f","label":"","name":"content_2695e88375756f","contentType":"plain","value":"<img src=\"https:\/\/montgolfieres-du-mont-blanc.fr\/wp-content\/uploads\/2024\/02\/symbole-de-bouclier-vert.webp\" width=\"30\" height=\"30\" \/>","error":false,"gt_translate_keys":["label","value"],"price_dependency":false,"cl_dependency":false}]]}},"config":{"price_override":"","enable_recaptcha":false,"bind_quantity":false,"quantity_bind_formula":false,"disp_summ_show_option_price":false,"disp_summ_show_product_price":false,"disp_summ_show_total_price":true,"disp_summ_show_fee":false,"disp_summ_show_discount":false,"summary_title":"","options_total_label":"Options Price","total_label":"Total","options_product_label":"Product Price","fee_label":"Fee","discount_label":"Discount","has_price":true,"has_quantity_formula":false},"mc_unit":1,"tax_rate":1,"tax_rate_real":0.2,"discount":{"percentage":0,"fixed":0},"design":{"conf":{"LabelPosition":"above","DescPosition":"below","UploadField":"custom_1","QuantityFieldStyle":"custom_1"},"css":{"LeftLabelWidth":"250px"}},"formulas":{"fmla_1707389015851862681":"((({field.select_4668531541.value}+{field.select-8571491058.value}+{field.select-9401121398.value})<3n)?(({field.select_4668531541.value}+{field.select-8571491058.value}+{field.select-9401121398.value})*29):(79))"},"lookuptables":[],"clones":false,"cartKey":false}},"_links":{"self":[{"href":"https:\/\/montgolfieres-du-mont-blanc.fr\/en\/wp-json\/wp\/v2\/product\/5989","targetHints":{"allow":["GET"]}}],"collection":[{"href":"https:\/\/montgolfieres-du-mont-blanc.fr\/en\/wp-json\/wp\/v2\/product"}],"about":[{"href":"https:\/\/montgolfieres-du-mont-blanc.fr\/en\/wp-json\/wp\/v2\/types\/product"}],"wp:featuredmedia":[{"embeddable":true,"href":"https:\/\/montgolfieres-du-mont-blanc.fr\/en\/wp-json\/wp\/v2\/media\/6019"}],"wp:attachment":[{"href":"https:\/\/montgolfieres-du-mont-blanc.fr\/en\/wp-json\/wp\/v2\/media?parent=5989"}],"wp:term":[{"taxonomy":"product_brand","embeddable":true,"href":"https:\/\/montgolfieres-du-mont-blanc.fr\/en\/wp-json\/wp\/v2\/product_brand?post=5989"},{"taxonomy":"product_cat","embeddable":true,"href":"https:\/\/montgolfieres-du-mont-blanc.fr\/en\/wp-json\/wp\/v2\/product_cat?post=5989"},{"taxonomy":"product_tag","embeddable":true,"href":"https:\/\/montgolfieres-du-mont-blanc.fr\/en\/wp-json\/wp\/v2\/product_tag?post=5989"}],"curies":[{"name":"wp","href":"https:\/\/api.w.org\/{rel}","templated":true}]}}