{"id":952,"date":"2024-01-03T13:15:08","date_gmt":"2024-01-03T13:15:08","guid":{"rendered":"https:\/\/dev.montgolfieres-du-mont-blanc.frproduct\/discovery-flight\/"},"modified":"2025-11-19T16:28:29","modified_gmt":"2025-11-19T16:28:29","slug":"discovery-flight","status":"publish","type":"product","link":"https:\/\/montgolfieres-du-mont-blanc.fr\/en\/produit\/discovery-flight\/","title":{"rendered":"Discovery Flight"},"content":{"rendered":"<div class=\"img\"><img loading=\"lazy\" decoding=\"async\" class=\"alignnone wp-image-256 \" src=\"https:\/\/montgolfieres-du-mont-blanc.fr\/wp-content\/uploads\/2024\/01\/Icone_BestSeller-239x300-1.webp\" alt=\"\" width=\"36\" height=\"45\" srcset=\"https:\/\/montgolfieres-du-mont-blanc.fr\/wp-content\/uploads\/2024\/01\/Icone_BestSeller-239x300-1.webp 239w, https:\/\/montgolfieres-du-mont-blanc.fr\/wp-content\/uploads\/2024\/01\/Icone_BestSeller-239x300-1-19x24.webp 19w, https:\/\/montgolfieres-du-mont-blanc.fr\/wp-content\/uploads\/2024\/01\/Icone_BestSeller-239x300-1-29x36.webp 29w, https:\/\/montgolfieres-du-mont-blanc.fr\/wp-content\/uploads\/2024\/01\/Icone_BestSeller-239x300-1-38x48.webp 38w\" sizes=\"auto, (max-width: 36px) 100vw, 36px\" \/><\/div>\n","protected":false},"excerpt":{"rendered":"[gallery id=\"4922121d90\"]\n<p>&nbsp;<\/p>\n<h2 style=\"text-align: left;\">  Flight description<\/h2>\n<p><span style=\"font-weight: 400;\">Flying in a hot air balloon is a unique and unforgettable experience, a dream come true. A gift to offer to a loved one or simply for yourself, any occasion is good to take a flight onboard one of our baskets and enjoy the view of Lake Annecy and the Alps.<\/span><\/p>\n<p><span style=\"font-weight: 400;\">With the company of your experienced pilot, you will explore our beautiful region in the calmest and most peaceful way, flying over the countryside, lake, and mountains. Take-off in complete serenity and experience your first flight in a hot air balloon in one of the most beautiful regions of France.<\/span><\/p>\n<p><span style=\"font-weight: 400;\">A truly unforgettable moment to share with your loved ones\u2026<br \/>\n<\/span><\/p>\n<h2 style=\"text-align: left;\">Experience overview<\/h2>\n<p style=\"left: 0; width: 100%; height: 0; position: relative; padding-bottom: 56.25%;\"><iframe style=\"top: 0; left: 0; width: 100%; height: 100%; position: absolute; border: 0;\" src=\"https:\/\/www.youtube.com\/embed\/17uSuEyQ-Gk?rel=0\" scrolling=\"no\" allowfullscreen=\"allowfullscreen\"><\/iframe><\/p>\n","protected":false},"featured_media":1569,"template":"","meta":{"_acf_changed":false,"_coblocks_attr":"","_coblocks_dimensions":"","_coblocks_responsive_height":"","_coblocks_accordion_ie_support":"","inline_featured_image":false},"product_brand":[],"product_cat":[42],"product_tag":[43],"class_list":{"0":"post-952","1":"product","2":"type-product","3":"status-publish","4":"has-post-thumbnail","6":"product_cat-our-flights","7":"product_tag-highlight-en","8":"wcpa_has_options","10":"first","11":"instock","12":"taxable","13":"shipping-taxable","14":"purchasable","15":"product-type-simple"},"acf":[],"yoast_head":"<!-- This site is optimized with the Yoast SEO plugin v25.8 - https:\/\/yoast.com\/wordpress\/plugins\/seo\/ -->\n<title>Hot Air Balloon Baptism Annecy &amp; Alpes | Montgolfi\u00e8res du Mont-Blanc<\/title>\n<meta name=\"description\" content=\"Discover the magic of hot-air ballooning. Treat yourself or others to an unforgettable experience over Lake Annecy &amp; the Alps\" \/>\n<meta name=\"robots\" content=\"index, follow, max-snippet:-1, max-image-preview:large, max-video-preview:-1\" \/>\n<link rel=\"canonical\" href=\"https:\/\/montgolfieres-du-mont-blanc.fr\/en\/produit\/discovery-flight\/\" \/>\n<meta property=\"og:locale\" content=\"en_US\" \/>\n<meta property=\"og:type\" content=\"article\" \/>\n<meta property=\"og:title\" content=\"Hot Air Balloon Baptism Annecy &amp; Alpes | Montgolfi\u00e8res du Mont-Blanc\" \/>\n<meta property=\"og:description\" content=\"Discover the magic of hot-air ballooning. Treat yourself or others to an unforgettable experience over Lake Annecy &amp; the Alps\" \/>\n<meta property=\"og:url\" content=\"https:\/\/montgolfieres-du-mont-blanc.fr\/en\/produit\/discovery-flight\/\" \/>\n<meta property=\"og:site_name\" content=\"Montgolfi\u00e8res du Mont-Blanc\" \/>\n<meta property=\"article:publisher\" content=\"https:\/\/www.facebook.com\/montgolfieresdumontblanc\/\" \/>\n<meta property=\"article:modified_time\" content=\"2025-11-19T16:28:29+00:00\" \/>\n<meta property=\"og:image\" content=\"https:\/\/montgolfieres-du-mont-blanc.fr\/wp-content\/uploads\/2024\/02\/73ef7c86-2d2c-47c1-874f-dd8d1c9e95cb.jpeg\" \/>\n\t<meta property=\"og:image:width\" content=\"1600\" \/>\n\t<meta property=\"og:image:height\" content=\"1042\" \/>\n\t<meta property=\"og:image:type\" content=\"image\/jpeg\" \/>\n<meta name=\"twitter:card\" content=\"summary_large_image\" \/>\n<!-- \/ Yoast SEO plugin. -->","yoast_head_json":{"title":"Hot Air Balloon Baptism Annecy & Alpes | Montgolfi\u00e8res du Mont-Blanc","description":"Discover the magic of hot-air ballooning. Treat yourself or others to an unforgettable experience over Lake Annecy & the Alps","robots":{"index":"index","follow":"follow","max-snippet":"max-snippet:-1","max-image-preview":"max-image-preview:large","max-video-preview":"max-video-preview:-1"},"canonical":"https:\/\/montgolfieres-du-mont-blanc.fr\/en\/produit\/discovery-flight\/","og_locale":"en_US","og_type":"article","og_title":"Hot Air Balloon Baptism Annecy & Alpes | Montgolfi\u00e8res du Mont-Blanc","og_description":"Discover the magic of hot-air ballooning. Treat yourself or others to an unforgettable experience over Lake Annecy & the Alps","og_url":"https:\/\/montgolfieres-du-mont-blanc.fr\/en\/produit\/discovery-flight\/","og_site_name":"Montgolfi\u00e8res du Mont-Blanc","article_publisher":"https:\/\/www.facebook.com\/montgolfieresdumontblanc\/","article_modified_time":"2025-11-19T16:28:29+00:00","og_image":[{"width":1600,"height":1042,"url":"https:\/\/montgolfieres-du-mont-blanc.fr\/wp-content\/uploads\/2024\/02\/73ef7c86-2d2c-47c1-874f-dd8d1c9e95cb.jpeg","type":"image\/jpeg"}],"twitter_card":"summary_large_image","schema":{"@context":"https:\/\/schema.org","@graph":[{"@type":"WebPage","@id":"https:\/\/montgolfieres-du-mont-blanc.fr\/en\/produit\/discovery-flight\/","url":"https:\/\/montgolfieres-du-mont-blanc.fr\/en\/produit\/discovery-flight\/","name":"Hot Air Balloon Baptism Annecy & Alpes | Montgolfi\u00e8res du Mont-Blanc","isPartOf":{"@id":"https:\/\/montgolfieres-du-mont-blanc.fr\/#website"},"primaryImageOfPage":{"@id":"https:\/\/montgolfieres-du-mont-blanc.fr\/en\/produit\/discovery-flight\/#primaryimage"},"image":{"@id":"https:\/\/montgolfieres-du-mont-blanc.fr\/en\/produit\/discovery-flight\/#primaryimage"},"thumbnailUrl":"https:\/\/montgolfieres-du-mont-blanc.fr\/wp-content\/uploads\/2024\/02\/73ef7c86-2d2c-47c1-874f-dd8d1c9e95cb.jpeg","datePublished":"2024-01-03T13:15:08+00:00","dateModified":"2025-11-19T16:28:29+00:00","description":"Discover the magic of hot-air ballooning. Treat yourself or others to an unforgettable experience over Lake Annecy & the Alps","breadcrumb":{"@id":"https:\/\/montgolfieres-du-mont-blanc.fr\/en\/produit\/discovery-flight\/#breadcrumb"},"inLanguage":"en-US","potentialAction":[{"@type":"ReadAction","target":["https:\/\/montgolfieres-du-mont-blanc.fr\/en\/produit\/discovery-flight\/"]}]},{"@type":"ImageObject","inLanguage":"en-US","@id":"https:\/\/montgolfieres-du-mont-blanc.fr\/en\/produit\/discovery-flight\/#primaryimage","url":"https:\/\/montgolfieres-du-mont-blanc.fr\/wp-content\/uploads\/2024\/02\/73ef7c86-2d2c-47c1-874f-dd8d1c9e95cb.jpeg","contentUrl":"https:\/\/montgolfieres-du-mont-blanc.fr\/wp-content\/uploads\/2024\/02\/73ef7c86-2d2c-47c1-874f-dd8d1c9e95cb.jpeg","width":1600,"height":1042},{"@type":"BreadcrumbList","@id":"https:\/\/montgolfieres-du-mont-blanc.fr\/en\/produit\/discovery-flight\/#breadcrumb","itemListElement":[{"@type":"ListItem","position":1,"name":"Accueil","item":"https:\/\/montgolfieres-du-mont-blanc.fr\/en\/"},{"@type":"ListItem","position":2,"name":"Shop","item":"https:\/\/montgolfieres-du-mont-blanc.fr\/en\/shop\/"},{"@type":"ListItem","position":3,"name":"Discovery Flight"}]},{"@type":"WebSite","@id":"https:\/\/montgolfieres-du-mont-blanc.fr\/#website","url":"https:\/\/montgolfieres-du-mont-blanc.fr\/","name":"Montgolfi\u00e8res du Mont-Blanc","description":"Vol en montgolfi\u00e8re au d\u00e9part de la Haute Savoie, Annecy, Jura, Chablais","publisher":{"@id":"https:\/\/montgolfieres-du-mont-blanc.fr\/#organization"},"potentialAction":[{"@type":"SearchAction","target":{"@type":"EntryPoint","urlTemplate":"https:\/\/montgolfieres-du-mont-blanc.fr\/?s={search_term_string}"},"query-input":{"@type":"PropertyValueSpecification","valueRequired":true,"valueName":"search_term_string"}}],"inLanguage":"en-US"},{"@type":"Organization","@id":"https:\/\/montgolfieres-du-mont-blanc.fr\/#organization","name":"Montgolfi\u00e8res du Mont-Blanc","url":"https:\/\/montgolfieres-du-mont-blanc.fr\/","logo":{"@type":"ImageObject","inLanguage":"en-US","@id":"https:\/\/montgolfieres-du-mont-blanc.fr\/#\/schema\/logo\/image\/","url":"https:\/\/montgolfieres-du-mont-blanc.fr\/wp-content\/uploads\/2024\/02\/logo-bdl.svg","contentUrl":"https:\/\/montgolfieres-du-mont-blanc.fr\/wp-content\/uploads\/2024\/02\/logo-bdl.svg","width":76,"height":101,"caption":"Montgolfi\u00e8res du Mont-Blanc"},"image":{"@id":"https:\/\/montgolfieres-du-mont-blanc.fr\/#\/schema\/logo\/image\/"},"sameAs":["https:\/\/www.facebook.com\/montgolfieresdumontblanc\/","https:\/\/www.instagram.com\/montgolfieresdumontblanc"]}]}},"wcpa_form_fields":{"wcpaData":{"product":{"product_price":0,"price_html":"<span class=\"woocommerce-Price-amount amount\"><bdi>0,00<span class=\"woocommerce-Price-currencySymbol\">&euro;<\/span><\/bdi><\/span><\/span>","original_product_price":0,"price_including_tax":0,"price_excluding_tax":0,"product_id":{"parent":952,"variation":false},"is_variable":false,"stock_status":"instock","stock_quantity":null,"parent_sku":"","product_attributes":[],"custom_fields":[],"is_taxable":true,"product_name":"Discovery Flight","hasImage":false},"fields":{"sec_765981972109f2":{"extra":{"key":"sec_765981972109f2","section_id":"sec_765981972109f2","name":"Default","status":1,"cl_rule":"show","enableCl":false,"relations":[],"toggle":true,"title_tag":"h3","show_title":false,"showPrice":"default","className":"","form_id":1017,"form_rules":{"exclude_from_discount":false,"fee_label":"Fee","disp_hide_options_price":true,"disp_show_section_price":false,"disp_show_field_price":false,"layout_option":"standard","pric_use_as_fee":false,"process_fee_as":"woo_fee"},"layout_option":"standard"},"fields":[[{"active":true,"col":6,"relations":false,"cl_rule":"show","enableCl":false,"price":"","enablePrice":false,"className":"","label_position":"default","desc_position":"default","type":"header","required":false,"elementId":"header_7838645881","label":"Set up your flight","subtype":"h3","error":false,"enableDesign":true,"LabelSize":"16","gt_translate_keys":["label"],"price_dependency":false,"cl_dependency":false,"value":""}],[{"active":true,"col":4,"relations":false,"cl_rule":"show","enableCl":false,"price":"","enablePrice":false,"className":"","label_position":"default","desc_position":"default","type":"header","required":false,"elementId":"header_9901883292","label":"Adult(s)","subtype":"h4","error":false,"gt_translate_keys":["label"],"price_dependency":false,"cl_dependency":false,"value":""},{"active":true,"col":1,"relations":false,"cl_rule":"show","enableCl":false,"price":"","enablePrice":true,"className":"","label_position":"disable","desc_position":"disable","type":"select","required":false,"elementId":"select_4668531541","label":"Adulte(s)","name":"select_4668531541","values":[{"label":"0","value":"0","selected":false,"tempId":"aco_633","price":"0","gt_translate_keys":["label"]},{"label":"1","value":"1","selected":true,"tempId":"aco_292","price":"349","gt_translate_keys":["label"]},{"label":"2","value":"2","selected":false,"tempId":"aco_293","price":"329","gt_translate_keys":["label"]},{"label":"3","value":"3","selected":false,"tempId":"aco_294","price":"319","gt_translate_keys":["label"]},{"label":"4","value":"4","selected":false,"tempId":"aco_367","price":"309","gt_translate_keys":["label"]},{"label":"5","value":"5","selected":false,"tempId":"aco_377","price":"299","gt_translate_keys":["label"]},{"label":"6","value":"6","selected":false,"tempId":"aco_387","price":"299","gt_translate_keys":["label"]},{"label":"7","value":"7","selected":false,"tempId":"aco_397","price":"299","gt_translate_keys":["label"]},{"label":"8","value":"8","selected":false,"tempId":"aco_407","price":"299","gt_translate_keys":["label"]}],"dropdown_type":"basic","error":false,"priceOptions":"different_for_all","pricingType":"multiply","description":"","enableDesign":false,"isWeightTemplate":false,"isTemplate":false,"min_quantity":"1","quantity_decimal":false,"quantity_step":"1","quantity_label":"Quantity","repeater_field_label":"{field_label}","repeater_bind":"","gt_translate_keys":["label","description","repeater_field_label","quantity_label"],"price_dependency":["radio_8225551590"],"cl_dependency":false,"value":""}],[{"label":"Child(ren) < 16 years old","active":true,"elementId":"header-3593503578","className":"","subtype":"h4","enableCl":false,"relations":false,"cl_rule":"show","col":4,"type":"header","error":false,"gt_translate_keys":["label"],"price_dependency":false,"cl_dependency":false,"value":""},{"label":"Enfant(s) -16 ans","active":true,"required":false,"elementId":"select-8571491058","dropdown_type":"basic","name":"select-8571491058","label_position":"disable","desc_position":"disable","enablePrice":true,"className":"","enableCl":false,"relations":false,"values":[{"label":"0","value":"0","selected":true,"tempId":"aco_633","price":"0","gt_translate_keys":["label"]},{"label":"1","value":"1","selected":false,"tempId":"aco_292","price":"195","gt_translate_keys":["label"]},{"label":"2","value":"2","selected":false,"tempId":"aco_293","price":"195","gt_translate_keys":["label"]},{"label":"3","value":"3","selected":false,"tempId":"aco_294","price":"195","gt_translate_keys":["label"]},{"label":"4","value":"4","selected":false,"tempId":"aco_367","price":"195","gt_translate_keys":["label"]}],"priceOptions":"different_for_all","pricingType":"multiply","price":"199","cl_rule":"show","col":1,"type":"select","error":false,"gt_translate_keys":["label"],"price_dependency":["radio_8225551590"],"cl_dependency":false,"value":""}],[{"label":"Senior(s) 65+","active":true,"elementId":"header-3877733579","className":"","subtype":"h4","enableCl":false,"relations":false,"cl_rule":"show","col":4,"type":"header","error":false,"gt_translate_keys":["label"],"price_dependency":false,"cl_dependency":false,"value":""},{"label":"Senior(s) +65 ans","active":true,"required":false,"elementId":"select-9401121398","dropdown_type":"basic","name":"select-9401121398","label_position":"disable","desc_position":"disable","enablePrice":true,"className":"","enableCl":false,"relations":false,"values":[{"label":"0","value":"0","selected":true,"tempId":"aco_633","price":"0","gt_translate_keys":["label"]},{"label":"1","value":"1","selected":false,"tempId":"aco_292","price":"299","gt_translate_keys":["label"]},{"label":"2","value":"2","selected":false,"tempId":"aco_293","price":"299","gt_translate_keys":["label"]},{"label":"3","value":"3","selected":false,"tempId":"aco_294","price":"299","gt_translate_keys":["label"]},{"label":"4","value":"4","selected":false,"tempId":"aco_367","price":"299","gt_translate_keys":["label"]}],"priceOptions":"different_for_all","pricingType":"multiply","price":"199","cl_rule":"show","col":1,"type":"select","error":false,"gt_translate_keys":["label"],"price_dependency":["radio_8225551590"],"cl_dependency":false,"value":""}],[{"active":true,"col":4,"relations":false,"cl_rule":"show","enableCl":false,"price":"","enablePrice":false,"className":"","label_position":"default","desc_position":"default","type":"header","required":false,"elementId":"header_8108608367","label":"Type of ticket","subtype":"h3","error":false,"enableDesign":true,"LabelSize":"16","gt_translate_keys":["label"],"price_dependency":false,"cl_dependency":false,"value":""}],[{"active":true,"col":5,"relations":false,"cl_rule":"show","enableCl":false,"price":"","enablePrice":true,"className":"option-billet-papier","label_position":"default","desc_position":"default","type":"radio-group","required":false,"elementId":"radio_0580501624","label":"Type of ticket","name":"radio_0580501624","values":[{"label":"Electronic Ticket (PDF)","value":"billet-electronique","selected":true,"tempId":"aco_1823","gt_translate_keys":["label"]},{"label":"Gift Voucher (9 \u20ac)","value":"billet-papier","selected":false,"tempId":"aco_52","tooltip":"Receive gift vouchers in the mail","price":"9","gt_translate_keys":["label","tooltip"]}],"layOut":"col-2","error":false,"checkUi":"","priceOptions":"different_for_all","pricingType":"fixed","options_tooltip":true,"enableDesign":false,"description":"","tooltip":"","isWeightTemplate":false,"isTemplate":false,"min_quantity":"1","quantity_decimal":false,"quantity_step":"1","quantity_label":"Quantity","repeater_field_label":"{field_label}","repeater_bind":"","gt_translate_keys":["label","description","tooltip","repeater_field_label","quantity_label"],"price_dependency":false,"cl_dependency":false,"value":""}],[{"label":"Bad Weather Cancellation Insurance","active":true,"elementId":"header-6051921262","className":"","subtype":"h3","enableCl":false,"relations":false,"cl_rule":"show","col":5,"type":"header","enableDesign":true,"error":false,"LabelSize":"16","gt_translate_keys":["label"],"price_dependency":false,"cl_dependency":false,"value":""},{"active":true,"col":1,"relations":false,"cl_rule":"show","enableCl":false,"price":"","enablePrice":false,"className":"","label_position":"default","desc_position":"default","type":"content","required":false,"elementId":"content_8158722500","label":"","name":"content_8158722500","contentType":"plain","value":"<img src=\"https:\/\/montgolfieres-du-mont-blanc.fr\/wp-content\/uploads\/2024\/02\/weather_rain_cloud_wind_cloudy_lightning.webp\" width=\"30\" height=\"30\" \/>","error":false,"isTemplate":false,"gt_translate_keys":["label","value"],"price_dependency":false,"cl_dependency":false}],[{"active":true,"col":5,"relations":false,"cl_rule":"show","enableCl":false,"price":"","enablePrice":true,"className":"","label_position":"default","desc_position":"default","type":"radio-group","required":false,"elementId":"radio_8225551590","label":"Bad Weather Cancellation Insurance","name":"radio_8225551590","values":[{"label":"Yes, insure me!","value":"option-1","selected":false,"tempId":"aco_657","tooltip":"Following a cancellation due to bad weather, and in the event that you have no other dates to reschedule your flight within the validity of the ticket, we will extend the ticket for a further 12 months or refund 100% of the ticket price. The value of the insurance, however, is non-refundable. Price: \u20ac29 per ticket, max \u20ac79 per order.","price":"(({field.select_4668531541.value}+{field.select-8571491058.value}+{field.select-9401121398.value})<3)?({field.select_4668531541.value}+{field.select-8571491058.value}+{field.select-9401121398.value})*29:79","formulaId":"fmla_1707389015851862681","gt_translate_keys":["label","tooltip"]},{"label":"No thanks","value":"option-2","selected":true,"tempId":"aco_658","gt_translate_keys":["label"]}],"layOut":"col-2","error":false,"checkUi":"","priceOptions":"different_for_all","pricingType":"custom","isTemplate":false,"options_tooltip":true,"isWeightTemplate":false,"min_quantity":"1","quantity_decimal":false,"quantity_step":"1","quantity_label":"Quantity","repeater_field_label":"{field_label}","repeater_bind":"","gt_translate_keys":["label","repeater_field_label","quantity_label"],"price_dependency":false,"cl_dependency":["content_3552791019"],"value":""},{"active":true,"col":1,"relations":[{"operator":false,"rules":[{"operator":false,"rules":{"cl_field":"radio_8225551590","cl_relation":"is","cl_val":"option-1"}}]}],"cl_rule":"show","enableCl":true,"price":"","enablePrice":false,"className":"","label_position":"default","desc_position":"default","type":"content","required":false,"elementId":"content_3552791019","label":"","name":"content_3552791019","contentType":"plain","value":"<img src=\"https:\/\/montgolfieres-du-mont-blanc.fr\/wp-content\/uploads\/2024\/02\/symbole-de-bouclier-vert.webp\" width=\"30\" height=\"30\" \/>","error":false,"isTemplate":false,"gt_translate_keys":["label","value"],"price_dependency":false,"cl_dependency":false}]]}},"config":{"price_override":"","enable_recaptcha":false,"bind_quantity":false,"quantity_bind_formula":false,"disp_summ_show_option_price":false,"disp_summ_show_product_price":false,"disp_summ_show_total_price":true,"disp_summ_show_fee":false,"disp_summ_show_discount":false,"summary_title":"","options_total_label":"Options Price","total_label":"Total","options_product_label":"Product Price","fee_label":"Fee","discount_label":"Discount","has_price":true,"has_quantity_formula":false},"mc_unit":1,"tax_rate":1,"tax_rate_real":0.2,"discount":{"percentage":0,"fixed":0},"design":{"conf":{"LabelPosition":"above","DescPosition":"below","UploadField":"custom_1","QuantityFieldStyle":"custom_1"},"css":{"LeftLabelWidth":"250px"}},"formulas":{"fmla_1707389015851862681":"((({field.select_4668531541.value}+{field.select-8571491058.value}+{field.select-9401121398.value})<3n)?(({field.select_4668531541.value}+{field.select-8571491058.value}+{field.select-9401121398.value})*29):(79))"},"lookuptables":[],"clones":false,"cartKey":false}},"_links":{"self":[{"href":"https:\/\/montgolfieres-du-mont-blanc.fr\/en\/wp-json\/wp\/v2\/product\/952","targetHints":{"allow":["GET"]}}],"collection":[{"href":"https:\/\/montgolfieres-du-mont-blanc.fr\/en\/wp-json\/wp\/v2\/product"}],"about":[{"href":"https:\/\/montgolfieres-du-mont-blanc.fr\/en\/wp-json\/wp\/v2\/types\/product"}],"wp:featuredmedia":[{"embeddable":true,"href":"https:\/\/montgolfieres-du-mont-blanc.fr\/en\/wp-json\/wp\/v2\/media\/1569"}],"wp:attachment":[{"href":"https:\/\/montgolfieres-du-mont-blanc.fr\/en\/wp-json\/wp\/v2\/media?parent=952"}],"wp:term":[{"taxonomy":"product_brand","embeddable":true,"href":"https:\/\/montgolfieres-du-mont-blanc.fr\/en\/wp-json\/wp\/v2\/product_brand?post=952"},{"taxonomy":"product_cat","embeddable":true,"href":"https:\/\/montgolfieres-du-mont-blanc.fr\/en\/wp-json\/wp\/v2\/product_cat?post=952"},{"taxonomy":"product_tag","embeddable":true,"href":"https:\/\/montgolfieres-du-mont-blanc.fr\/en\/wp-json\/wp\/v2\/product_tag?post=952"}],"curies":[{"name":"wp","href":"https:\/\/api.w.org\/{rel}","templated":true}]}}