{"id":960,"date":"2024-01-03T15:22:30","date_gmt":"2024-01-03T15:22:30","guid":{"rendered":"https:\/\/dev.montgolfieres-du-mont-blanc.frproduct\/long-distance-flight\/"},"modified":"2024-05-24T10:17:02","modified_gmt":"2024-05-24T10:17:02","slug":"long-distance-flight","status":"publish","type":"product","link":"https:\/\/montgolfieres-du-mont-blanc.fr\/en\/produit\/long-distance-flight\/","title":{"rendered":"Long distance Flight"},"content":{"rendered":"<div class=\"img\"><img loading=\"lazy\" decoding=\"async\" class=\"alignnone wp-image-612 \" src=\"https:\/\/montgolfieres-du-mont-blanc.fr\/wp-content\/uploads\/2024\/01\/picto_suisse-259x300-1-150x150.webp\" alt=\"\" width=\"48\" height=\"48\" srcset=\"https:\/\/montgolfieres-du-mont-blanc.fr\/wp-content\/uploads\/2024\/01\/picto_suisse-259x300-1-150x150.webp 150w, https:\/\/montgolfieres-du-mont-blanc.fr\/wp-content\/uploads\/2024\/01\/picto_suisse-259x300-1-100x100.webp 100w\" sizes=\"auto, (max-width: 48px) 100vw, 48px\" \/><\/div>\n","protected":false},"excerpt":{"rendered":"[gallery id=\"a059ebc3f9\"]\n<p>&nbsp;<\/p>\n<h2 style=\"text-align: left;\">  Flight description<\/h2>\n<p>&nbsp;<\/p>\n<p>Open-air long-haul flight at over 5,000 meters ! Starting from the Alps, the balloon will take you over the Swiss mountains\u2026 free as a bird, almost able to touch the snow on the mountains. Set off in search of the highest peaks and breathe the crisp air at high altitude. From this unique balcony, you will enjoy nature from a very different angle!<br \/>\nDepending on the day&#8217;s conditions, we&#8217;ll take off to the skies several thousand meters above the Alpine peaks. Discover the most beautiful snow-capped mountains and exceptional glaciers from a 360\u00b0 balcony. At over 5000m altitude, you&#8217;ll admire breathtaking scenery.<\/p>\n<p>The place of takeoff will be chosen 48 to 72 hours before the day of the flight, depending on the weather forecast.<br \/>\nYour experienced pilot will be assisted on board by a crew member to ensure your comfort<br \/>\nand safety.<\/p>\n<p>After our ascent, we will celebrate our flight in the purest aeronautical tradition\u2026 all this before enjoying a well-deserved dinner in a selected restaurant near our landing point.<\/p>\n<h2 id=\"video\" style=\"text-align: left;\"> Experience Overview<\/h2>\n[embed]https:\/\/www.ballons-du-leman.ch\/wp-content\/uploads\/2024\/01\/vol_montgolfiere_la_traversee_des_alpes_a_6000_m_daltitude-1.mp4[\/embed]\n","protected":false},"featured_media":762,"template":"","meta":{"_acf_changed":false,"_coblocks_attr":"","_coblocks_dimensions":"","_coblocks_responsive_height":"","_coblocks_accordion_ie_support":"","inline_featured_image":false},"product_brand":[],"product_cat":[42,44],"product_tag":[43],"class_list":{"0":"post-960","1":"product","2":"type-product","3":"status-publish","4":"has-post-thumbnail","6":"product_cat-our-flights","7":"product_cat-adventure-flight","8":"product_tag-highlight-en","9":"wcpa_has_options","11":"first","12":"instock","13":"taxable","14":"shipping-taxable","15":"purchasable","16":"product-type-simple"},"acf":[],"yoast_head":"<!-- This site is optimized with the Yoast SEO plugin v25.8 - https:\/\/yoast.com\/wordpress\/plugins\/seo\/ -->\n<title>Alpine hot-air balloon | Montgolfi\u00e8res du Mont-Blanc<\/title>\n<meta name=\"description\" content=\"Embark on a hot-air balloon crossing of the Alps: 3-4h flight at over 5000m, with oxygen, meal in Italy. Year-round adventure. Book now!\" \/>\n<meta name=\"robots\" content=\"index, follow, max-snippet:-1, max-image-preview:large, max-video-preview:-1\" \/>\n<link rel=\"canonical\" href=\"https:\/\/montgolfieres-du-mont-blanc.fr\/en\/produit\/long-distance-flight\/\" \/>\n<meta property=\"og:locale\" content=\"en_US\" \/>\n<meta property=\"og:type\" content=\"article\" \/>\n<meta property=\"og:title\" content=\"Alpine hot-air balloon | Montgolfi\u00e8res du Mont-Blanc\" \/>\n<meta property=\"og:description\" content=\"Embark on a hot-air balloon crossing of the Alps: 3-4h flight at over 5000m, with oxygen, meal in Italy. Year-round adventure. Book now!\" \/>\n<meta property=\"og:url\" content=\"https:\/\/montgolfieres-du-mont-blanc.fr\/en\/produit\/long-distance-flight\/\" \/>\n<meta property=\"og:site_name\" content=\"Montgolfi\u00e8res du Mont-Blanc\" \/>\n<meta property=\"article:publisher\" content=\"https:\/\/www.facebook.com\/montgolfieresdumontblanc\/\" \/>\n<meta property=\"article:modified_time\" content=\"2024-05-24T10:17:02+00:00\" \/>\n<meta property=\"og:image\" content=\"https:\/\/montgolfieres-du-mont-blanc.fr\/wp-content\/uploads\/2024\/01\/traversee-1.webp\" \/>\n\t<meta property=\"og:image:width\" content=\"1328\" \/>\n\t<meta property=\"og:image:height\" content=\"747\" \/>\n\t<meta property=\"og:image:type\" content=\"image\/webp\" \/>\n<meta name=\"twitter:card\" content=\"summary_large_image\" \/>\n<!-- \/ Yoast SEO plugin. -->","yoast_head_json":{"title":"Alpine hot-air balloon | Montgolfi\u00e8res du Mont-Blanc","description":"Embark on a hot-air balloon crossing of the Alps: 3-4h flight at over 5000m, with oxygen, meal in Italy. Year-round adventure. Book now!","robots":{"index":"index","follow":"follow","max-snippet":"max-snippet:-1","max-image-preview":"max-image-preview:large","max-video-preview":"max-video-preview:-1"},"canonical":"https:\/\/montgolfieres-du-mont-blanc.fr\/en\/produit\/long-distance-flight\/","og_locale":"en_US","og_type":"article","og_title":"Alpine hot-air balloon | Montgolfi\u00e8res du Mont-Blanc","og_description":"Embark on a hot-air balloon crossing of the Alps: 3-4h flight at over 5000m, with oxygen, meal in Italy. Year-round adventure. Book now!","og_url":"https:\/\/montgolfieres-du-mont-blanc.fr\/en\/produit\/long-distance-flight\/","og_site_name":"Montgolfi\u00e8res du Mont-Blanc","article_publisher":"https:\/\/www.facebook.com\/montgolfieresdumontblanc\/","article_modified_time":"2024-05-24T10:17:02+00:00","og_image":[{"width":1328,"height":747,"url":"https:\/\/montgolfieres-du-mont-blanc.fr\/wp-content\/uploads\/2024\/01\/traversee-1.webp","type":"image\/webp"}],"twitter_card":"summary_large_image","schema":{"@context":"https:\/\/schema.org","@graph":[{"@type":"WebPage","@id":"https:\/\/montgolfieres-du-mont-blanc.fr\/en\/produit\/long-distance-flight\/","url":"https:\/\/montgolfieres-du-mont-blanc.fr\/en\/produit\/long-distance-flight\/","name":"Alpine hot-air balloon | Montgolfi\u00e8res du Mont-Blanc","isPartOf":{"@id":"https:\/\/montgolfieres-du-mont-blanc.fr\/#website"},"primaryImageOfPage":{"@id":"https:\/\/montgolfieres-du-mont-blanc.fr\/en\/produit\/long-distance-flight\/#primaryimage"},"image":{"@id":"https:\/\/montgolfieres-du-mont-blanc.fr\/en\/produit\/long-distance-flight\/#primaryimage"},"thumbnailUrl":"https:\/\/montgolfieres-du-mont-blanc.fr\/wp-content\/uploads\/2024\/01\/traversee-1.webp","datePublished":"2024-01-03T15:22:30+00:00","dateModified":"2024-05-24T10:17:02+00:00","description":"Embark on a hot-air balloon crossing of the Alps: 3-4h flight at over 5000m, with oxygen, meal in Italy. Year-round adventure. Book now!","breadcrumb":{"@id":"https:\/\/montgolfieres-du-mont-blanc.fr\/en\/produit\/long-distance-flight\/#breadcrumb"},"inLanguage":"en-US","potentialAction":[{"@type":"ReadAction","target":["https:\/\/montgolfieres-du-mont-blanc.fr\/en\/produit\/long-distance-flight\/"]}]},{"@type":"ImageObject","inLanguage":"en-US","@id":"https:\/\/montgolfieres-du-mont-blanc.fr\/en\/produit\/long-distance-flight\/#primaryimage","url":"https:\/\/montgolfieres-du-mont-blanc.fr\/wp-content\/uploads\/2024\/01\/traversee-1.webp","contentUrl":"https:\/\/montgolfieres-du-mont-blanc.fr\/wp-content\/uploads\/2024\/01\/traversee-1.webp","width":1328,"height":747,"caption":"Notre ballon avant le d\u00e9collage"},{"@type":"BreadcrumbList","@id":"https:\/\/montgolfieres-du-mont-blanc.fr\/en\/produit\/long-distance-flight\/#breadcrumb","itemListElement":[{"@type":"ListItem","position":1,"name":"Accueil","item":"https:\/\/montgolfieres-du-mont-blanc.fr\/en\/"},{"@type":"ListItem","position":2,"name":"Shop","item":"https:\/\/montgolfieres-du-mont-blanc.fr\/en\/shop\/"},{"@type":"ListItem","position":3,"name":"Long distance Flight"}]},{"@type":"WebSite","@id":"https:\/\/montgolfieres-du-mont-blanc.fr\/#website","url":"https:\/\/montgolfieres-du-mont-blanc.fr\/","name":"Montgolfi\u00e8res du Mont-Blanc","description":"Vol en montgolfi\u00e8re au d\u00e9part de la Haute Savoie, Annecy, Jura, Chablais","publisher":{"@id":"https:\/\/montgolfieres-du-mont-blanc.fr\/#organization"},"potentialAction":[{"@type":"SearchAction","target":{"@type":"EntryPoint","urlTemplate":"https:\/\/montgolfieres-du-mont-blanc.fr\/?s={search_term_string}"},"query-input":{"@type":"PropertyValueSpecification","valueRequired":true,"valueName":"search_term_string"}}],"inLanguage":"en-US"},{"@type":"Organization","@id":"https:\/\/montgolfieres-du-mont-blanc.fr\/#organization","name":"Montgolfi\u00e8res du Mont-Blanc","url":"https:\/\/montgolfieres-du-mont-blanc.fr\/","logo":{"@type":"ImageObject","inLanguage":"en-US","@id":"https:\/\/montgolfieres-du-mont-blanc.fr\/#\/schema\/logo\/image\/","url":"https:\/\/montgolfieres-du-mont-blanc.fr\/wp-content\/uploads\/2024\/02\/logo-bdl.svg","contentUrl":"https:\/\/montgolfieres-du-mont-blanc.fr\/wp-content\/uploads\/2024\/02\/logo-bdl.svg","width":76,"height":101,"caption":"Montgolfi\u00e8res du Mont-Blanc"},"image":{"@id":"https:\/\/montgolfieres-du-mont-blanc.fr\/#\/schema\/logo\/image\/"},"sameAs":["https:\/\/www.facebook.com\/montgolfieresdumontblanc\/","https:\/\/www.instagram.com\/montgolfieresdumontblanc"]}]}},"wcpa_form_fields":{"wcpaData":{"product":{"product_price":0,"price_html":"<span class=\"woocommerce-Price-amount amount\"><bdi>0,00<span class=\"woocommerce-Price-currencySymbol\">&euro;<\/span><\/bdi><\/span><\/span>","original_product_price":0,"price_including_tax":0,"price_excluding_tax":0,"product_id":{"parent":960,"variation":false},"is_variable":false,"stock_status":"instock","stock_quantity":null,"parent_sku":"","product_attributes":[],"custom_fields":[],"is_taxable":true,"product_name":"Long distance Flight","hasImage":false},"fields":{"sec_365983d9c9a798":{"extra":{"key":"sec_365983d9c9a798","section_id":"sec_365983d9c9a798","name":"Default","status":1,"cl_rule":"show","enableCl":false,"relations":[],"toggle":true,"title_tag":"h3","show_title":false,"showPrice":"default","form_id":1024,"form_rules":{"exclude_from_discount":false,"fee_label":"Fee","disp_hide_options_price":true,"disp_show_section_price":false,"disp_show_field_price":false,"layout_option":"standard","pric_use_as_fee":false,"process_fee_as":"woo_fee"},"layout_option":"standard"},"fields":[[{"active":true,"col":5,"relations":false,"cl_rule":"show","enableCl":false,"price":"","enablePrice":false,"className":"","label_position":"default","desc_position":"default","type":"header","required":false,"elementId":"header_165983d9c9a7a9","label":"Set up your flight","subtype":"h3","error":false,"gt_translate_keys":["label"],"price_dependency":false,"cl_dependency":false,"value":""}],[{"active":true,"col":4,"relations":false,"cl_rule":"show","enableCl":false,"price":"","enablePrice":false,"className":"","label_position":"default","desc_position":"default","type":"header","required":false,"elementId":"header_165983d9c9a7b2","label":"Ticket(s)","subtype":"h4","error":false,"gt_translate_keys":["label"],"price_dependency":false,"cl_dependency":false,"value":""},{"active":true,"col":1,"relations":false,"cl_rule":"show","enableCl":false,"price":"","enablePrice":true,"className":"","label_position":"disable","desc_position":"disable","type":"select","required":false,"elementId":"select_565983d9c9a7b9","label":"Personne(s)","name":"select_565983d9c9a7b9","values":[{"label":"1","value":"1","selected":true,"tempId":"aco_4839","price":"1490","gt_translate_keys":["label"]},{"label":"2","value":"2","selected":false,"tempId":"aco_293","price":"1490","gt_translate_keys":["label"]},{"label":"3","value":"3","selected":false,"tempId":"aco_294","price":"1490","gt_translate_keys":["label"]},{"label":"4","value":"4","selected":false,"tempId":"aco_367","price":"1490","gt_translate_keys":["label"]},{"label":"5","value":"5","selected":false,"tempId":"aco_377","price":"1490","gt_translate_keys":["label"]}],"dropdown_type":"basic","error":false,"priceOptions":"different_for_all","pricingType":"multiply","description":"","enableDesign":false,"isWeightTemplate":false,"isTemplate":false,"min_quantity":"1","quantity_decimal":false,"quantity_step":"1","quantity_label":"Quantity","repeater_field_label":"{field_label}","repeater_bind":"","gt_translate_keys":["label","description","repeater_field_label","quantity_label"],"price_dependency":false,"cl_dependency":false,"value":""}],[{"label":"Type of ticket","active":true,"elementId":"header-5180268494","className":"","subtype":"h3","enableCl":false,"relations":false,"cl_rule":"show","col":5,"type":"header","error":false,"gt_translate_keys":["label"],"price_dependency":false,"cl_dependency":false,"value":""}],[{"active":true,"col":5,"relations":false,"cl_rule":"show","enableCl":false,"price":"","enablePrice":true,"className":"option-billet-papier","label_position":"default","desc_position":"default","type":"radio-group","required":false,"elementId":"radio-group_965983d9c9a7c2","label":"Type of ticket","name":"radio-group_965983d9c9a7c2","values":[{"label":"Electronic ticket","value":"billet-electronique","selected":false,"tempId":"aco_439","gt_translate_keys":["label"]},{"label":"Pochette cadeau (9\u20ac)","value":"billet-papier","selected":false,"tempId":"aco_508","tooltip":"Recevez vos billets dans une pochette cadeau pr\u00eate \u00e0 offrir (\u20ac9)","price":"9","gt_translate_keys":["label","tooltip"]}],"layOut":"inline","error":false,"checkUi":"","priceOptions":"different_for_all","pricingType":"fixed","options_tooltip":true,"enableDesign":false,"isWeightTemplate":false,"isTemplate":false,"min_quantity":"1","quantity_decimal":false,"quantity_step":"1","quantity_label":"Quantity","repeater_field_label":"{field_label}","repeater_bind":"","gt_translate_keys":["label","repeater_field_label","quantity_label"],"price_dependency":false,"cl_dependency":false,"value":""}]]}},"config":{"price_override":"","enable_recaptcha":false,"bind_quantity":false,"quantity_bind_formula":false,"disp_summ_show_option_price":false,"disp_summ_show_product_price":false,"disp_summ_show_total_price":true,"disp_summ_show_fee":false,"disp_summ_show_discount":false,"summary_title":"","options_total_label":"Options Price","total_label":"Total","options_product_label":"Product Price","fee_label":"Fee","discount_label":"Discount","has_price":true,"has_quantity_formula":false},"mc_unit":1,"tax_rate":1,"tax_rate_real":0.2,"discount":{"percentage":0,"fixed":0},"design":{"conf":{"LabelPosition":"above","DescPosition":"below","UploadField":"custom_1","QuantityFieldStyle":"custom_1"},"css":{"LeftLabelWidth":"250px"}},"formulas":[],"lookuptables":[],"clones":false,"cartKey":false}},"_links":{"self":[{"href":"https:\/\/montgolfieres-du-mont-blanc.fr\/en\/wp-json\/wp\/v2\/product\/960","targetHints":{"allow":["GET"]}}],"collection":[{"href":"https:\/\/montgolfieres-du-mont-blanc.fr\/en\/wp-json\/wp\/v2\/product"}],"about":[{"href":"https:\/\/montgolfieres-du-mont-blanc.fr\/en\/wp-json\/wp\/v2\/types\/product"}],"wp:featuredmedia":[{"embeddable":true,"href":"https:\/\/montgolfieres-du-mont-blanc.fr\/en\/wp-json\/wp\/v2\/media\/762"}],"wp:attachment":[{"href":"https:\/\/montgolfieres-du-mont-blanc.fr\/en\/wp-json\/wp\/v2\/media?parent=960"}],"wp:term":[{"taxonomy":"product_brand","embeddable":true,"href":"https:\/\/montgolfieres-du-mont-blanc.fr\/en\/wp-json\/wp\/v2\/product_brand?post=960"},{"taxonomy":"product_cat","embeddable":true,"href":"https:\/\/montgolfieres-du-mont-blanc.fr\/en\/wp-json\/wp\/v2\/product_cat?post=960"},{"taxonomy":"product_tag","embeddable":true,"href":"https:\/\/montgolfieres-du-mont-blanc.fr\/en\/wp-json\/wp\/v2\/product_tag?post=960"}],"curies":[{"name":"wp","href":"https:\/\/api.w.org\/{rel}","templated":true}]}}