{"id":962,"date":"2024-01-09T12:28:48","date_gmt":"2024-01-09T12:28:48","guid":{"rendered":"https:\/\/dev.montgolfieres-du-mont-blanc.frproduct\/extension-of-validity-to-48-months\/"},"modified":"2024-02-10T11:03:30","modified_gmt":"2024-02-10T11:03:30","slug":"extension-of-validity-to-48-months","status":"publish","type":"product","link":"https:\/\/montgolfieres-du-mont-blanc.fr\/en\/produit\/extension-of-validity-to-48-months\/","title":{"rendered":"Extension of validity to 48 months"},"content":{"rendered":"","protected":false},"excerpt":{"rendered":"","protected":false},"featured_media":505,"template":"","meta":{"_acf_changed":false,"_coblocks_attr":"","_coblocks_dimensions":"","_coblocks_responsive_height":"","_coblocks_accordion_ie_support":"","inline_featured_image":false},"product_brand":[],"product_cat":[47],"product_tag":[],"class_list":{"0":"post-962","1":"product","2":"type-product","3":"status-publish","4":"has-post-thumbnail","6":"product_cat-options-en","8":"first","9":"instock","10":"virtual","11":"taxable","12":"purchasable","13":"product-type-simple"},"acf":[],"yoast_head":"<!-- This site is optimized with the Yoast SEO plugin v25.8 - https:\/\/yoast.com\/wordpress\/plugins\/seo\/ -->\n<title>Extension of validity to 48 months | Montgolfi\u00e8res du Mont-Blanc<\/title>\n<meta name=\"robots\" content=\"index, follow, max-snippet:-1, max-image-preview:large, max-video-preview:-1\" \/>\n<link rel=\"canonical\" href=\"https:\/\/montgolfieres-du-mont-blanc.fr\/en\/produit\/extension-of-validity-to-48-months\/\" \/>\n<meta property=\"og:locale\" content=\"en_US\" \/>\n<meta property=\"og:type\" content=\"article\" \/>\n<meta property=\"og:title\" content=\"Extension of validity to 48 months | Montgolfi\u00e8res du Mont-Blanc\" \/>\n<meta property=\"og:url\" content=\"https:\/\/montgolfieres-du-mont-blanc.fr\/en\/produit\/extension-of-validity-to-48-months\/\" \/>\n<meta property=\"og:site_name\" content=\"Montgolfi\u00e8res du Mont-Blanc\" \/>\n<meta property=\"article:publisher\" content=\"https:\/\/www.facebook.com\/montgolfieresdumontblanc\/\" \/>\n<meta property=\"article:modified_time\" content=\"2024-02-10T11:03:30+00:00\" \/>\n<meta property=\"og:image\" content=\"https:\/\/montgolfieres-du-mont-blanc.fr\/wp-content\/uploads\/2024\/02\/6-scaled.jpg\" \/>\n\t<meta property=\"og:image:width\" content=\"2560\" \/>\n\t<meta property=\"og:image:height\" content=\"1920\" \/>\n\t<meta property=\"og:image:type\" content=\"image\/jpeg\" \/>\n<meta name=\"twitter:card\" content=\"summary_large_image\" \/>\n<!-- \/ Yoast SEO plugin. -->","yoast_head_json":{"title":"Extension of validity to 48 months | Montgolfi\u00e8res du Mont-Blanc","robots":{"index":"index","follow":"follow","max-snippet":"max-snippet:-1","max-image-preview":"max-image-preview:large","max-video-preview":"max-video-preview:-1"},"canonical":"https:\/\/montgolfieres-du-mont-blanc.fr\/en\/produit\/extension-of-validity-to-48-months\/","og_locale":"en_US","og_type":"article","og_title":"Extension of validity to 48 months | Montgolfi\u00e8res du Mont-Blanc","og_url":"https:\/\/montgolfieres-du-mont-blanc.fr\/en\/produit\/extension-of-validity-to-48-months\/","og_site_name":"Montgolfi\u00e8res du Mont-Blanc","article_publisher":"https:\/\/www.facebook.com\/montgolfieresdumontblanc\/","article_modified_time":"2024-02-10T11:03:30+00:00","og_image":[{"width":2560,"height":1920,"url":"https:\/\/montgolfieres-du-mont-blanc.fr\/wp-content\/uploads\/2024\/02\/6-scaled.jpg","type":"image\/jpeg"}],"twitter_card":"summary_large_image","schema":{"@context":"https:\/\/schema.org","@graph":[{"@type":"WebPage","@id":"https:\/\/montgolfieres-du-mont-blanc.fr\/en\/produit\/extension-of-validity-to-48-months\/","url":"https:\/\/montgolfieres-du-mont-blanc.fr\/en\/produit\/extension-of-validity-to-48-months\/","name":"Extension of validity to 48 months | Montgolfi\u00e8res du Mont-Blanc","isPartOf":{"@id":"https:\/\/montgolfieres-du-mont-blanc.fr\/#website"},"primaryImageOfPage":{"@id":"https:\/\/montgolfieres-du-mont-blanc.fr\/en\/produit\/extension-of-validity-to-48-months\/#primaryimage"},"image":{"@id":"https:\/\/montgolfieres-du-mont-blanc.fr\/en\/produit\/extension-of-validity-to-48-months\/#primaryimage"},"thumbnailUrl":"https:\/\/montgolfieres-du-mont-blanc.fr\/wp-content\/uploads\/2024\/01\/extension.svg","datePublished":"2024-01-09T12:28:48+00:00","dateModified":"2024-02-10T11:03:30+00:00","breadcrumb":{"@id":"https:\/\/montgolfieres-du-mont-blanc.fr\/en\/produit\/extension-of-validity-to-48-months\/#breadcrumb"},"inLanguage":"en-US","potentialAction":[{"@type":"ReadAction","target":["https:\/\/montgolfieres-du-mont-blanc.fr\/en\/produit\/extension-of-validity-to-48-months\/"]}]},{"@type":"ImageObject","inLanguage":"en-US","@id":"https:\/\/montgolfieres-du-mont-blanc.fr\/en\/produit\/extension-of-validity-to-48-months\/#primaryimage","url":"https:\/\/montgolfieres-du-mont-blanc.fr\/wp-content\/uploads\/2024\/01\/extension.svg","contentUrl":"https:\/\/montgolfieres-du-mont-blanc.fr\/wp-content\/uploads\/2024\/01\/extension.svg","width":88,"height":101,"caption":"Logo extension de validit\u00e9"},{"@type":"BreadcrumbList","@id":"https:\/\/montgolfieres-du-mont-blanc.fr\/en\/produit\/extension-of-validity-to-48-months\/#breadcrumb","itemListElement":[{"@type":"ListItem","position":1,"name":"Accueil","item":"https:\/\/montgolfieres-du-mont-blanc.fr\/en\/"},{"@type":"ListItem","position":2,"name":"Shop","item":"https:\/\/montgolfieres-du-mont-blanc.fr\/en\/shop\/"},{"@type":"ListItem","position":3,"name":"Extension of validity to 48 months"}]},{"@type":"WebSite","@id":"https:\/\/montgolfieres-du-mont-blanc.fr\/#website","url":"https:\/\/montgolfieres-du-mont-blanc.fr\/","name":"Montgolfi\u00e8res du Mont-Blanc","description":"Vol en montgolfi\u00e8re au d\u00e9part de la Haute Savoie, Annecy, Jura, Chablais","publisher":{"@id":"https:\/\/montgolfieres-du-mont-blanc.fr\/#organization"},"potentialAction":[{"@type":"SearchAction","target":{"@type":"EntryPoint","urlTemplate":"https:\/\/montgolfieres-du-mont-blanc.fr\/?s={search_term_string}"},"query-input":{"@type":"PropertyValueSpecification","valueRequired":true,"valueName":"search_term_string"}}],"inLanguage":"en-US"},{"@type":"Organization","@id":"https:\/\/montgolfieres-du-mont-blanc.fr\/#organization","name":"Montgolfi\u00e8res du Mont-Blanc","url":"https:\/\/montgolfieres-du-mont-blanc.fr\/","logo":{"@type":"ImageObject","inLanguage":"en-US","@id":"https:\/\/montgolfieres-du-mont-blanc.fr\/#\/schema\/logo\/image\/","url":"https:\/\/montgolfieres-du-mont-blanc.fr\/wp-content\/uploads\/2024\/02\/logo-bdl.svg","contentUrl":"https:\/\/montgolfieres-du-mont-blanc.fr\/wp-content\/uploads\/2024\/02\/logo-bdl.svg","width":76,"height":101,"caption":"Montgolfi\u00e8res du Mont-Blanc"},"image":{"@id":"https:\/\/montgolfieres-du-mont-blanc.fr\/#\/schema\/logo\/image\/"},"sameAs":["https:\/\/www.facebook.com\/montgolfieresdumontblanc\/","https:\/\/www.instagram.com\/montgolfieresdumontblanc"]}]}},"wcpa_form_fields":null,"_links":{"self":[{"href":"https:\/\/montgolfieres-du-mont-blanc.fr\/en\/wp-json\/wp\/v2\/product\/962","targetHints":{"allow":["GET"]}}],"collection":[{"href":"https:\/\/montgolfieres-du-mont-blanc.fr\/en\/wp-json\/wp\/v2\/product"}],"about":[{"href":"https:\/\/montgolfieres-du-mont-blanc.fr\/en\/wp-json\/wp\/v2\/types\/product"}],"wp:featuredmedia":[{"embeddable":true,"href":"https:\/\/montgolfieres-du-mont-blanc.fr\/en\/wp-json\/wp\/v2\/media\/505"}],"wp:attachment":[{"href":"https:\/\/montgolfieres-du-mont-blanc.fr\/en\/wp-json\/wp\/v2\/media?parent=962"}],"wp:term":[{"taxonomy":"product_brand","embeddable":true,"href":"https:\/\/montgolfieres-du-mont-blanc.fr\/en\/wp-json\/wp\/v2\/product_brand?post=962"},{"taxonomy":"product_cat","embeddable":true,"href":"https:\/\/montgolfieres-du-mont-blanc.fr\/en\/wp-json\/wp\/v2\/product_cat?post=962"},{"taxonomy":"product_tag","embeddable":true,"href":"https:\/\/montgolfieres-du-mont-blanc.fr\/en\/wp-json\/wp\/v2\/product_tag?post=962"}],"curies":[{"name":"wp","href":"https:\/\/api.w.org\/{rel}","templated":true}]}}